{"id":11070,"date":"2021-10-12T09:44:38","date_gmt":"2021-10-12T02:44:38","guid":{"rendered":"https:\/\/new.blueplanetdivers.net\/go-pro\/"},"modified":"2025-04-05T13:25:15","modified_gmt":"2025-04-05T06:25:15","slug":"go-pro","status":"publish","type":"page","link":"https:\/\/blueplanetdivers.net\/fr\/toutes-les-sorties-et-cours\/cours-de-plongee-sous-marine\/devenez-pro-padi\/","title":{"rendered":"Go Pro!"},"content":{"rendered":"<div id=\"pl-11070\"  class=\"panel-layout\" ><div id=\"pg-11070-0\"  class=\"panel-grid panel-no-style\" ><div id=\"pgc-11070-0-0\"  class=\"panel-grid-cell\" ><div id=\"panel-11070-0-0-0\" class=\"so-panel widget widget_sow-editor panel-first-child panel-last-child\" data-index=\"0\" ><div\n\t\t\t\n\t\t\tclass=\"so-widget-sow-editor so-widget-sow-editor-base\"\n\t\t\t\n\t\t>\n<div class=\"siteorigin-widget-tinymce textwidget\">\n\t<p><img loading=\"lazy\" decoding=\"async\" class=\"aligncenter wp-image-7343 size-full\" src=\"https:\/\/blueplanetdivers.net\/wp-content\/uploads\/2021\/07\/become_professional_divemaster_instructor_thailand.jpg\" alt=\"\" width=\"1200\" height=\"351\" srcset=\"https:\/\/blueplanetdivers.net\/wp-content\/uploads\/2021\/07\/become_professional_divemaster_instructor_thailand.jpg 1200w, https:\/\/blueplanetdivers.net\/wp-content\/uploads\/2021\/07\/become_professional_divemaster_instructor_thailand-300x88.jpg 300w, https:\/\/blueplanetdivers.net\/wp-content\/uploads\/2021\/07\/become_professional_divemaster_instructor_thailand-1024x300.jpg 1024w, https:\/\/blueplanetdivers.net\/wp-content\/uploads\/2021\/07\/become_professional_divemaster_instructor_thailand-768x225.jpg 768w, https:\/\/blueplanetdivers.net\/wp-content\/uploads\/2021\/07\/become_professional_divemaster_instructor_thailand-540x158.jpg 540w, https:\/\/blueplanetdivers.net\/wp-content\/uploads\/2021\/07\/become_professional_divemaster_instructor_thailand-600x176.jpg 600w\" sizes=\"auto, (max-width: 1200px) 100vw, 1200px\" \/><\/p>\n<h3 style=\"text-align: center;\">Avez-vous d\u00e9j\u00e0 r\u00eav\u00e9 de changer votre style de vie?<\/h3>\n<p style=\"text-align: center;\">Blue Planet Divers bas\u00e9 \u00e0 Koh Lanta, en Tha\u00eflande, s'est toujours consacr\u00e9 \u00e0 l'organisation de cours hautement professionnels PADI. Nous faisons en sorte qu'ils soient aussi amusants et engageants. Notre \u00e9quipe amicale a le potentiel d'enseigner le meilleur de leurs comp\u00e9tences.<\/p>\n<\/div>\n<\/div><\/div><\/div><\/div><div id=\"pg-11070-1\"  class=\"panel-grid panel-no-style\" ><div id=\"pgc-11070-1-0\"  class=\"panel-grid-cell\" ><div id=\"panel-11070-1-0-0\" class=\"so-panel widget widget_sow-editor panel-first-child panel-last-child\" data-index=\"1\" ><div\n\t\t\t\n\t\t\tclass=\"so-widget-sow-editor so-widget-sow-editor-base\"\n\t\t\t\n\t\t>\n<div class=\"siteorigin-widget-tinymce textwidget\">\n\t<hr class=\"hr--dotted\" \/>\n<h3 style=\"text-align: center;\">Exp\u00e9riences de plong\u00e9e \u00e0 Koh Lanta !<\/h3>\n<p style=\"text-align: center;\">Nous sommes des plongeurs douer qui aiment tout donner. Notre centre est situ\u00e9 sur une zones de plong\u00e9e des plus recherch\u00e9es en Tha\u00eflande. Koh Lanta est une \u00eele tropicale naturelle et \u00e9tonnante qui convient parfaitement pour un changement total de vie.<\/p>\n<\/div>\n<\/div><\/div><\/div><\/div><div id=\"pg-11070-2\"  class=\"panel-grid panel-no-style\" ><div id=\"pgc-11070-2-0\"  class=\"panel-grid-cell\" ><div id=\"panel-11070-2-0-0\" class=\"so-panel widget widget_sow-editor panel-first-child\" data-index=\"2\" ><div\n\t\t\t\n\t\t\tclass=\"so-widget-sow-editor so-widget-sow-editor-base\"\n\t\t\t\n\t\t>\n<div class=\"siteorigin-widget-tinymce textwidget\">\n\t<h3 style=\"text-align: left;\"><span class=\"TextRun SCX67306600\" lang=\"EN-US\" xml:lang=\"EN-US\"><span class=\"NormalTextRun SCX67306600\">Cours de Divemaster SSI<\/span><\/span><\/h3>\n<p>&nbsp;<\/p>\n<p><img loading=\"lazy\" decoding=\"async\" class=\"aligncenter wp-image-7357 size-full\" src=\"https:\/\/blueplanetdivers.net\/wp-content\/uploads\/2021\/07\/divemaster_program_course_koh_lanta_thailand.jpg\" alt=\"\" width=\"864\" height=\"486\" srcset=\"https:\/\/blueplanetdivers.net\/wp-content\/uploads\/2021\/07\/divemaster_program_course_koh_lanta_thailand.jpg 864w, https:\/\/blueplanetdivers.net\/wp-content\/uploads\/2021\/07\/divemaster_program_course_koh_lanta_thailand-300x169.jpg 300w, https:\/\/blueplanetdivers.net\/wp-content\/uploads\/2021\/07\/divemaster_program_course_koh_lanta_thailand-768x432.jpg 768w, https:\/\/blueplanetdivers.net\/wp-content\/uploads\/2021\/07\/divemaster_program_course_koh_lanta_thailand-540x304.jpg 540w, https:\/\/blueplanetdivers.net\/wp-content\/uploads\/2021\/07\/divemaster_program_course_koh_lanta_thailand-352x198.jpg 352w, https:\/\/blueplanetdivers.net\/wp-content\/uploads\/2021\/07\/divemaster_program_course_koh_lanta_thailand-360x204.jpg 360w, https:\/\/blueplanetdivers.net\/wp-content\/uploads\/2021\/07\/divemaster_program_course_koh_lanta_thailand-600x338.jpg 600w\" sizes=\"auto, (max-width: 864px) 100vw, 864px\" \/><\/p>\n<\/div>\n<\/div><\/div><div id=\"panel-11070-2-0-1\" class=\"so-panel widget widget_sow-editor panel-last-child\" data-index=\"3\" ><div\n\t\t\t\n\t\t\tclass=\"so-widget-sow-editor so-widget-sow-editor-base\"\n\t\t\t\n\t\t>\n<div class=\"siteorigin-widget-tinymce textwidget\">\n\t<h4 style=\"text-align: left;\"><\/h4>\n<p align=\"justify\">Notre objectif est de vous aider \u00e0 d\u00e9velopper les connaissances, l'exp\u00e9rience, les comp\u00e9tences et les attributs qui feront de vous un excellent Divemaster. Nous vous pemettrons aussi de mieux vous pr\u00e9parer pour votre cours d'instructeur.<\/p>\n<p style=\"text-align: left;\"><span style=\"color: #888888;\"><strong><span class=\"icon-container\"><span class=\"fa fa-check\" style=\"color:#d80019;\"><\/span><\/span> A partir de 18 ans !<\/strong><\/span><\/p>\n<p style=\"text-align: left;\"><span style=\"color: #888888;\"><strong><span class=\"icon-container\"><span class=\"fa fa-check\" style=\"color:#d80019;\"><\/span><\/span> Pas de cours de courte dur\u00e9e<\/strong><\/span><\/p>\n<p style=\"text-align: left;\"><span style=\"color: #888888;\"><strong><span class=\"icon-container\"><span class=\"fa fa-check\" style=\"color:#d80019;\"><\/span><\/span> Obtenez un mentor \u00e9pique<\/strong><\/span><\/p>\n<p><span style=\"color: #888888;\"><strong><span class=\"icon-container\"><span class=\"fa fa-check\" style=\"color:#d80019;\"><\/span><\/span> Exp\u00e9rimentez et apprenez jusqu'\u00e0 ce que vous deveniez PRO<\/strong><\/span><\/p>\n<p><span style=\"color: #888888;\"><strong><span class=\"icon-container\"><span class=\"fa fa-check\" style=\"color:#d80019;\"><\/span><\/span> Au minimum 1 mois<\/strong><\/span><\/p>\n<hr class=\"hr--dotted\" \/>\n<a class=\"btn  btn-primary\" href=\"https:\/\/blueplanetdivers.net\/fr\/toutes-les-sorties-et-cours\/cours-de-plongee-sous-marine\/devenez-pro-padi\/cours-divemaster\/\" target=\"_self\"> APPRENDRE ENCORE PLUS<\/a>\n<\/div>\n<\/div><\/div><\/div><div id=\"pgc-11070-2-1\"  class=\"panel-grid-cell\" ><div id=\"panel-11070-2-1-0\" class=\"so-panel widget widget_sow-editor panel-first-child\" data-index=\"4\" ><div\n\t\t\t\n\t\t\tclass=\"so-widget-sow-editor so-widget-sow-editor-base\"\n\t\t\t\n\t\t>\n<div class=\"siteorigin-widget-tinymce textwidget\">\n\t<h3><span class=\"TextRun SCX227670647\" lang=\"{wpml_trans_unit_6_0_0_0_-1_0}\" xml:lang=\"{wpml_trans_unit_6_0_0_0_-1_1}\"><span class=\"NormalTextRun SCX227670647\">SSI<\/span><\/span><span class=\"TextRun SCX227670647\" lang=\"EN-US\" xml:lang=\"EN-US\"><span class=\"NormalTextRun SCX227670647\"> Cours d'instructeur (ITC)<\/span><\/span><\/h3>\n<p>&nbsp;<\/p>\n<p><img loading=\"lazy\" decoding=\"async\" class=\"wp-image-7362 size-full\" src=\"https:\/\/blueplanetdivers.net\/wp-content\/uploads\/2021\/07\/fun_professional_instructor_koh_lanta_thailand.jpg\" alt=\"\" width=\"864\" height=\"486\" srcset=\"https:\/\/blueplanetdivers.net\/wp-content\/uploads\/2021\/07\/fun_professional_instructor_koh_lanta_thailand.jpg 864w, https:\/\/blueplanetdivers.net\/wp-content\/uploads\/2021\/07\/fun_professional_instructor_koh_lanta_thailand-300x169.jpg 300w, https:\/\/blueplanetdivers.net\/wp-content\/uploads\/2021\/07\/fun_professional_instructor_koh_lanta_thailand-768x432.jpg 768w, https:\/\/blueplanetdivers.net\/wp-content\/uploads\/2021\/07\/fun_professional_instructor_koh_lanta_thailand-540x304.jpg 540w, https:\/\/blueplanetdivers.net\/wp-content\/uploads\/2021\/07\/fun_professional_instructor_koh_lanta_thailand-352x198.jpg 352w, https:\/\/blueplanetdivers.net\/wp-content\/uploads\/2021\/07\/fun_professional_instructor_koh_lanta_thailand-360x204.jpg 360w, https:\/\/blueplanetdivers.net\/wp-content\/uploads\/2021\/07\/fun_professional_instructor_koh_lanta_thailand-600x338.jpg 600w\" sizes=\"auto, (max-width: 864px) 100vw, 864px\" \/><\/p>\n<\/div>\n<\/div><\/div><div id=\"panel-11070-2-1-1\" class=\"so-panel widget widget_sow-editor panel-last-child\" data-index=\"5\" ><div\n\t\t\t\n\t\t\tclass=\"so-widget-sow-editor so-widget-sow-editor-base\"\n\t\t\t\n\t\t>\n<div class=\"siteorigin-widget-tinymce textwidget\">\n\t<h4><\/h4>\n<p align=\"justify\">Nous nous soucions de cr\u00e9er des instructeurs tr\u00e8s employables, amusants et comp\u00e9tents. Notre directeur de cours multilingue vous aidera \u00e0 gagner en confiance et vous m\u00e8nera \u00e0 un ITC r\u00e9ussi.<\/p>\n<p style=\"text-align: left;\"><span style=\"color: #888888;\"><strong><span class=\"icon-container\"><span class=\"fa fa-check\" style=\"color:#d80019;\"><\/span><\/span> A partir de 18 ans !<\/strong><\/span><\/p>\n<p style=\"text-align: left;\"><span style=\"color: #888888;\"><strong><span class=\"icon-container\"><span class=\"fa fa-check\" style=\"color:#d80019;\"><\/span><\/span> Assister nos principaux instructeurs<\/strong><\/span><\/p>\n<p style=\"text-align: left;\"><span style=\"color: #888888;\"><strong><span class=\"icon-container\"><span class=\"fa fa-check\" style=\"color:#d80019;\"><\/span><\/span> Directeur de cours le mieux not\u00e9<\/strong><\/span><\/p>\n<p><span style=\"color: #888888;\"><strong><span class=\"icon-container\"><span class=\"fa fa-check\" style=\"color:#d80019;\"><\/span><\/span> Devenez un instructeur fiable<\/strong><\/span><\/p>\n<p><span style=\"color: #888888;\"><strong><span class=\"icon-container\"><span class=\"fa fa-check\" style=\"color:#d80019;\"><\/span><\/span> Cours de deux semaines<\/strong><\/span><\/p>\n<hr class=\"hr--dotted\" \/>\n<a class=\"btn  btn-primary\" href=\"https:\/\/blueplanetdivers.net\/scuba-diving-koh-lanta\/diving-courses\/go-pro-padi-courses\/padi-instructor-development-course\/\" target=\"_self\"> APPRENDRE ENCORE PLUS<\/a>\n<\/div>\n<\/div><\/div><\/div><\/div><div id=\"pg-11070-3\"  class=\"panel-grid panel-no-style\" ><div id=\"pgc-11070-3-0\"  class=\"panel-grid-cell\" ><div id=\"panel-11070-3-0-0\" class=\"so-panel widget widget_sow-video panel-first-child panel-last-child\" data-index=\"6\" ><div\n\t\t\t\n\t\t\tclass=\"so-widget-sow-video so-widget-sow-video-default-f379b959fc93-11070\"\n\t\t\t\n\t\t>\n<div class=\"sow-video-wrapper\n\">\n\t\t\t<video\n\t\t\tid=\"sow-player-1\" class=\"sow-video-widget\" preload=\"auto\" style=\"width:100%;height:100%;\" controls \t\t>\n\t\t\t\t\t\t\t<source type=\"\" src=\"https:\/\/www.youtube.com\/watch?v=ut1U4pdxySY&#038;pp=sAQA\"\/>\n\t\t\t\t\t<\/video>\n\t<\/div>\n<\/div><\/div><\/div><\/div><div id=\"pg-11070-4\"  class=\"panel-grid panel-no-style\" ><div id=\"pgc-11070-4-0\"  class=\"panel-grid-cell\" ><div id=\"panel-11070-4-0-0\" class=\"so-panel widget widget_sow-editor panel-first-child\" data-index=\"7\" ><div\n\t\t\t\n\t\t\tclass=\"so-widget-sow-editor so-widget-sow-editor-base\"\n\t\t\t\n\t\t>\n<div class=\"siteorigin-widget-tinymce textwidget\">\n\t<p><img loading=\"lazy\" decoding=\"async\" class=\"aligncenter wp-image-7352 size-full\" src=\"https:\/\/blueplanetdivers.net\/wp-content\/uploads\/2021\/07\/fun_professional_divemaster_instructor_thailand.jpg\" alt=\"\" width=\"1200\" height=\"351\" srcset=\"https:\/\/blueplanetdivers.net\/wp-content\/uploads\/2021\/07\/fun_professional_divemaster_instructor_thailand.jpg 1200w, https:\/\/blueplanetdivers.net\/wp-content\/uploads\/2021\/07\/fun_professional_divemaster_instructor_thailand-300x88.jpg 300w, https:\/\/blueplanetdivers.net\/wp-content\/uploads\/2021\/07\/fun_professional_divemaster_instructor_thailand-1024x300.jpg 1024w, https:\/\/blueplanetdivers.net\/wp-content\/uploads\/2021\/07\/fun_professional_divemaster_instructor_thailand-768x225.jpg 768w, https:\/\/blueplanetdivers.net\/wp-content\/uploads\/2021\/07\/fun_professional_divemaster_instructor_thailand-540x158.jpg 540w, https:\/\/blueplanetdivers.net\/wp-content\/uploads\/2021\/07\/fun_professional_divemaster_instructor_thailand-600x176.jpg 600w\" sizes=\"auto, (max-width: 1200px) 100vw, 1200px\" \/><\/p>\n<\/div>\n<\/div><\/div><div id=\"panel-11070-4-0-1\" class=\"so-panel widget widget_sow-button panel-last-child\" data-index=\"8\" ><div\n\t\t\t\n\t\t\tclass=\"so-widget-sow-button so-widget-sow-button-atom-f3c7305f79a7-11070\"\n\t\t\t\n\t\t><div class=\"ow-button-base ow-button-align-center\"\n>\n\t\t\t<a\n\t\t\t\t\thref=\"https:\/\/blueplanetdivers.net\/fr\/?page_id=11113\"\n\t\t\t\t\tclass=\"sowb-button ow-icon-placement-left ow-button-hover\" \t>\n\t\t<span>\n\t\t\t\n\t\t\tNous contacter\t\t<\/span>\n\t\t\t<\/a>\n\t<\/div>\n<\/div><\/div><\/div><\/div><\/div>","protected":false},"excerpt":{"rendered":"<p>Vous voulez am\u00e9liorer votre style de vie en plongeant? Devenez juste un pro!<\/p>\n","protected":false},"author":2,"featured_media":15904,"parent":12271,"menu_order":0,"comment_status":"closed","ping_status":"closed","template":"","meta":{"_acf_changed":false,"footnotes":""},"class_list":["post-11070","page","type-page","status-publish","has-post-thumbnail","hentry","clearfix"],"acf":[],"_links":{"self":[{"href":"https:\/\/blueplanetdivers.net\/fr\/wp-json\/wp\/v2\/pages\/11070","targetHints":{"allow":["GET"]}}],"collection":[{"href":"https:\/\/blueplanetdivers.net\/fr\/wp-json\/wp\/v2\/pages"}],"about":[{"href":"https:\/\/blueplanetdivers.net\/fr\/wp-json\/wp\/v2\/types\/page"}],"author":[{"embeddable":true,"href":"https:\/\/blueplanetdivers.net\/fr\/wp-json\/wp\/v2\/users\/2"}],"replies":[{"embeddable":true,"href":"https:\/\/blueplanetdivers.net\/fr\/wp-json\/wp\/v2\/comments?post=11070"}],"version-history":[{"count":5,"href":"https:\/\/blueplanetdivers.net\/fr\/wp-json\/wp\/v2\/pages\/11070\/revisions"}],"predecessor-version":[{"id":16841,"href":"https:\/\/blueplanetdivers.net\/fr\/wp-json\/wp\/v2\/pages\/11070\/revisions\/16841"}],"up":[{"embeddable":true,"href":"https:\/\/blueplanetdivers.net\/fr\/wp-json\/wp\/v2\/pages\/12271"}],"wp:featuredmedia":[{"embeddable":true,"href":"https:\/\/blueplanetdivers.net\/fr\/wp-json\/wp\/v2\/media\/15904"}],"wp:attachment":[{"href":"https:\/\/blueplanetdivers.net\/fr\/wp-json\/wp\/v2\/media?parent=11070"}],"curies":[{"name":"wp","href":"https:\/\/api.w.org\/{rel}","templated":true}]}}