{"id":11102,"date":"2021-10-12T09:44:49","date_gmt":"2021-10-12T02:44:49","guid":{"rendered":"https:\/\/new.blueplanetdivers.net\/sites-de-plongee\/"},"modified":"2024-03-19T11:46:27","modified_gmt":"2024-03-19T04:46:27","slug":"sites-de-plongee","status":"publish","type":"page","link":"https:\/\/blueplanetdivers.net\/fr\/tous-les-voyages-et-cours\/koh-lanta-meilleurs-offres-de-plongee-sous-marine\/sites-de-plongee\/","title":{"rendered":"Sites de plong\u00e9e"},"content":{"rendered":"<div id=\"pl-11102\"  class=\"panel-layout\" ><div id=\"pg-11102-0\"  class=\"panel-grid panel-no-style\" ><div id=\"pgc-11102-0-0\"  class=\"panel-grid-cell\" ><div id=\"panel-11102-0-0-0\" class=\"so-panel widget widget_sow-editor panel-first-child panel-last-child\" data-index=\"0\" ><div\n\t\t\t\n\t\t\tclass=\"so-widget-sow-editor so-widget-sow-editor-base\"\n\t\t\t\n\t\t>\n<div class=\"siteorigin-widget-tinymce textwidget\">\n\t<h2 style=\"text-align: center;\">Koh Lanta, les plus \u00e9tonnants sites de plong\u00e9e en Tha\u00eelande!<\/h2>\n<h3 style=\"text-align: center;\">Une diversit\u00e9 extraodinaires de nos sites.<\/h3>\n<p>&nbsp;<\/p>\n<h4>Route du Nord<\/h4>\n<p style=\"text-align: justify;\"><a href=\"https:\/\/travel.padi.com\/fr\/centre-plongee\/thailande\/blue-planet-divers\/?_ga=2.208649809.259232430.1663846229-2033312023.1642405819\" target=\"_blank\" rel=\"noopener\">Koh Lanta<\/a> propose deux principales zones de plong\u00e9e locales, parfaites pour toutes activit\u00e9s. Premi\u00e8rement, la route du nord vers les \u00eeles PhiPhi qui poss\u00e8dent plusieurs sites fantastiques. Les sites de plong\u00e9e les plus proches de PhiPhi et tr\u00e8s connues sont Koh bida Nok, Koh Bida Nai. Ils sont \u00e9galement appel\u00e9s les \"\u00eeles aux requins\". on y observe souvent ces incroyables requins \u00e0 pointe noires et l\u00e9opards. Entre Koh Lanta et <a href=\"https:\/\/fr.wikipedia.org\/wiki\/%C3%8Eles_Phi_Phi\" target=\"_blank\" rel=\"noopener\">PhiPhi<\/a>, il y a aussi deux petits sites peu profonds mais \u00e9tonnants, Hin Bida et Hin Klai. Nos deux \u00e9paves Kled Geaw Wreck &amp; King Cruiser ainsi que Anemone Reef &amp; Shark point sont \u00e9galement tr\u00e8s appr\u00e9ci\u00e9es. En g\u00e9n\u00e9ral, nos zones plong\u00e9e du Nord ont une biodiversit\u00e9 en faune et flore tr\u00e8s diversifi\u00e9e.<\/p>\n<h4>Route du Sud<\/h4>\n<p style=\"text-align: justify;\">En direction du sud depuis Koh Lanta, ne manquez pas Koh Haa! Cela signifie 5 \u00eeles mais il existe en fait un autre site nomm\u00e9 \"Koh Haa 6\". Plus pr\u00e9cisemment, ce r\u00e9cif est une archipel bien connu pour sont lagon aux couleurs f\u00e9\u00e9riques et sa vie sous-marine exceptionnelle. De plus, c'est une excursion parfaite pour toutes activit\u00e9s en famille ou entre amis!. Un peu plus loin, Hin Deang &amp; Hin Muang sont les sites de plong\u00e9e les plus recherch\u00e9s du sud-ouest de la c\u00f4te tha\u00eflandaise. Ils sont profonds, intenses et une qualit\u00e9 de vie grandiose. Tr\u00e8s souvent, la&nbsp; visibilit\u00e9 est excellente et permet de rep\u00e9rer de gros p\u00e9lagiques.<\/p>\n<p>&nbsp;<\/p>\n<\/div>\n<\/div><\/div><\/div><\/div><div id=\"pg-11102-1\"  class=\"panel-grid panel-no-style\" ><div id=\"pgc-11102-1-0\"  class=\"panel-grid-cell\" ><div id=\"panel-11102-1-0-0\" class=\"so-panel widget widget_sow-editor panel-first-child\" data-index=\"1\" ><div\n\t\t\t\n\t\t\tclass=\"so-widget-sow-editor so-widget-sow-editor-base\"\n\t\t\t\n\t\t>\n<div class=\"siteorigin-widget-tinymce textwidget\">\n\t<p><img loading=\"lazy\" decoding=\"async\" class=\"aligncenter wp-image-6315 size-full\" src=\"https:\/\/blueplanetdivers.net\/wp-content\/uploads\/2021\/06\/koh_haa_local_shallow_site_thailand.jpg\" alt=\"\" width=\"864\" height=\"486\" srcset=\"https:\/\/blueplanetdivers.net\/wp-content\/uploads\/2021\/06\/koh_haa_local_shallow_site_thailand.jpg 864w, https:\/\/blueplanetdivers.net\/wp-content\/uploads\/2021\/06\/koh_haa_local_shallow_site_thailand-300x169.jpg 300w, https:\/\/blueplanetdivers.net\/wp-content\/uploads\/2021\/06\/koh_haa_local_shallow_site_thailand-768x432.jpg 768w, https:\/\/blueplanetdivers.net\/wp-content\/uploads\/2021\/06\/koh_haa_local_shallow_site_thailand-540x304.jpg 540w, https:\/\/blueplanetdivers.net\/wp-content\/uploads\/2021\/06\/koh_haa_local_shallow_site_thailand-352x198.jpg 352w, https:\/\/blueplanetdivers.net\/wp-content\/uploads\/2021\/06\/koh_haa_local_shallow_site_thailand-360x204.jpg 360w, https:\/\/blueplanetdivers.net\/wp-content\/uploads\/2021\/06\/koh_haa_local_shallow_site_thailand-600x338.jpg 600w\" sizes=\"auto, (max-width: 864px) 100vw, 864px\" \/><\/p>\n<\/div>\n<\/div><\/div><div id=\"panel-11102-1-0-1\" class=\"so-panel widget widget_sow-editor panel-last-child\" data-index=\"2\" ><div\n\t\t\t\n\t\t\tclass=\"so-widget-sow-editor so-widget-sow-editor-base\"\n\t\t\t\n\t\t>\n<div class=\"siteorigin-widget-tinymce textwidget\">\n\t<h4 style=\"text-align: left;\"><span class=\"TextRun SCX67306600\" lang=\"EN-US\" xml:lang=\"EN-US\"><span class=\"NormalTextRun SCX67306600\">SITES <\/span><\/span><span class=\"TextRun SCX67306600\" lang=\"EN-US\" xml:lang=\"EN-US\"><span class=\"NormalTextRun SCX67306600\">LOCAUX<\/span><\/span><\/h4>\n<hr class=\"hr--dotted\" \/>\n<p>Ces sites de plong\u00e9e inccroyables sont les mieux adapt\u00e9s pour toutes activit\u00e9s. Plongez dans un monde vivant et color\u00e9.<\/p>\n<p style=\"text-align: left;\"><span style=\"color: #888888;\"><strong><span class=\"icon-container\"><span class=\"fa fa-check\" style=\"color:#d80019;\"><\/span><\/span> \u00a0<a href=\"https:\/\/blueplanetdivers.net\/fr\/toutes-les-sorties-et-cours\/nos-sorties-journee\/sites-plongee-locale\/koh-haa\/\">Koh Haa (5 Islands)<\/a><br \/>\n<\/strong><\/span><\/p>\n<p style=\"text-align: left;\"><span style=\"color: #888888;\"><strong><span class=\"icon-container\"><span class=\"fa fa-check\" style=\"color:#d80019;\"><\/span><\/span> \u00a0<a href=\"https:\/\/blueplanetdivers.net\/fr\/toutes-les-sorties-et-cours\/nos-sorties-journee\/sites-plongee-locale\/iles-de-koh-bida\/\">Bida's Islands<\/a><\/strong><\/span><\/p>\n<p><span style=\"color: #888888;\"><strong><span class=\"icon-container\"><span class=\"fa fa-check\" style=\"color:#d80019;\"><\/span><\/span> \u00a0<a href=\"https:\/\/blueplanetdivers.net\/fr\/toutes-les-sorties-et-cours\/nos-sorties-journee\/sites-plongee-locale\/koh-phi-phi-ley\/\">Phi Phi Ley<\/a><\/strong><\/span><\/p>\n<p style=\"text-align: left;\"><span style=\"color: #888888;\"><strong><span class=\"icon-container\"><span class=\"fa fa-check\" style=\"color:#d80019;\"><\/span><\/span> \u00a0<a href=\"https:\/\/blueplanetdivers.net\/fr\/toutes-les-sorties-et-cours\/nos-sorties-journee\/sites-plongee-locale\/hin-bida\/\">Hin Bida<\/a>\u00a0<\/strong><\/span><\/p>\n<p style=\"text-align: left;\"><span style=\"color: #888888;\"><strong><span class=\"icon-container\"><span class=\"fa fa-check\" style=\"color:#d80019;\"><\/span><\/span> \u00a0<a href=\"https:\/\/blueplanetdivers.net\/fr\/toutes-les-sorties-et-cours\/nos-sorties-journee\/sites-plongee-locale\/hin-klai\/\">Hin Klai<\/a><\/strong><\/span><\/p>\n<hr class=\"hr--dotted\" \/>\n<a class=\"btn  btn-primary\" href=\"https:\/\/blueplanetdivers.net\/fr\/toutes-les-excursions-et-cours\/plongee-sous-marine\/prix-des-sorties-et-forfaits\/\" target=\"_self\"> TARIF DES SORTIES<\/a>\n<\/div>\n<\/div><\/div><\/div><div id=\"pgc-11102-1-1\"  class=\"panel-grid-cell\" ><div id=\"panel-11102-1-1-0\" class=\"so-panel widget widget_sow-editor panel-first-child\" data-index=\"3\" ><div\n\t\t\t\n\t\t\tclass=\"so-widget-sow-editor so-widget-sow-editor-base\"\n\t\t\t\n\t\t>\n<div class=\"siteorigin-widget-tinymce textwidget\">\n\t<p><img loading=\"lazy\" decoding=\"async\" class=\"aligncenter wp-image-6320 size-full\" src=\"https:\/\/blueplanetdivers.net\/wp-content\/uploads\/2021\/06\/deep_sites_koh_lanta_thailand.jpg\" alt=\"\" width=\"864\" height=\"486\" srcset=\"https:\/\/blueplanetdivers.net\/wp-content\/uploads\/2021\/06\/deep_sites_koh_lanta_thailand.jpg 864w, https:\/\/blueplanetdivers.net\/wp-content\/uploads\/2021\/06\/deep_sites_koh_lanta_thailand-300x169.jpg 300w, https:\/\/blueplanetdivers.net\/wp-content\/uploads\/2021\/06\/deep_sites_koh_lanta_thailand-768x432.jpg 768w, https:\/\/blueplanetdivers.net\/wp-content\/uploads\/2021\/06\/deep_sites_koh_lanta_thailand-540x304.jpg 540w, https:\/\/blueplanetdivers.net\/wp-content\/uploads\/2021\/06\/deep_sites_koh_lanta_thailand-352x198.jpg 352w, https:\/\/blueplanetdivers.net\/wp-content\/uploads\/2021\/06\/deep_sites_koh_lanta_thailand-360x204.jpg 360w, https:\/\/blueplanetdivers.net\/wp-content\/uploads\/2021\/06\/deep_sites_koh_lanta_thailand-600x338.jpg 600w\" sizes=\"auto, (max-width: 864px) 100vw, 864px\" \/><\/p>\n<\/div>\n<\/div><\/div><div id=\"panel-11102-1-1-1\" class=\"so-panel widget widget_sow-editor panel-last-child\" data-index=\"4\" ><div\n\t\t\t\n\t\t\tclass=\"so-widget-sow-editor so-widget-sow-editor-base\"\n\t\t\t\n\t\t>\n<div class=\"siteorigin-widget-tinymce textwidget\">\n\t<h4><span class=\"TextRun SCX227670647\" lang=\"EN-US\" xml:lang=\"EN-US\"><span class=\"NormalTextRun SCX227670647\">SITES LOINTAINS<\/span><\/span><\/h4>\n<hr class=\"hr--dotted\" \/>\n<p><span class=\"TextRun SCX227670647\" lang=\"EN-US\" xml:lang=\"EN-US\"><span class=\"NormalTextRun SCX227670647\">Ces sites de plong\u00e9e sont les plus demand\u00e9s en Tha\u00eelande. Fantastiques spots \u00e0 visiter!.<\/span><\/span><\/p>\n<p style=\"text-align: left;\"><span style=\"color: #888888;\"><strong><span class=\"icon-container\"><span class=\"fa fa-check\" style=\"color:#d80019;\"><\/span><\/span> \u00a0\u00a0<a href=\"https:\/\/blueplanetdivers.net\/fr\/toutes-les-sorties-et-cours\/sortie-journee\/site-plongee-profonde\/hin-deang-hin-muang\/\">Hin Deang \/ Hin Muang (rochers rouge &amp; violet)<\/a><\/strong><\/span><\/p>\n<p style=\"text-align: left;\"><span style=\"color: #888888;\"><strong><span class=\"icon-container\"><span class=\"fa fa-check\" style=\"color:#d80019;\"><\/span><\/span> \u00a0 <a href=\"https:\/\/blueplanetdivers.net\/fr\/toutes-les-sorties-et-cours\/nos-sorties-journee\/sites-plongee-locale\/epave-du-kled-geaw\/\">Kled Keaw Wreck<\/a><\/strong><\/span><\/p>\n<p style=\"text-align: left;\"><span style=\"color: #888888;\"><strong><span class=\"icon-container\"><span class=\"fa fa-check\" style=\"color:#d80019;\"><\/span><\/span> \u00a0\u00a0<a href=\"https:\/\/blueplanetdivers.net\/fr\/toutes-les-sorties-et-cours\/sortie-journee\/site-plongee-profonde\/anemone-reef-et-shark-point\/\">King Cruiser Wreck<\/a><\/strong><\/span><\/p>\n<p style=\"text-align: left;\"><span style=\"color: #888888;\"><strong><span class=\"icon-container\"><span class=\"fa fa-check\" style=\"color:#d80019;\"><\/span><\/span> \u00a0 <a href=\"https:\/\/blueplanetdivers.net\/fr\/toutes-les-sorties-et-cours\/sortie-journee\/site-plongee-profonde\/anemone-reef-et-shark-point\/\">Anemone Reef<\/a><\/strong><\/span><\/p>\n<p><span style=\"color: #888888;\"><strong><span class=\"icon-container\"><span class=\"fa fa-check\" style=\"color:#d80019;\"><\/span><\/span> \u00a0 <a href=\"https:\/\/blueplanetdivers.net\/fr\/toutes-les-sorties-et-cours\/sortie-journee\/site-plongee-profonde\/anemone-reef-et-shark-point\/\">Shark Point<\/a><\/strong><\/span><\/p>\n<hr class=\"hr--dotted\" \/>\n<a class=\"btn  btn-primary\" href=\"https:\/\/blueplanetdivers.net\/fr\/toutes-les-excursions-et-cours\/plongee-sous-marine\/prix-des-sorties-et-forfaits\/\" target=\"_self\"> TARIF SORTIES<\/a>\n<\/div>\n<\/div><\/div><\/div><\/div><div id=\"pg-11102-2\"  class=\"panel-grid panel-no-style\" ><div id=\"pgc-11102-2-0\"  class=\"panel-grid-cell\" ><div id=\"panel-11102-2-0-0\" class=\"so-panel widget widget_sow-editor panel-first-child panel-last-child\" data-index=\"5\" ><div\n\t\t\t\n\t\t\tclass=\"so-widget-sow-editor so-widget-sow-editor-base\"\n\t\t\t\n\t\t>\n<div class=\"siteorigin-widget-tinymce textwidget\">\n\t<h3 style=\"text-align: center;\">Tout ce dont vous avez besoin pour nos sorties!<\/h3>\n<p style=\"text-align: justify;\">Nous fournissons tous les services n\u00e9cessaires pour que vous passiez une journ\u00e9e extraordinaire et agr\u00e9able avec nous. Tous les aliments, boissons, collations, fruits sont servis pendant la journ\u00e9e pour votre commodit\u00e9. Vous n'avez besoin que d'emporter une serviette, un maillot de bain et de cr\u00e8me solaire. Prestations au top !<\/p>\n<\/div>\n<\/div><\/div><\/div><\/div><div id=\"pg-11102-3\"  class=\"panel-grid panel-no-style\" ><div id=\"pgc-11102-3-0\"  class=\"panel-grid-cell\" ><div id=\"panel-11102-3-0-0\" class=\"so-panel widget widget_sow-editor panel-first-child\" data-index=\"6\" ><div\n\t\t\t\n\t\t\tclass=\"so-widget-sow-editor so-widget-sow-editor-base\"\n\t\t\t\n\t\t>\n<div class=\"siteorigin-widget-tinymce textwidget\">\n\t<h3 style=\"text-align: center;\">Carte des sites!<\/h3>\n<p style=\"text-align: center;\">\n<p>&nbsp;<\/p>\n<\/div>\n<\/div><\/div><div id=\"panel-11102-3-0-1\" class=\"widget_text so-panel widget widget_custom_html panel-last-child\" data-index=\"7\" ><div class=\"textwidget custom-html-widget\"><iframe loading=\"lazy\" src=\"https:\/\/www.google.com\/maps\/d\/u\/0\/embed?mid=1MKKYVpwTcLsyII11Y5Fg72we2_k\" width=\"100%\" height=\"480\"><\/iframe><\/div><\/div><\/div><\/div><div id=\"pg-11102-4\"  class=\"panel-grid panel-no-style\" ><div id=\"pgc-11102-4-0\"  class=\"panel-grid-cell\" ><div id=\"panel-11102-4-0-0\" class=\"so-panel widget widget_sow-button panel-first-child panel-last-child\" data-index=\"8\" ><div\n\t\t\t\n\t\t\tclass=\"so-widget-sow-button so-widget-sow-button-flat-1e69da089b5f-11102\"\n\t\t\t\n\t\t><div class=\"ow-button-base ow-button-align-center\"\n>\n\t\t\t<a href=\"https:\/\/blueplanetdivers.net\/fr\/toutes-les-excursions-et-cours\/plongee-sous-marine\/prix-des-sorties-et-forfaits\/\" class=\"sowb-button ow-icon-placement-left ow-button-hover\" target=\"_blank\" rel=\"noopener noreferrer\">\n\t\t<span>\n\t\t\t\n\t\t\tNOUS CONTACTER!\t\t<\/span>\n\t\t\t<\/a>\n\t<\/div>\n<\/div><\/div><\/div><\/div><\/div>","protected":false},"excerpt":{"rendered":"<p>Koh Lanta, les plus \u00e9tonnants sites de plong\u00e9e en Tha\u00eelande!Une diversit\u00e9 extraodinaires de nos sites.&nbsp;Route du NordKoh Lanta propose deux principales zones de plong\u00e9e locales, parfaites pour toutes activit\u00e9s. Premi\u00e8rement, la route du nord vers les \u00eeles PhiPhi qui poss\u00e8dent plusieurs sites fantastiques. Les sites de plong\u00e9e les plus proches de PhiPhi et tr\u00e8s connues &hellip;<\/p>\n","protected":false},"author":2,"featured_media":0,"parent":11591,"menu_order":0,"comment_status":"closed","ping_status":"closed","template":"","meta":{"_acf_changed":false,"footnotes":""},"class_list":["post-11102","page","type-page","status-publish","hentry","clearfix"],"acf":[],"_links":{"self":[{"href":"https:\/\/blueplanetdivers.net\/fr\/wp-json\/wp\/v2\/pages\/11102","targetHints":{"allow":["GET"]}}],"collection":[{"href":"https:\/\/blueplanetdivers.net\/fr\/wp-json\/wp\/v2\/pages"}],"about":[{"href":"https:\/\/blueplanetdivers.net\/fr\/wp-json\/wp\/v2\/types\/page"}],"author":[{"embeddable":true,"href":"https:\/\/blueplanetdivers.net\/fr\/wp-json\/wp\/v2\/users\/2"}],"replies":[{"embeddable":true,"href":"https:\/\/blueplanetdivers.net\/fr\/wp-json\/wp\/v2\/comments?post=11102"}],"version-history":[{"count":5,"href":"https:\/\/blueplanetdivers.net\/fr\/wp-json\/wp\/v2\/pages\/11102\/revisions"}],"predecessor-version":[{"id":16453,"href":"https:\/\/blueplanetdivers.net\/fr\/wp-json\/wp\/v2\/pages\/11102\/revisions\/16453"}],"up":[{"embeddable":true,"href":"https:\/\/blueplanetdivers.net\/fr\/wp-json\/wp\/v2\/pages\/11591"}],"wp:attachment":[{"href":"https:\/\/blueplanetdivers.net\/fr\/wp-json\/wp\/v2\/media?parent=11102"}],"curies":[{"name":"wp","href":"https:\/\/api.w.org\/{rel}","templated":true}]}}