{"id":11225,"date":"2021-10-12T09:44:58","date_gmt":"2021-10-12T02:44:58","guid":{"rendered":"https:\/\/new.blueplanetdivers.net\/cours-dapnee\/"},"modified":"2023-09-09T13:54:18","modified_gmt":"2023-09-09T06:54:18","slug":"cours-apnee-ssi","status":"publish","type":"page","link":"https:\/\/blueplanetdivers.net\/fr\/toutes-les-excursions-et-cours\/plongee-libre\/cours-apnee\/","title":{"rendered":"Monde de l&rsquo;apn\u00e9e SSI"},"content":{"rendered":"<div id=\"pl-11225\"  class=\"panel-layout\" ><div id=\"pg-11225-0\"  class=\"panel-grid panel-no-style\" ><div id=\"pgc-11225-0-0\"  class=\"panel-grid-cell\" ><div id=\"panel-11225-0-0-0\" class=\"so-panel widget widget_sow-editor panel-first-child panel-last-child\" data-index=\"0\" ><div\n\t\t\t\n\t\t\tclass=\"so-widget-sow-editor so-widget-sow-editor-base\"\n\t\t\t\n\t\t>\n<div class=\"siteorigin-widget-tinymce textwidget\">\n\t<p><img loading=\"lazy\" decoding=\"async\" class=\"aligncenter wp-image-15546 size-full\" src=\"https:\/\/blueplanetdivers.net\/wp-content\/uploads\/2023\/09\/freedive-course.jpg\" alt=\"ssi course freediving koh lanta, learn apnea in thailand\" width=\"960\" height=\"300\" srcset=\"https:\/\/blueplanetdivers.net\/wp-content\/uploads\/2023\/09\/freedive-course.jpg 960w, https:\/\/blueplanetdivers.net\/wp-content\/uploads\/2023\/09\/freedive-course-300x94.jpg 300w, https:\/\/blueplanetdivers.net\/wp-content\/uploads\/2023\/09\/freedive-course-768x240.jpg 768w, https:\/\/blueplanetdivers.net\/wp-content\/uploads\/2023\/09\/freedive-course-540x169.jpg 540w, https:\/\/blueplanetdivers.net\/wp-content\/uploads\/2023\/09\/freedive-course-600x188.jpg 600w\" sizes=\"auto, (max-width: 960px) 100vw, 960px\" \/><\/p>\n<h2 style=\"text-align: center;\">Avez-vous d\u00e9j\u00e0 voulu pousser vos limites en faisant du simple snorkeling ?<\/h2>\n<p style=\"text-align: center;\">Blue Planet Divers propose une mutlitude de cours d'apn\u00e9e. D\u00e9couvrez une journ\u00e9e, apprenez avec un cours complet ou entrainez-vous en temps qu'apn\u00e9iste certfi\u00e9.<\/p>\n<\/div>\n<\/div><\/div><\/div><\/div><div id=\"pg-11225-1\"  class=\"panel-grid panel-no-style\" ><div id=\"pgc-11225-1-0\"  class=\"panel-grid-cell panel-grid-cell-empty\" ><\/div><\/div><div id=\"pg-11225-2\"  class=\"panel-grid panel-no-style\" ><div id=\"pgc-11225-2-0\"  class=\"panel-grid-cell\" ><div id=\"panel-11225-2-0-0\" class=\"so-panel widget widget_sow-editor panel-first-child\" data-index=\"1\" ><div\n\t\t\t\n\t\t\tclass=\"so-widget-sow-editor so-widget-sow-editor-base\"\n\t\t\t\n\t\t>\n<div class=\"siteorigin-widget-tinymce textwidget\">\n\t<p><img loading=\"lazy\" decoding=\"async\" class=\"aligncenter wp-image-15571 size-full\" src=\"https:\/\/blueplanetdivers.net\/wp-content\/uploads\/2023\/09\/try-freediving.jpg\" alt=\"SSi cours d'une journ\u00e9e try freediving, apn\u00e9e \u00e0 koh lanta.\" width=\"729\" height=\"486\" srcset=\"https:\/\/blueplanetdivers.net\/wp-content\/uploads\/2023\/09\/try-freediving.jpg 729w, https:\/\/blueplanetdivers.net\/wp-content\/uploads\/2023\/09\/try-freediving-300x200.jpg 300w, https:\/\/blueplanetdivers.net\/wp-content\/uploads\/2023\/09\/try-freediving-540x360.jpg 540w, https:\/\/blueplanetdivers.net\/wp-content\/uploads\/2023\/09\/try-freediving-600x400.jpg 600w, https:\/\/blueplanetdivers.net\/wp-content\/uploads\/2023\/09\/try-freediving-272x182.jpg 272w\" sizes=\"auto, (max-width: 729px) 100vw, 729px\" \/><\/p>\n<\/div>\n<\/div><\/div><div id=\"panel-11225-2-0-1\" class=\"so-panel widget widget_sow-editor panel-last-child\" data-index=\"2\" ><div\n\t\t\t\n\t\t\tclass=\"so-widget-sow-editor so-widget-sow-editor-base\"\n\t\t\t\n\t\t>\n<div class=\"siteorigin-widget-tinymce textwidget\">\n\t<h3 style=\"text-align: left;\"><span class=\"TextRun SCX67306600\" lang=\"EN-US\" xml:lang=\"EN-US\"><span class=\"NormalTextRun SCX67306600\">D\u00e9couvrez l'apn\u00e9e<\/span><\/span><\/h3>\n<hr class=\"hr--dotted\" \/>\n<p align=\"justify\">Vivez un sport unique et d\u00e9couvrez des comp\u00e9tences incroyables qui pousseront vos limites. Vous profiterez d'une journ\u00e9e de d\u00e9couverte exceptionnelle en apprenant les m\u00eames techniques que celles utilis\u00e9es par les meilleurs apn\u00e9istes.<\/p>\n<p style=\"text-align: left;\"><span style=\"color: #888888;\"><strong><span class=\"icon-container\"><span class=\"fa fa-check\" style=\"color:#d80019;\"><\/span><\/span> A partir de 10 ans !<\/strong><\/span><\/p>\n<p style=\"text-align: left;\"><span style=\"color: #888888;\"><strong><span class=\"icon-container\"><span class=\"fa fa-check\" style=\"color:#d80019;\"><\/span><\/span> Apprenez les comp\u00e9tences de base et s\u00fbres<\/strong><\/span><\/p>\n<p style=\"text-align: left;\"><span style=\"color: #888888;\"><strong><span class=\"icon-container\"><span class=\"fa fa-check\" style=\"color:#d80019;\"><\/span><\/span> 4 apn\u00e9istes par moniteur<\/strong><\/span><\/p>\n<p><span style=\"color: #888888;\"><strong><span class=\"icon-container\"><span class=\"fa fa-check\" style=\"color:#d80019;\"><\/span><\/span> Amusez-vous plus profond\u00e9ment<\/strong><\/span><\/p>\n<p><span style=\"color: #888888;\"><strong><span class=\"icon-container\"><span class=\"fa fa-check\" style=\"color:#d80019;\"><\/span><\/span> Atteignez les 5 m\u00e8tres<\/strong><\/span><\/p>\n<hr class=\"hr--dotted\" \/>\n<p style=\"text-align: center;\"><a class=\"btn  btn-primary\" href=\"https:\/\/blueplanetdivers.net\/fr\/toutes-les-sorties-et-cours\/cours-apnee\/journee-decouverte-apnee\/\" target=\"_self\"> EN SAVOIR PLUS<\/a><\/p>\n<\/div>\n<\/div><\/div><\/div><div id=\"pgc-11225-2-1\"  class=\"panel-grid-cell\" ><div id=\"panel-11225-2-1-0\" class=\"so-panel widget widget_sow-editor panel-first-child\" data-index=\"3\" ><div\n\t\t\t\n\t\t\tclass=\"so-widget-sow-editor so-widget-sow-editor-base\"\n\t\t\t\n\t\t>\n<div class=\"siteorigin-widget-tinymce textwidget\">\n\t<p><img loading=\"lazy\" decoding=\"async\" class=\"aligncenter wp-image-15587 size-full\" src=\"https:\/\/blueplanetdivers.net\/wp-content\/uploads\/2023\/09\/coaching-day-1.jpg\" alt=\"Journ\u00e9e apn\u00e9e coaching \u00e0 Koh Lanta. Entrainement en Thailande.\" width=\"729\" height=\"486\" srcset=\"https:\/\/blueplanetdivers.net\/wp-content\/uploads\/2023\/09\/coaching-day-1.jpg 729w, https:\/\/blueplanetdivers.net\/wp-content\/uploads\/2023\/09\/coaching-day-1-300x200.jpg 300w, https:\/\/blueplanetdivers.net\/wp-content\/uploads\/2023\/09\/coaching-day-1-540x360.jpg 540w, https:\/\/blueplanetdivers.net\/wp-content\/uploads\/2023\/09\/coaching-day-1-600x400.jpg 600w, https:\/\/blueplanetdivers.net\/wp-content\/uploads\/2023\/09\/coaching-day-1-272x182.jpg 272w\" sizes=\"auto, (max-width: 729px) 100vw, 729px\" \/><\/p>\n<\/div>\n<\/div><\/div><div id=\"panel-11225-2-1-1\" class=\"so-panel widget widget_sow-editor panel-last-child\" data-index=\"4\" ><div\n\t\t\t\n\t\t\tclass=\"so-widget-sow-editor so-widget-sow-editor-base\"\n\t\t\t\n\t\t>\n<div class=\"siteorigin-widget-tinymce textwidget\">\n\t<h3 class=\"media-heading\">Journ\u00e9e Coaching Apn\u00e9e<\/h3>\n<hr class=\"hr--dotted\" \/>\n<p align=\"justify\">Les apn\u00e9istes (certifi\u00e9s) d\u00e9butants et exp\u00e9riment\u00e9s sont tous les bienvenus pour s'entra\u00eener avec nous ! Nous pouvons facilement organiser diff\u00e9rentes tables pour vous entrainer sur la journ\u00e9e. Nous ajustons selon vos besoins.<\/p>\n<p style=\"text-align: left;\"><span style=\"color: #888888;\"><strong><span class=\"icon-container\"><span class=\"fa fa-check\" style=\"color:#d80019;\"><\/span><\/span> Apn\u00e9iste certifi\u00e9 seulement!<\/strong><\/span><\/p>\n<p style=\"text-align: left;\"><span style=\"color: #888888;\"><strong><span class=\"icon-container\"><span class=\"fa fa-check\" style=\"color:#d80019;\"><\/span><\/span> Augmentez vos comp\u00e9tences de relaxation<\/strong><\/span><\/p>\n<p style=\"text-align: left;\"><span style=\"color: #888888;\"><strong><span class=\"icon-container\"><span class=\"fa fa-check\" style=\"color:#d80019;\"><\/span><\/span> 4 apn\u00e9istes max par moniteur<\/strong><\/span><\/p>\n<p><span style=\"color: #888888;\"><strong><span class=\"icon-container\"><span class=\"fa fa-check\" style=\"color:#d80019;\"><\/span><\/span> Entrainement sur ligne \/ visite du site<\/strong><\/span><\/p>\n<p><span style=\"color: #888888;\"><strong><span class=\"icon-container\"><span class=\"fa fa-check\" style=\"color:#d80019;\"><\/span><\/span>\u00a0 Soyez plus \u00e0 l'aise en profondeur<\/strong><\/span><\/p>\n<hr class=\"hr--dotted\" \/>\n<p style=\"text-align: center;\"><a class=\"btn  btn-primary\" href=\"https:\/\/blueplanetdivers.net\/fr\/toutes-les-sorties-et-cours\/sortie-apnee\/journee-coaching-apneiste\/\" target=\"_self\"> EN SAVOIR PLUS<\/a><\/p>\n<\/div>\n<\/div><\/div><\/div><\/div><div id=\"pg-11225-3\"  class=\"panel-grid panel-no-style\" ><div id=\"pgc-11225-3-0\"  class=\"panel-grid-cell\" ><div id=\"panel-11225-3-0-0\" class=\"so-panel widget widget_sow-editor panel-first-child panel-last-child\" data-index=\"5\" ><div\n\t\t\t\n\t\t\tclass=\"so-widget-sow-editor so-widget-sow-editor-base\"\n\t\t\t\n\t\t>\n<div class=\"siteorigin-widget-tinymce textwidget\">\n\t<hr class=\"hr--dotted\" \/>\n<h3><img loading=\"lazy\" decoding=\"async\" class=\"aligncenter wp-image-15537 size-large\" src=\"https:\/\/blueplanetdivers.net\/wp-content\/uploads\/2023\/09\/Freediving-Black-copy-1024x305.jpg\" alt=\"ssi freediving koh lanta\" width=\"1024\" height=\"305\" srcset=\"https:\/\/blueplanetdivers.net\/wp-content\/uploads\/2023\/09\/Freediving-Black-copy-1024x305.jpg 1024w, https:\/\/blueplanetdivers.net\/wp-content\/uploads\/2023\/09\/Freediving-Black-copy-300x89.jpg 300w, https:\/\/blueplanetdivers.net\/wp-content\/uploads\/2023\/09\/Freediving-Black-copy-768x228.jpg 768w, https:\/\/blueplanetdivers.net\/wp-content\/uploads\/2023\/09\/Freediving-Black-copy-1536x457.jpg 1536w, https:\/\/blueplanetdivers.net\/wp-content\/uploads\/2023\/09\/Freediving-Black-copy-540x161.jpg 540w, https:\/\/blueplanetdivers.net\/wp-content\/uploads\/2023\/09\/Freediving-Black-copy-600x178.jpg 600w, https:\/\/blueplanetdivers.net\/wp-content\/uploads\/2023\/09\/Freediving-Black-copy.jpg 1654w\" sizes=\"auto, (max-width: 1024px) 100vw, 1024px\" \/><\/h3>\n<p>&nbsp;<\/p>\n<h3><\/h3>\n<h3 style=\"text-align: center;\">Cours d'entr\u00e9e en apn\u00e9e SSI<\/h3>\n<p style=\"text-align: center;\">Pr\u00eat \u00e0 vous lancer dans un cours complet pour obtenir votre premier certificat d'apn\u00e9e? Inscrivez-vous et rejoignez une de nos classes afin de l'obtenir.<\/p>\n<\/div>\n<\/div><\/div><\/div><\/div><div id=\"pg-11225-4\"  class=\"panel-grid panel-no-style\" ><div id=\"pgc-11225-4-0\"  class=\"panel-grid-cell\" ><div id=\"panel-11225-4-0-0\" class=\"so-panel widget widget_sow-editor panel-first-child\" data-index=\"6\" ><div\n\t\t\t\n\t\t\tclass=\"so-widget-sow-editor so-widget-sow-editor-base\"\n\t\t\t\n\t\t>\n<div class=\"siteorigin-widget-tinymce textwidget\">\n\t<p><img loading=\"lazy\" decoding=\"async\" class=\"aligncenter wp-image-15558 size-full\" src=\"https:\/\/blueplanetdivers.net\/wp-content\/uploads\/2023\/09\/basic-freediving.jpg\" alt=\"\" width=\"729\" height=\"486\" srcset=\"https:\/\/blueplanetdivers.net\/wp-content\/uploads\/2023\/09\/basic-freediving.jpg 729w, https:\/\/blueplanetdivers.net\/wp-content\/uploads\/2023\/09\/basic-freediving-300x200.jpg 300w, https:\/\/blueplanetdivers.net\/wp-content\/uploads\/2023\/09\/basic-freediving-540x360.jpg 540w, https:\/\/blueplanetdivers.net\/wp-content\/uploads\/2023\/09\/basic-freediving-600x400.jpg 600w, https:\/\/blueplanetdivers.net\/wp-content\/uploads\/2023\/09\/basic-freediving-272x182.jpg 272w\" sizes=\"auto, (max-width: 729px) 100vw, 729px\" \/><\/p>\n<\/div>\n<\/div><\/div><div id=\"panel-11225-4-0-1\" class=\"so-panel widget widget_sow-editor panel-last-child\" data-index=\"7\" ><div\n\t\t\t\n\t\t\tclass=\"so-widget-sow-editor so-widget-sow-editor-base\"\n\t\t\t\n\t\t>\n<div class=\"siteorigin-widget-tinymce textwidget\">\n\t<h3 class=\"media-heading\">Cours d'apn\u00e9e Basic<\/h3>\n<hr class=\"hr--dotted\" \/>\n<p align=\"justify\">Ce cours d'initiation dure deux jours. Il s'adresse aux enfants d\u00e8s 10 ans, souhaitant d\u00e9couvrir les plaisirs de l'apn\u00e9e. Tr\u00e8s bien encadr\u00e9 et en toute securti\u00e9, soyez pr\u00eat \u00e0 vivre une euphorie naturelle!<\/p>\n<p style=\"text-align: left;\"><span style=\"color: #888888;\"><strong><span class=\"icon-container\"><span class=\"fa fa-check\" style=\"color:#d80019;\"><\/span><\/span> A partir de 10 ans!<\/strong><\/span><\/p>\n<p style=\"text-align: left;\"><span style=\"color: #888888;\"><strong><span class=\"icon-container\"><span class=\"fa fa-check\" style=\"color:#d80019;\"><\/span><\/span> Apprendre les bases de l'apn\u00e9e<\/strong><\/span><\/p>\n<p style=\"text-align: left;\"><span style=\"color: #888888;\"><strong><span class=\"icon-container\"><span class=\"fa fa-check\" style=\"color:#d80019;\"><\/span><\/span> 4 \u00e9l\u00e8ves max par classe<\/strong><\/span><\/p>\n<p><span style=\"color: #888888;\"><strong><span class=\"icon-container\"><span class=\"fa fa-check\" style=\"color:#d80019;\"><\/span><\/span> Entra\u00eenement en mer<\/strong><\/span><\/p>\n<p><span style=\"color: #888888;\"><strong><span class=\"icon-container\"><span class=\"fa fa-check\" style=\"color:#d80019;\"><\/span><\/span> Max 5 m\u00e8tres<\/strong><\/span><\/p>\n<hr class=\"hr--dotted\" \/>\n<p style=\"text-align: center;\"><a class=\"btn  btn-primary\" href=\"https:\/\/blueplanetdivers.net\/fr\/toutes-les-sorties-et-cours\/cours-apnee\/cours-apnee-basic\/\" target=\"_self\"> EN SAVOIR PLUS<\/a><\/p>\n<\/div>\n<\/div><\/div><\/div><div id=\"pgc-11225-4-1\"  class=\"panel-grid-cell\" ><div id=\"panel-11225-4-1-0\" class=\"so-panel widget widget_sow-editor panel-first-child\" data-index=\"8\" ><div\n\t\t\t\n\t\t\tclass=\"so-widget-sow-editor so-widget-sow-editor-base\"\n\t\t\t\n\t\t>\n<div class=\"siteorigin-widget-tinymce textwidget\">\n\t<p><img loading=\"lazy\" decoding=\"async\" class=\"aligncenter wp-image-15608 size-full\" src=\"https:\/\/blueplanetdivers.net\/wp-content\/uploads\/2023\/09\/SSI-freediver-level-1-1.jpg\" alt=\"Apn\u00e9e SSI niveau 1 freediverin Ko Lanta. Thailand apnea\" width=\"729\" height=\"486\" srcset=\"https:\/\/blueplanetdivers.net\/wp-content\/uploads\/2023\/09\/SSI-freediver-level-1-1.jpg 729w, https:\/\/blueplanetdivers.net\/wp-content\/uploads\/2023\/09\/SSI-freediver-level-1-1-300x200.jpg 300w, https:\/\/blueplanetdivers.net\/wp-content\/uploads\/2023\/09\/SSI-freediver-level-1-1-540x360.jpg 540w, https:\/\/blueplanetdivers.net\/wp-content\/uploads\/2023\/09\/SSI-freediver-level-1-1-600x400.jpg 600w, https:\/\/blueplanetdivers.net\/wp-content\/uploads\/2023\/09\/SSI-freediver-level-1-1-272x182.jpg 272w\" sizes=\"auto, (max-width: 729px) 100vw, 729px\" \/><\/p>\n<\/div>\n<\/div><\/div><div id=\"panel-11225-4-1-1\" class=\"so-panel widget widget_sow-editor panel-last-child\" data-index=\"9\" ><div\n\t\t\t\n\t\t\tclass=\"so-widget-sow-editor so-widget-sow-editor-base\"\n\t\t\t\n\t\t>\n<div class=\"siteorigin-widget-tinymce textwidget\">\n\t<h3 class=\"media-heading\">SSI level 1 Freediver Apn\u00e9e<\/h3>\n<hr class=\"hr--dotted\" \/>\n<p align=\"justify\">Ce premier \u00e9chelon d'apn\u00e9e se passe sur 2 jours. Ce cours complet est parfait pour les pros du snorkeling, souhaitant decouvrir un monde plus profond. C'est une experience inoublable qui vous attent.<\/p>\n<p style=\"text-align: left;\"><span style=\"color: #888888;\"><strong><span class=\"icon-container\"><span class=\"fa fa-check\" style=\"color:#d80019;\"><\/span><\/span> A partir de 12 ans !<\/strong><\/span><\/p>\n<p style=\"text-align: left;\"><span style=\"color: #888888;\"><strong><span class=\"icon-container\"><span class=\"fa fa-check\" style=\"color:#d80019;\"><\/span><\/span> Apprenez tout sur l'apn\u00e9e<\/strong><\/span><\/p>\n<p style=\"text-align: left;\"><span style=\"color: #888888;\"><strong><span class=\"icon-container\"><span class=\"fa fa-check\" style=\"color:#d80019;\"><\/span><\/span> 4 plongeurs max par moniteur<\/strong><\/span><\/p>\n<p><span style=\"color: #888888;\"><strong><span class=\"icon-container\"><span class=\"fa fa-check\" style=\"color:#d80019;\"><\/span><\/span> 2 jours \/ 1 session en mer<\/strong><\/span><\/p>\n<p><span style=\"color: #888888;\"><strong><span class=\"icon-container\"><span class=\"fa fa-check\" style=\"color:#d80019;\"><\/span><\/span> Profondeur max 20 m\u00e8tres<\/strong><\/span><\/p>\n<hr class=\"hr--dotted\" \/>\n<p style=\"text-align: center;\"><a class=\"btn  btn-primary\" href=\"https:\/\/blueplanetdivers.net\/fr\/toutes-les-sorties-et-cours\/cours-apnee\/ssi-cours-niveau-un-freediver\/\" target=\"_self\"> EN SAVOIR PLUS<\/a><\/p>\n<\/div>\n<\/div><\/div><\/div><\/div><div id=\"pg-11225-5\"  class=\"panel-grid panel-no-style\" ><div id=\"pgc-11225-5-0\"  class=\"panel-grid-cell\" ><div id=\"panel-11225-5-0-0\" class=\"so-panel widget widget_sow-editor panel-first-child panel-last-child\" data-index=\"10\" ><div\n\t\t\t\n\t\t\tclass=\"so-widget-sow-editor so-widget-sow-editor-base\"\n\t\t\t\n\t\t>\n<div class=\"siteorigin-widget-tinymce textwidget\">\n\t<hr class=\"hr--dotted\" \/>\n<h3 style=\"text-align: center;\">Augmentez vos comp\u00e9tences en apn\u00e9e!<\/h3>\n<p style=\"text-align: center;\">Vous voulez devenir un apn\u00e9iste plus fiable et aller plus profond ? Rejoignez nos cours avanc\u00e9s et acc\u00e9dez \u00e0 des sites incroyables pour plus exp\u00e9riment\u00e9s.<\/p>\n<\/div>\n<\/div><\/div><\/div><\/div><div id=\"pg-11225-6\"  class=\"panel-grid panel-no-style\" ><div id=\"pgc-11225-6-0\"  class=\"panel-grid-cell\" ><div id=\"panel-11225-6-0-0\" class=\"so-panel widget widget_sow-editor panel-first-child\" data-index=\"11\" ><div\n\t\t\t\n\t\t\tclass=\"so-widget-sow-editor so-widget-sow-editor-base\"\n\t\t\t\n\t\t>\n<div class=\"siteorigin-widget-tinymce textwidget\">\n\t<p><img loading=\"lazy\" decoding=\"async\" class=\"aligncenter wp-image-15679 size-full\" src=\"https:\/\/blueplanetdivers.net\/wp-content\/uploads\/2023\/09\/SSI-advance-freediver-2.jpg\" alt=\"SSI advanced freediver course at Koh Lanta. Thailand freedive\" width=\"486\" height=\"864\" srcset=\"https:\/\/blueplanetdivers.net\/wp-content\/uploads\/2023\/09\/SSI-advance-freediver-2.jpg 486w, https:\/\/blueplanetdivers.net\/wp-content\/uploads\/2023\/09\/SSI-advance-freediver-2-169x300.jpg 169w, https:\/\/blueplanetdivers.net\/wp-content\/uploads\/2023\/09\/SSI-advance-freediver-2-304x540.jpg 304w\" sizes=\"auto, (max-width: 486px) 100vw, 486px\" \/><\/p>\n<\/div>\n<\/div><\/div><div id=\"panel-11225-6-0-1\" class=\"so-panel widget widget_sow-editor panel-last-child\" data-index=\"12\" ><div\n\t\t\t\n\t\t\tclass=\"so-widget-sow-editor so-widget-sow-editor-base\"\n\t\t\t\n\t\t>\n<div class=\"siteorigin-widget-tinymce textwidget\">\n\t<h3 class=\"media-heading\">Cours d'apn\u00e9e Advanced Freediver<\/h3>\n<hr class=\"hr--dotted\" \/>\n<p align=\"justify\">Ce cours avanc\u00e9 est con\u00e7u pour poursuivre une formation d'apn\u00e9iste au-del\u00e0 du niveau Freediver level 1. L'objectif de ce cours est d'aider l'\u00e9tudiant \u00e0 d\u00e9velopper les comp\u00e9tences et les connaissances n\u00e9cessaires pour planifier et participer de mani\u00e8re ind\u00e9pendante \u00e0 des activit\u00e9s de plong\u00e9e en apn\u00e9e avec des copains de plong\u00e9e en apn\u00e9e ayant une exp\u00e9rience similaire.<\/p>\n<p style=\"text-align: left;\"><span style=\"color: #888888;\"><strong><span class=\"icon-container\"><span class=\"fa fa-check\" style=\"color:#d80019;\"><\/span><\/span> A partir de 15 ans !<\/strong><\/span><\/p>\n<p style=\"text-align: left;\"><span style=\"color: #888888;\"><strong><span class=\"icon-container\"><span class=\"fa fa-check\" style=\"color:#d80019;\"><\/span><\/span> Approfondir les comp\u00e9tences et les performances<\/strong><\/span><\/p>\n<p style=\"text-align: left;\"><span style=\"color: #888888;\"><strong><span class=\"icon-container\"><span class=\"fa fa-check\" style=\"color:#d80019;\"><\/span><\/span> 4 plongeurs max par moniteur<\/strong><\/span><\/p>\n<p><span style=\"color: #888888;\"><strong><span class=\"icon-container\"><span class=\"fa fa-check\" style=\"color:#d80019;\"><\/span><\/span> 3 jours \/ 2 sessions de formation oc\u00e9an<\/strong><\/span><\/p>\n<p><span style=\"color: #888888;\"><strong><span class=\"icon-container\"><span class=\"fa fa-check\" style=\"color:#d80019;\"><\/span><\/span> Profondeur max 30 m\u00e8tres<\/strong><\/span><\/p>\n<hr class=\"hr--dotted\" \/>\n<p style=\"text-align: center;\"><a class=\"btn  btn-primary\" href=\"https:\/\/blueplanetdivers.net\/fr\/toutes-les-sorties-et-cours\/cours-apnee\/ssi-cours-advanced-freediver\/\" target=\"_self\"> EN SAVOIR PLUS<\/a><\/p>\n<\/div>\n<\/div><\/div><\/div><div id=\"pgc-11225-6-1\"  class=\"panel-grid-cell\" ><div id=\"panel-11225-6-1-0\" class=\"so-panel widget widget_sow-editor panel-first-child\" data-index=\"13\" ><div\n\t\t\t\n\t\t\tclass=\"so-widget-sow-editor so-widget-sow-editor-base\"\n\t\t\t\n\t\t>\n<div class=\"siteorigin-widget-tinymce textwidget\">\n\t<p><img loading=\"lazy\" decoding=\"async\" class=\"aligncenter wp-image-15674 size-full\" src=\"https:\/\/blueplanetdivers.net\/wp-content\/uploads\/2023\/09\/SSI-pro-assistant-instructor-2.jpg\" alt=\"SSI pro instructor assistant course at Koh Lanta. Thailand freedive\" width=\"486\" height=\"864\" srcset=\"https:\/\/blueplanetdivers.net\/wp-content\/uploads\/2023\/09\/SSI-pro-assistant-instructor-2.jpg 486w, https:\/\/blueplanetdivers.net\/wp-content\/uploads\/2023\/09\/SSI-pro-assistant-instructor-2-169x300.jpg 169w, https:\/\/blueplanetdivers.net\/wp-content\/uploads\/2023\/09\/SSI-pro-assistant-instructor-2-304x540.jpg 304w\" sizes=\"auto, (max-width: 486px) 100vw, 486px\" \/><\/p>\n<\/div>\n<\/div><\/div><div id=\"panel-11225-6-1-1\" class=\"so-panel widget widget_sow-editor panel-last-child\" data-index=\"14\" ><div\n\t\t\t\n\t\t\tclass=\"so-widget-sow-editor so-widget-sow-editor-base\"\n\t\t\t\n\t\t>\n<div class=\"siteorigin-widget-tinymce textwidget\">\n\t<h3 class=\"media-heading\">Cours d'apn\u00e9e Assistant Instructor<\/h3>\n<hr class=\"hr--dotted\" \/>\n<p align=\"justify\">Le cours d'apn\u00e9e Assistant Instructor est la premi\u00e8re \u00e9tape professionnelle avant de devenir moniteur. Vous apprendrez pendant pr\u00e8s de deux semaines \u00e0 g\u00e9rer des groupes de personnes en assistant notre instructeur. Il ne s'agit plus seulement d'acqu\u00e9rir des connaissances th\u00e9oriques mais d'anticiper les apprentissages des \u00e9l\u00e8ves du cours et comment les enseigner tout en \u00e9tant encadr\u00e9.<\/p>\n<p style=\"text-align: left;\"><span style=\"color: #888888;\"><strong><span class=\"icon-container\"><span class=\"fa fa-check\" style=\"color:#d80019;\"><\/span><\/span> A partir de 18 ans !<\/strong><\/span><\/p>\n<p style=\"text-align: left;\"><span style=\"color: #888888;\"><strong><span class=\"icon-container\"><span class=\"fa fa-check\" style=\"color:#d80019;\"><\/span><\/span> Apprendre \u00e0 devenir assistant pro<\/strong><\/span><\/p>\n<p style=\"text-align: left;\"><span style=\"color: #888888;\"><strong><span class=\"icon-container\"><span class=\"fa fa-check\" style=\"color:#d80019;\"><\/span><\/span> 4 plongeurs max par moniteur<\/strong><\/span><\/p>\n<p><span style=\"color: #888888;\"><strong><span class=\"icon-container\"><span class=\"fa fa-check\" style=\"color:#d80019;\"><\/span><\/span> Au moins 7\u00a0 jours<\/strong><\/span><\/p>\n<p><span style=\"color: #888888;\"><strong><span class=\"icon-container\"><span class=\"fa fa-check\" style=\"color:#d80019;\"><\/span><\/span> Certifi\u00e9 coach 20 m\u00e8tres<\/strong><\/span><\/p>\n<hr class=\"hr--dotted\" \/>\n<a class=\"btn  btn-primary\" href=\"https:\/\/blueplanetdivers.net\/fr\/toutes-les-sorties-et-cours\/cours-apnee\/ssi-pro-assistant-intructor-apneiste\/\" target=\"_self\"> EN SAVOIR PLUS<\/a>\n<\/div>\n<\/div><\/div><\/div><\/div><div id=\"pg-11225-7\"  class=\"panel-grid panel-no-style\" ><div id=\"pgc-11225-7-0\"  class=\"panel-grid-cell\" ><div id=\"panel-11225-7-0-0\" class=\"so-panel widget widget_sow-editor panel-first-child\" data-index=\"15\" ><div\n\t\t\t\n\t\t\tclass=\"so-widget-sow-editor so-widget-sow-editor-base\"\n\t\t\t\n\t\t>\n<div class=\"siteorigin-widget-tinymce textwidget\">\n\t<p><img loading=\"lazy\" decoding=\"async\" class=\"aligncenter wp-image-6208 size-full\" src=\"https:\/\/blueplanetdivers.net\/wp-content\/uploads\/2021\/06\/scuba_diving_course_koh_haa_ko_lanta.jpg\" alt=\"\" width=\"1200\" height=\"351\" srcset=\"https:\/\/blueplanetdivers.net\/wp-content\/uploads\/2021\/06\/scuba_diving_course_koh_haa_ko_lanta.jpg 1200w, https:\/\/blueplanetdivers.net\/wp-content\/uploads\/2021\/06\/scuba_diving_course_koh_haa_ko_lanta-300x88.jpg 300w, https:\/\/blueplanetdivers.net\/wp-content\/uploads\/2021\/06\/scuba_diving_course_koh_haa_ko_lanta-1024x300.jpg 1024w, https:\/\/blueplanetdivers.net\/wp-content\/uploads\/2021\/06\/scuba_diving_course_koh_haa_ko_lanta-768x225.jpg 768w, https:\/\/blueplanetdivers.net\/wp-content\/uploads\/2021\/06\/scuba_diving_course_koh_haa_ko_lanta-540x158.jpg 540w, https:\/\/blueplanetdivers.net\/wp-content\/uploads\/2021\/06\/scuba_diving_course_koh_haa_ko_lanta-600x176.jpg 600w\" sizes=\"auto, (max-width: 1200px) 100vw, 1200px\" \/><\/p>\n<\/div>\n<\/div><\/div><div id=\"panel-11225-7-0-1\" class=\"so-panel widget widget_sow-button panel-last-child\" data-index=\"16\" ><div\n\t\t\t\n\t\t\tclass=\"so-widget-sow-button so-widget-sow-button-atom-f3c7305f79a7-11225\"\n\t\t\t\n\t\t><div class=\"ow-button-base ow-button-align-center\"\n>\n\t\t\t<a\n\t\t\t\t\thref=\"https:\/\/blueplanetdivers.net\/fr\/?page_id=11113\"\n\t\t\t\t\tclass=\"sowb-button ow-icon-placement-left ow-button-hover\" \t>\n\t\t<span>\n\t\t\t\n\t\t\tNous contacter\t\t<\/span>\n\t\t\t<\/a>\n\t<\/div>\n<\/div><\/div><\/div><\/div><\/div>","protected":false},"excerpt":{"rendered":"<p>Avez-vous d\u00e9j\u00e0 voulu pousser vos limites en faisant du simple snorkeling ? Blue Planet Divers propose une mutlitude de cours d&rsquo;apn\u00e9e. D\u00e9couvrez une journ\u00e9e, apprenez avec un cours complet ou entrainez-vous en temps qu&rsquo;apn\u00e9iste certfi\u00e9.<\/p>\n","protected":false},"author":2,"featured_media":0,"parent":11373,"menu_order":0,"comment_status":"closed","ping_status":"closed","template":"","meta":{"_acf_changed":false,"footnotes":""},"class_list":["post-11225","page","type-page","status-publish","hentry","clearfix"],"acf":[],"_links":{"self":[{"href":"https:\/\/blueplanetdivers.net\/fr\/wp-json\/wp\/v2\/pages\/11225","targetHints":{"allow":["GET"]}}],"collection":[{"href":"https:\/\/blueplanetdivers.net\/fr\/wp-json\/wp\/v2\/pages"}],"about":[{"href":"https:\/\/blueplanetdivers.net\/fr\/wp-json\/wp\/v2\/types\/page"}],"author":[{"embeddable":true,"href":"https:\/\/blueplanetdivers.net\/fr\/wp-json\/wp\/v2\/users\/2"}],"replies":[{"embeddable":true,"href":"https:\/\/blueplanetdivers.net\/fr\/wp-json\/wp\/v2\/comments?post=11225"}],"version-history":[{"count":5,"href":"https:\/\/blueplanetdivers.net\/fr\/wp-json\/wp\/v2\/pages\/11225\/revisions"}],"predecessor-version":[{"id":15706,"href":"https:\/\/blueplanetdivers.net\/fr\/wp-json\/wp\/v2\/pages\/11225\/revisions\/15706"}],"up":[{"embeddable":true,"href":"https:\/\/blueplanetdivers.net\/fr\/wp-json\/wp\/v2\/pages\/11373"}],"wp:attachment":[{"href":"https:\/\/blueplanetdivers.net\/fr\/wp-json\/wp\/v2\/media?parent=11225"}],"curies":[{"name":"wp","href":"https:\/\/api.w.org\/{rel}","templated":true}]}}