{"id":11266,"date":"2021-10-12T09:45:00","date_gmt":"2021-10-12T02:45:00","guid":{"rendered":"https:\/\/new.blueplanetdivers.net\/chartes-privees\/"},"modified":"2022-06-27T15:53:32","modified_gmt":"2022-06-27T08:53:32","slug":"koh-lanta-bateau-prive","status":"publish","type":"page","link":"https:\/\/blueplanetdivers.net\/fr\/chartes-privees\/","title":{"rendered":"Bateau priv\u00e9"},"content":{"rendered":"<div id=\"pl-11266\"  class=\"panel-layout\" ><div id=\"pg-11266-0\"  class=\"panel-grid panel-no-style\" ><div id=\"pgc-11266-0-0\"  class=\"panel-grid-cell\" ><div id=\"panel-11266-0-0-0\" class=\"so-panel widget widget_sow-editor panel-first-child panel-last-child\" data-index=\"0\" ><div\n\t\t\t\n\t\t\tclass=\"so-widget-sow-editor so-widget-sow-editor-base\"\n\t\t\t\n\t\t>\n<div class=\"siteorigin-widget-tinymce textwidget\">\n\t<h1 style=\"text-align: center;\"><img loading=\"lazy\" decoding=\"async\" class=\"aligncenter wp-image-14024 size-full\" src=\"https:\/\/blueplanetdivers.net\/wp-content\/uploads\/2022\/06\/Koh-Haa_008.jpg\" alt=\"Lanta Private Charter Koh Haa, Koh Rok trips\" width=\"1200\" height=\"350\" srcset=\"https:\/\/blueplanetdivers.net\/wp-content\/uploads\/2022\/06\/Koh-Haa_008.jpg 1200w, https:\/\/blueplanetdivers.net\/wp-content\/uploads\/2022\/06\/Koh-Haa_008-300x88.jpg 300w, https:\/\/blueplanetdivers.net\/wp-content\/uploads\/2022\/06\/Koh-Haa_008-1024x299.jpg 1024w, https:\/\/blueplanetdivers.net\/wp-content\/uploads\/2022\/06\/Koh-Haa_008-768x224.jpg 768w, https:\/\/blueplanetdivers.net\/wp-content\/uploads\/2022\/06\/Koh-Haa_008-540x158.jpg 540w, https:\/\/blueplanetdivers.net\/wp-content\/uploads\/2022\/06\/Koh-Haa_008-600x175.jpg 600w\" sizes=\"auto, (max-width: 1200px) 100vw, 1200px\" \/><\/h1>\n<p>&nbsp;<\/p>\n<h2 style=\"text-align: center;\">Koh Lanta bateau priv\u00e9 sur les plus belles \u00eeles \u00e9loign\u00e9es<\/h2>\n<p>&nbsp;<\/p>\n<hr class=\"rope\" \/>\n<\/div>\n<\/div><\/div><\/div><\/div><div id=\"pg-11266-1\"  class=\"panel-grid panel-no-style\" ><div id=\"pgc-11266-1-0\"  class=\"panel-grid-cell\" ><div id=\"panel-11266-1-0-0\" class=\"so-panel widget widget_sow-editor panel-first-child\" data-index=\"1\" ><div\n\t\t\t\n\t\t\tclass=\"so-widget-sow-editor so-widget-sow-editor-base\"\n\t\t\t\n\t\t>\n<div class=\"siteorigin-widget-tinymce textwidget\">\n\t<div class=\"siteorigin-widget-tinymce textwidget\">\n<h3 align=\"justify\">Lanta en priv\u00e9, louez votre propre bateau!<\/h3>\n<p align=\"justify\">A Koh Lanta bateau priv\u00e9, nous avons des navires disponibles pour faire votre propre sortie en famille ou entre amis. De plus, nos diverses destinations et nos connaissances accrues sur les \u00eeles voisinantes vont parfaire votre journ\u00e9e. Pour preuve aussi de notre qualit\u00e9 de sevice, nous organiserons votre sortie avec notre rapide et tr\u00e8s confortable petit catamaran. Vous d\u00e9couvrirez des sites et plages magnifique tout au long de la sortie. Attendez \u00e0 observer de nombreuses esp\u00e8ces de faune et flore sous-marine.<\/p>\n<\/div>\n<\/div>\n<\/div><\/div><div id=\"panel-11266-1-0-1\" class=\"so-panel widget widget_sow-editor\" data-index=\"2\" ><div\n\t\t\t\n\t\t\tclass=\"so-widget-sow-editor so-widget-sow-editor-base\"\n\t\t\t\n\t\t>\n<div class=\"siteorigin-widget-tinymce textwidget\">\n\t<style type=\"text\/css\">\n\t#foogallery-gallery-14023 .fg-image {\n        width: 150px;\n    }\n<\/style>\n\t\t\t\t<div class=\"foogallery foogallery-container foogallery-default foogallery-lightbox-foobox fg-gutter-10 fg-center fg-default fg-light fg-border-thin fg-shadow-outline fg-loading-bars fg-loaded-fade-in fg-caption-hover fg-hover-fade fg-hover-zoom fg-ready\" id=\"foogallery-gallery-14023\" data-foogallery=\"{&quot;item&quot;:{&quot;showCaptionTitle&quot;:true,&quot;showCaptionDescription&quot;:true},&quot;lazy&quot;:true}\" >\n\t<div class=\"fg-item fg-type-image fg-idle\"><figure class=\"fg-item-inner\"><a href=\"https:\/\/blueplanetdivers.net\/wp-content\/uploads\/2022\/06\/cat-8-Copy.jpg\" data-attachment-id=\"14031\" class=\"fg-thumb\"><span class=\"fg-image-wrap\"><img decoding=\"async\" alt=\"Koh Lanta Private Charter, trip to Koh Haa or Koh Rok in Thailand\" width=\"150\" height=\"150\" class=\"skip-lazy fg-image\" data-no-lazy=\"1\" data-src-fg=\"https:\/\/blueplanetdivers.net\/wp-content\/uploads\/cache\/2022\/06\/cat-8-Copy\/1646887310.jpg\" src=\"data:image\/svg+xml,%3Csvg%20xmlns%3D%22http%3A%2F%2Fwww.w3.org%2F2000%2Fsvg%22%20width%3D%22150%22%20height%3D%22150%22%20viewBox%3D%220%200%20150%20150%22%3E%3C%2Fsvg%3E\" loading=\"eager\"><\/span><span class=\"fg-image-overlay\"><\/span><\/a><figcaption class=\"fg-caption\"><div class=\"fg-caption-inner\"><\/div><\/figcaption><\/figure><div class=\"fg-loader\"><\/div><\/div><div class=\"fg-item fg-type-image fg-idle\"><figure class=\"fg-item-inner\"><a href=\"https:\/\/blueplanetdivers.net\/wp-content\/uploads\/2022\/06\/cat-9.jpg\" data-attachment-id=\"14036\" class=\"fg-thumb\"><span class=\"fg-image-wrap\"><img decoding=\"async\" width=\"150\" height=\"150\" class=\"skip-lazy fg-image\" data-no-lazy=\"1\" data-src-fg=\"https:\/\/blueplanetdivers.net\/wp-content\/uploads\/cache\/2022\/06\/cat-9\/138044438.jpg\" src=\"data:image\/svg+xml,%3Csvg%20xmlns%3D%22http%3A%2F%2Fwww.w3.org%2F2000%2Fsvg%22%20width%3D%22150%22%20height%3D%22150%22%20viewBox%3D%220%200%20150%20150%22%3E%3C%2Fsvg%3E\" loading=\"eager\"><\/span><span class=\"fg-image-overlay\"><\/span><\/a><figcaption class=\"fg-caption\"><div class=\"fg-caption-inner\"><\/div><\/figcaption><\/figure><div class=\"fg-loader\"><\/div><\/div><div class=\"fg-item fg-type-image fg-idle\"><figure class=\"fg-item-inner\"><a href=\"https:\/\/blueplanetdivers.net\/wp-content\/uploads\/2022\/06\/IMG_1296.jpg\" data-attachment-id=\"14041\" class=\"fg-thumb\"><span class=\"fg-image-wrap\"><img decoding=\"async\" width=\"150\" height=\"150\" class=\"skip-lazy fg-image\" data-no-lazy=\"1\" data-src-fg=\"https:\/\/blueplanetdivers.net\/wp-content\/uploads\/cache\/2022\/06\/IMG_1296\/658039704.jpg\" src=\"data:image\/svg+xml,%3Csvg%20xmlns%3D%22http%3A%2F%2Fwww.w3.org%2F2000%2Fsvg%22%20width%3D%22150%22%20height%3D%22150%22%20viewBox%3D%220%200%20150%20150%22%3E%3C%2Fsvg%3E\" loading=\"eager\"><\/span><span class=\"fg-image-overlay\"><\/span><\/a><figcaption class=\"fg-caption\"><div class=\"fg-caption-inner\"><\/div><\/figcaption><\/figure><div class=\"fg-loader\"><\/div><\/div><div class=\"fg-item fg-type-image fg-idle\"><figure class=\"fg-item-inner\"><a href=\"https:\/\/blueplanetdivers.net\/wp-content\/uploads\/2022\/06\/IMG_1319.jpg\" data-attachment-id=\"14046\" class=\"fg-thumb\"><span class=\"fg-image-wrap\"><img decoding=\"async\" width=\"150\" height=\"150\" class=\"skip-lazy fg-image\" data-no-lazy=\"1\" data-src-fg=\"https:\/\/blueplanetdivers.net\/wp-content\/uploads\/cache\/2022\/06\/IMG_1319\/388749414.jpg\" src=\"data:image\/svg+xml,%3Csvg%20xmlns%3D%22http%3A%2F%2Fwww.w3.org%2F2000%2Fsvg%22%20width%3D%22150%22%20height%3D%22150%22%20viewBox%3D%220%200%20150%20150%22%3E%3C%2Fsvg%3E\" loading=\"eager\"><\/span><span class=\"fg-image-overlay\"><\/span><\/a><figcaption class=\"fg-caption\"><div class=\"fg-caption-inner\"><\/div><\/figcaption><\/figure><div class=\"fg-loader\"><\/div><\/div><div class=\"fg-item fg-type-image fg-idle\"><figure class=\"fg-item-inner\"><a href=\"https:\/\/blueplanetdivers.net\/wp-content\/uploads\/2022\/06\/IMG_1333.jpg\" data-attachment-id=\"14051\" class=\"fg-thumb\"><span class=\"fg-image-wrap\"><img decoding=\"async\" width=\"150\" height=\"150\" class=\"skip-lazy fg-image\" data-no-lazy=\"1\" data-src-fg=\"https:\/\/blueplanetdivers.net\/wp-content\/uploads\/cache\/2022\/06\/IMG_1333\/2206763677.jpg\" src=\"data:image\/svg+xml,%3Csvg%20xmlns%3D%22http%3A%2F%2Fwww.w3.org%2F2000%2Fsvg%22%20width%3D%22150%22%20height%3D%22150%22%20viewBox%3D%220%200%20150%20150%22%3E%3C%2Fsvg%3E\" loading=\"eager\"><\/span><span class=\"fg-image-overlay\"><\/span><\/a><figcaption class=\"fg-caption\"><div class=\"fg-caption-inner\"><\/div><\/figcaption><\/figure><div class=\"fg-loader\"><\/div><\/div><div class=\"fg-item fg-type-image fg-idle\"><figure class=\"fg-item-inner\"><a href=\"https:\/\/blueplanetdivers.net\/wp-content\/uploads\/2022\/06\/IMG_1336.jpg\" data-attachment-id=\"14056\" class=\"fg-thumb\"><span class=\"fg-image-wrap\"><img decoding=\"async\" alt=\"Koh Lanta Private Charter, trip to Koh Haa or Koh Rok in Thailand\" width=\"150\" height=\"150\" class=\"skip-lazy fg-image\" data-no-lazy=\"1\" data-src-fg=\"https:\/\/blueplanetdivers.net\/wp-content\/uploads\/cache\/2022\/06\/IMG_1336\/1983997069.jpg\" src=\"data:image\/svg+xml,%3Csvg%20xmlns%3D%22http%3A%2F%2Fwww.w3.org%2F2000%2Fsvg%22%20width%3D%22150%22%20height%3D%22150%22%20viewBox%3D%220%200%20150%20150%22%3E%3C%2Fsvg%3E\" loading=\"eager\"><\/span><span class=\"fg-image-overlay\"><\/span><\/a><figcaption class=\"fg-caption\"><div class=\"fg-caption-inner\"><\/div><\/figcaption><\/figure><div class=\"fg-loader\"><\/div><\/div><div class=\"fg-item fg-type-image fg-idle\"><figure class=\"fg-item-inner\"><a href=\"https:\/\/blueplanetdivers.net\/wp-content\/uploads\/2022\/06\/IMG_1349.jpg\" data-attachment-id=\"14061\" class=\"fg-thumb\"><span class=\"fg-image-wrap\"><img decoding=\"async\" alt=\"Koh Lanta Private Charter, trip to Koh Haa or Koh Rok in Thailand\" width=\"150\" height=\"150\" class=\"skip-lazy fg-image\" data-no-lazy=\"1\" data-src-fg=\"https:\/\/blueplanetdivers.net\/wp-content\/uploads\/cache\/2022\/06\/IMG_1349\/379418270.jpg\" src=\"data:image\/svg+xml,%3Csvg%20xmlns%3D%22http%3A%2F%2Fwww.w3.org%2F2000%2Fsvg%22%20width%3D%22150%22%20height%3D%22150%22%20viewBox%3D%220%200%20150%20150%22%3E%3C%2Fsvg%3E\" loading=\"eager\"><\/span><span class=\"fg-image-overlay\"><\/span><\/a><figcaption class=\"fg-caption\"><div class=\"fg-caption-inner\"><\/div><\/figcaption><\/figure><div class=\"fg-loader\"><\/div><\/div><div class=\"fg-item fg-type-image fg-idle\"><figure class=\"fg-item-inner\"><a href=\"https:\/\/blueplanetdivers.net\/wp-content\/uploads\/2022\/06\/IMG_1358.jpg\" data-attachment-id=\"14066\" class=\"fg-thumb\"><span class=\"fg-image-wrap\"><img decoding=\"async\" alt=\"Koh Lanta Private Charter, trip to Koh Haa or Koh Rok in Thailand\" width=\"150\" height=\"150\" class=\"skip-lazy fg-image\" data-no-lazy=\"1\" data-src-fg=\"https:\/\/blueplanetdivers.net\/wp-content\/uploads\/cache\/2022\/06\/IMG_1358\/1885700663.jpg\" src=\"data:image\/svg+xml,%3Csvg%20xmlns%3D%22http%3A%2F%2Fwww.w3.org%2F2000%2Fsvg%22%20width%3D%22150%22%20height%3D%22150%22%20viewBox%3D%220%200%20150%20150%22%3E%3C%2Fsvg%3E\" loading=\"eager\"><\/span><span class=\"fg-image-overlay\"><\/span><\/a><figcaption class=\"fg-caption\"><div class=\"fg-caption-inner\"><\/div><\/figcaption><\/figure><div class=\"fg-loader\"><\/div><\/div><div class=\"fg-item fg-type-image fg-idle\"><figure class=\"fg-item-inner\"><a href=\"https:\/\/blueplanetdivers.net\/wp-content\/uploads\/2022\/06\/IMG_1366.jpg\" data-attachment-id=\"14071\" class=\"fg-thumb\"><span class=\"fg-image-wrap\"><img decoding=\"async\" width=\"150\" height=\"150\" class=\"skip-lazy fg-image\" data-no-lazy=\"1\" data-src-fg=\"https:\/\/blueplanetdivers.net\/wp-content\/uploads\/cache\/2022\/06\/IMG_1366\/2012727925.jpg\" src=\"data:image\/svg+xml,%3Csvg%20xmlns%3D%22http%3A%2F%2Fwww.w3.org%2F2000%2Fsvg%22%20width%3D%22150%22%20height%3D%22150%22%20viewBox%3D%220%200%20150%20150%22%3E%3C%2Fsvg%3E\" loading=\"eager\"><\/span><span class=\"fg-image-overlay\"><\/span><\/a><figcaption class=\"fg-caption\"><div class=\"fg-caption-inner\"><\/div><\/figcaption><\/figure><div class=\"fg-loader\"><\/div><\/div><div class=\"fg-item fg-type-image fg-idle\"><figure class=\"fg-item-inner\"><a href=\"https:\/\/blueplanetdivers.net\/wp-content\/uploads\/2022\/06\/koh-haa-18.jpg\" data-attachment-id=\"14076\" class=\"fg-thumb\"><span class=\"fg-image-wrap\"><img decoding=\"async\" alt=\"Koh Lanta Private Charter, trip to Koh Haa or Koh Rok in Thailand\" width=\"150\" height=\"150\" class=\"skip-lazy fg-image\" data-no-lazy=\"1\" data-src-fg=\"https:\/\/blueplanetdivers.net\/wp-content\/uploads\/cache\/2022\/06\/koh-haa-18\/4110172693.jpg\" src=\"data:image\/svg+xml,%3Csvg%20xmlns%3D%22http%3A%2F%2Fwww.w3.org%2F2000%2Fsvg%22%20width%3D%22150%22%20height%3D%22150%22%20viewBox%3D%220%200%20150%20150%22%3E%3C%2Fsvg%3E\" loading=\"eager\"><\/span><span class=\"fg-image-overlay\"><\/span><\/a><figcaption class=\"fg-caption\"><div class=\"fg-caption-inner\"><\/div><\/figcaption><\/figure><div class=\"fg-loader\"><\/div><\/div><div class=\"fg-item fg-type-image fg-idle\"><figure class=\"fg-item-inner\"><a href=\"https:\/\/blueplanetdivers.net\/wp-content\/uploads\/2022\/06\/6-Koh-haa-clear-water.jpg\" data-attachment-id=\"14081\" class=\"fg-thumb\"><span class=\"fg-image-wrap\"><img decoding=\"async\" alt=\"Koh Lanta Private Charter, trip to Koh Haa or Koh Rok in Thailand\" width=\"150\" height=\"150\" class=\"skip-lazy fg-image\" data-no-lazy=\"1\" data-src-fg=\"https:\/\/blueplanetdivers.net\/wp-content\/uploads\/cache\/2022\/06\/6-Koh-haa-clear-water\/3851953634.jpg\" src=\"data:image\/svg+xml,%3Csvg%20xmlns%3D%22http%3A%2F%2Fwww.w3.org%2F2000%2Fsvg%22%20width%3D%22150%22%20height%3D%22150%22%20viewBox%3D%220%200%20150%20150%22%3E%3C%2Fsvg%3E\" loading=\"eager\"><\/span><span class=\"fg-image-overlay\"><\/span><\/a><figcaption class=\"fg-caption\"><div class=\"fg-caption-inner\"><\/div><\/figcaption><\/figure><div class=\"fg-loader\"><\/div><\/div><div class=\"fg-item fg-type-image fg-idle\"><figure class=\"fg-item-inner\"><a href=\"https:\/\/blueplanetdivers.net\/wp-content\/uploads\/2022\/06\/cat-interior-14.jpg\" data-attachment-id=\"14086\" class=\"fg-thumb\"><span class=\"fg-image-wrap\"><img decoding=\"async\" width=\"150\" height=\"150\" class=\"skip-lazy fg-image\" data-no-lazy=\"1\" data-src-fg=\"https:\/\/blueplanetdivers.net\/wp-content\/uploads\/cache\/2022\/06\/cat-interior-14\/1701175065.jpg\" src=\"data:image\/svg+xml,%3Csvg%20xmlns%3D%22http%3A%2F%2Fwww.w3.org%2F2000%2Fsvg%22%20width%3D%22150%22%20height%3D%22150%22%20viewBox%3D%220%200%20150%20150%22%3E%3C%2Fsvg%3E\" loading=\"eager\"><\/span><span class=\"fg-image-overlay\"><\/span><\/a><figcaption class=\"fg-caption\"><div class=\"fg-caption-inner\"><\/div><\/figcaption><\/figure><div class=\"fg-loader\"><\/div><\/div><\/div>\n\n<\/div>\n<\/div><\/div><div id=\"panel-11266-1-0-2\" class=\"so-panel widget widget_sow-editor panel-last-child\" data-index=\"3\" ><div\n\t\t\t\n\t\t\tclass=\"so-widget-sow-editor so-widget-sow-editor-base\"\n\t\t\t\n\t\t>\n<div class=\"siteorigin-widget-tinymce textwidget\">\n\t<p>&nbsp;<\/p>\n<hr class=\"hr--dotted\" \/>\n<h3 align=\"justify\">Organisez votre sortie!<\/h3>\n<p align=\"justify\">A Koh Lanta bateau priv\u00e9, nous sommes flexibles sur votre projet:<\/p>\n<p>&nbsp;<\/p>\n<p style=\"text-align: left;\"><span style=\"color: #888888;\"><strong><span class=\"icon-container\"><span class=\"fa fa-check\" style=\"color:#33ff33;\"><\/span><\/span>\u00a0 \u00a0Sorties disponibles sur la pluspart des \u00eeles voisinantes Koh lanta.<\/strong><\/span><\/p>\n<p style=\"text-align: left;\"><span style=\"color: #888888;\"><strong><span class=\"icon-container\"><span class=\"fa fa-check\" style=\"color:#33ff33;\"><\/span><\/span>\u00a0 \u00a0Choississez les horaires en fonction de vos besoins.<\/strong><\/span><\/p>\n<p style=\"text-align: left;\"><span style=\"color: #888888;\"><strong><span class=\"icon-container\"><span class=\"fa fa-check\" style=\"color:#33ff33;\"><\/span><\/span> \u00a0\u00a0Multiple activit\u00e9s disponible en fonction du lieu choisi.<\/strong><\/span><\/p>\n<p style=\"text-align: left;\"><span style=\"color: #888888;\"><strong><span class=\"icon-container\"><span class=\"fa fa-check\" style=\"color:#33ff33;\"><\/span><\/span>\u00a0 \u00a0Petit-d\u00e9jeun\u00e9, repas de midi, collations, boissons et fruits.<\/strong><\/span><\/p>\n<p style=\"text-align: left;\"><span style=\"color: #888888;\"><strong><span class=\"icon-container\"><span class=\"fa fa-check\" style=\"color:#33ff33;\"><\/span><\/span>\u00a0 \u00a0Tous les \u00e9quipements pour snorkeling ou la plong\u00e9e.<\/strong><\/span><\/p>\n<p style=\"text-align: left;\"><span style=\"color: #888888;\"><strong><span class=\"icon-container\"><span class=\"fa fa-check\" style=\"color:#33ff33;\"><\/span><\/span> \u00a0\u00a0Multi-langue, passionn\u00e9 et amicale guide \/ instructeurs.<\/strong><\/span><\/p>\n<p style=\"text-align: left;\"><span style=\"color: #888888;\"><strong><span class=\"icon-container\"><span class=\"fa fa-check\" style=\"color:#33ff33;\"><\/span><\/span> \u00a0\u00a0Professional, knowledgeable captains and crews<\/strong><\/span><\/p>\n<p style=\"text-align: left;\"><span style=\"color: #888888;\"><strong><span class=\"icon-container\"><span class=\"fa fa-check\" style=\"color:#33ff33;\"><\/span><\/span> \u00a0\u00a0Fast boat to optimise your travel times between sites.<\/strong><\/span><\/p>\n<\/div>\n<\/div><\/div><\/div><\/div><div id=\"pg-11266-2\"  class=\"panel-grid panel-no-style\" ><div id=\"pgc-11266-2-0\"  class=\"panel-grid-cell\" ><div id=\"panel-11266-2-0-0\" class=\"so-panel widget widget_sow-editor panel-first-child\" data-index=\"4\" ><div\n\t\t\t\n\t\t\tclass=\"so-widget-sow-editor so-widget-sow-editor-base\"\n\t\t\t\n\t\t>\n<div class=\"siteorigin-widget-tinymce textwidget\">\n\t<p>&nbsp;<\/p>\n<hr class=\"hr--dotted\" \/>\n<p>&nbsp;<\/p>\n<p align=\"justify\"><strong>Lanta Private Charter has different offer depending on the trip location &amp; needs. To do so, please contact us so we can adjust a price to make sure you get every activites and services you wish to.<\/strong><\/p>\n<p>&nbsp;<\/p>\n<hr class=\"hr--dotted\" \/>\n<\/div>\n<\/div><\/div><div id=\"panel-11266-2-0-1\" class=\"so-panel widget widget_sow-video panel-last-child\" data-index=\"5\" ><div\n\t\t\t\n\t\t\tclass=\"so-widget-sow-video so-widget-sow-video-default-f379b959fc93-11266\"\n\t\t\t\n\t\t><h3 class=\"widget-title\"><span class=\"widget-title__inline\">Take a breath in Koh Lanta<\/span><\/h3>\n<div class=\"sow-video-wrapper\n use-fitvids\">\n\t\t\t<video\n\t\t\tid=\"sow-player-1\" class=\"sow-video-widget\" preload=\"auto\" style=\"width:100%;height:100%;\" autoplay playsinline muted=\"1\" controls \t\t>\n\t\t\t\t\t\t\t<source type=\"\" src=\"https:\/\/www.youtube.com\/watch?v=ecwBuidy3Cg\"\/>\n\t\t\t\t\t<\/video>\n\t<\/div>\n<\/div><\/div><\/div><\/div><div id=\"pg-11266-3\"  class=\"panel-grid panel-no-style\" ><div id=\"pgc-11266-3-0\"  class=\"panel-grid-cell\" ><div id=\"panel-11266-3-0-0\" class=\"so-panel widget widget_sow-button panel-first-child panel-last-child\" data-index=\"6\" ><div\n\t\t\t\n\t\t\tclass=\"so-widget-sow-button so-widget-sow-button-atom-f3c7305f79a7-11266\"\n\t\t\t\n\t\t><div class=\"ow-button-base ow-button-align-center\"\n>\n\t\t\t<a\n\t\t\t\t\thref=\"https:\/\/blueplanetdivers.net\/contact-us\/\"\n\t\t\t\t\tclass=\"sowb-button ow-icon-placement-left ow-button-hover\" \t>\n\t\t<span>\n\t\t\t\n\t\t\tContact Us\t\t<\/span>\n\t\t\t<\/a>\n\t<\/div>\n<\/div><\/div><\/div><\/div><\/div>","protected":false},"excerpt":{"rendered":"<p>&nbsp; Koh Lanta bateau priv\u00e9 sur les plus belles \u00eeles \u00e9loign\u00e9es &nbsp; Lanta en priv\u00e9, louez votre propre bateau! A Koh Lanta bateau priv\u00e9, nous avons des navires disponibles pour faire votre propre sortie en famille ou entre amis. De plus, nos diverses destinations et nos connaissances accrues sur les \u00eeles voisinantes vont parfaire votre &hellip;<\/p>\n","protected":false},"author":2,"featured_media":0,"parent":0,"menu_order":0,"comment_status":"closed","ping_status":"closed","template":"","meta":{"_acf_changed":false,"footnotes":""},"class_list":["post-11266","page","type-page","status-publish","hentry","clearfix"],"acf":[],"_links":{"self":[{"href":"https:\/\/blueplanetdivers.net\/fr\/wp-json\/wp\/v2\/pages\/11266","targetHints":{"allow":["GET"]}}],"collection":[{"href":"https:\/\/blueplanetdivers.net\/fr\/wp-json\/wp\/v2\/pages"}],"about":[{"href":"https:\/\/blueplanetdivers.net\/fr\/wp-json\/wp\/v2\/types\/page"}],"author":[{"embeddable":true,"href":"https:\/\/blueplanetdivers.net\/fr\/wp-json\/wp\/v2\/users\/2"}],"replies":[{"embeddable":true,"href":"https:\/\/blueplanetdivers.net\/fr\/wp-json\/wp\/v2\/comments?post=11266"}],"version-history":[{"count":5,"href":"https:\/\/blueplanetdivers.net\/fr\/wp-json\/wp\/v2\/pages\/11266\/revisions"}],"predecessor-version":[{"id":14318,"href":"https:\/\/blueplanetdivers.net\/fr\/wp-json\/wp\/v2\/pages\/11266\/revisions\/14318"}],"wp:attachment":[{"href":"https:\/\/blueplanetdivers.net\/fr\/wp-json\/wp\/v2\/media?parent=11266"}],"curies":[{"name":"wp","href":"https:\/\/api.w.org\/{rel}","templated":true}]}}