{"id":11373,"date":"2021-10-12T09:45:56","date_gmt":"2021-10-12T02:45:56","guid":{"rendered":"https:\/\/new.blueplanetdivers.net\/tous-les-voyages-et-cours\/plongee-libre\/"},"modified":"2023-09-11T09:42:44","modified_gmt":"2023-09-11T02:42:44","slug":"plongee-libre","status":"publish","type":"page","link":"https:\/\/blueplanetdivers.net\/fr\/toutes-les-excursions-et-cours\/plongee-apnee\/","title":{"rendered":"Apn\u00e9e"},"content":{"rendered":"<div id=\"pl-11373\"  class=\"panel-layout\" ><div id=\"pg-11373-0\"  class=\"panel-grid panel-no-style\" ><div id=\"pgc-11373-0-0\"  class=\"panel-grid-cell\" ><div id=\"panel-11373-0-0-0\" class=\"so-panel widget widget_sow-editor panel-first-child panel-last-child\" data-index=\"0\" ><div\n\t\t\t\n\t\t\tclass=\"so-widget-sow-editor so-widget-sow-editor-base\"\n\t\t\t\n\t\t>\n<div class=\"siteorigin-widget-tinymce textwidget\">\n\t<h2><img loading=\"lazy\" decoding=\"async\" class=\"aligncenter wp-image-15748 size-full\" src=\"https:\/\/blueplanetdivers.net\/wp-content\/uploads\/2023\/09\/learning-freediving.jpg\" alt=\"Learn freediving in Koh Lanta, Thailand freedive\" width=\"1200\" height=\"400\" srcset=\"https:\/\/blueplanetdivers.net\/wp-content\/uploads\/2023\/09\/learning-freediving.jpg 1200w, https:\/\/blueplanetdivers.net\/wp-content\/uploads\/2023\/09\/learning-freediving-300x100.jpg 300w, https:\/\/blueplanetdivers.net\/wp-content\/uploads\/2023\/09\/learning-freediving-1024x341.jpg 1024w, https:\/\/blueplanetdivers.net\/wp-content\/uploads\/2023\/09\/learning-freediving-768x256.jpg 768w, https:\/\/blueplanetdivers.net\/wp-content\/uploads\/2023\/09\/learning-freediving-540x180.jpg 540w, https:\/\/blueplanetdivers.net\/wp-content\/uploads\/2023\/09\/learning-freediving-600x200.jpg 600w\" sizes=\"auto, (max-width: 1200px) 100vw, 1200px\" \/><\/h2>\n<p>&nbsp;<\/p>\n<h2 style=\"text-align: center;\">Seul centre SSI d'apn\u00e9e \u00e0 Koh Lanta<\/h2>\n<p>&nbsp;<\/p>\n<p align=\"justify\">Blue Planet Apnea a \u00e9t\u00e9 le premier et toujours le seul centre d'apn\u00e9e SSI \u00e0 Koh Lanta depuis plus de 15 ans. Nous proposons tous les cours d'apn\u00e9e, de la journ\u00e9e d\u00e9couverte de l'apn\u00e9e jusqu'\u00e0 devenir instructeur professionnel SSI. Notre moniteur d'apn\u00e9e est tr\u00e8s talentueux. Il vous guidera et enseignera les normes SSI des plus fiables pour votre s\u00e9curit\u00e9. Chaque participant aura la chance d'explorer les parties les plus \u00e9piques de nos sites et toujours sous la supervision de notre moniteur apn\u00e9iste. Nos cours sont en classe de 4 \u00e9tudiants seulement. Cela permet d'\u00eatre plus efficace et plus proche avec ses \u00e9l\u00e8ves.<\/p>\n<\/div>\n<\/div><\/div><\/div><\/div><div id=\"pg-11373-1\"  class=\"panel-grid panel-no-style\" ><div id=\"pgc-11373-1-0\"  class=\"panel-grid-cell\" ><div id=\"panel-11373-1-0-0\" class=\"so-panel widget widget_sow-editor panel-first-child\" data-index=\"1\" ><div\n\t\t\t\n\t\t\tclass=\"so-widget-sow-editor so-widget-sow-editor-base\"\n\t\t\t\n\t\t>\n<div class=\"siteorigin-widget-tinymce textwidget\">\n\t<div class=\"foogallery foogallery-container foogallery-masonry foogallery-lightbox-foobox fg-center fg-masonry fg-light fg-border-thin fg-shadow-small fg-loading-default fg-loaded-fade-in fg-captions-bottom fg-hover-fade fg-hover-plus fg-ready fg-col4\" id=\"foogallery-gallery-7381\" data-foogallery=\"{&quot;item&quot;:{&quot;showCaptionTitle&quot;:true,&quot;showCaptionDescription&quot;:true},&quot;lazy&quot;:true}\" >\n\t\t<div class=\"fg-column-width\"><\/div>\n\t<div class=\"fg-gutter-width\"><\/div>\n\t\t<div class=\"fg-item fg-type-image fg-idle\"><figure class=\"fg-item-inner\"><a href=\"https:\/\/blueplanetdivers.net\/wp-content\/uploads\/2021\/07\/aida_pro_freediving_instructor_training_koh_lanta_thailand.jpg\" data-attachment-id=\"7389\" class=\"fg-thumb\"><span class=\"fg-image-wrap\"><img decoding=\"async\" alt=\"Koh Lanta freediving center, best apnea courses in Thailand\" width=\"232\" height=\"131\" class=\"skip-lazy fg-image\" data-no-lazy=\"1\" data-src-fg=\"https:\/\/blueplanetdivers.net\/wp-content\/uploads\/cache\/2021\/07\/aida_pro_freediving_instructor_training_koh_lanta_thailand\/3274945737.jpg\" src=\"data:image\/svg+xml,%3Csvg%20xmlns%3D%22http%3A%2F%2Fwww.w3.org%2F2000%2Fsvg%22%20width%3D%22232%22%20height%3D%22131%22%20viewBox%3D%220%200%20232%20131%22%3E%3C%2Fsvg%3E\" loading=\"eager\"><\/span><span class=\"fg-image-overlay\"><\/span><\/a><\/figure><div class=\"fg-loader\"><\/div><\/div><div class=\"fg-item fg-type-image fg-idle\"><figure class=\"fg-item-inner\"><a href=\"https:\/\/blueplanetdivers.net\/wp-content\/uploads\/2021\/07\/aida_pro_freediving_pool_static_training_koh_lanta_thailand.jpg\" data-attachment-id=\"7394\" class=\"fg-thumb\"><span class=\"fg-image-wrap\"><img decoding=\"async\" alt=\"Koh Lanta freediving center, best apnea courses in Thailand\" width=\"232\" height=\"131\" class=\"skip-lazy fg-image\" data-no-lazy=\"1\" data-src-fg=\"https:\/\/blueplanetdivers.net\/wp-content\/uploads\/cache\/2021\/07\/aida_pro_freediving_pool_static_training_koh_lanta_thailand\/1682938557.jpg\" src=\"data:image\/svg+xml,%3Csvg%20xmlns%3D%22http%3A%2F%2Fwww.w3.org%2F2000%2Fsvg%22%20width%3D%22232%22%20height%3D%22131%22%20viewBox%3D%220%200%20232%20131%22%3E%3C%2Fsvg%3E\" loading=\"eager\"><\/span><span class=\"fg-image-overlay\"><\/span><\/a><\/figure><div class=\"fg-loader\"><\/div><\/div><div class=\"fg-item fg-type-image fg-idle\"><figure class=\"fg-item-inner\"><a href=\"https:\/\/blueplanetdivers.net\/wp-content\/uploads\/2021\/07\/discover_freediving_fun_sea_training_koh_lanta_thailand.jpg\" data-attachment-id=\"7404\" class=\"fg-thumb\"><span class=\"fg-image-wrap\"><img decoding=\"async\" alt=\"Koh Lanta freediving center, best apnea courses in Thailand\" width=\"232\" height=\"131\" class=\"skip-lazy fg-image\" data-no-lazy=\"1\" data-src-fg=\"https:\/\/blueplanetdivers.net\/wp-content\/uploads\/cache\/2021\/07\/discover_freediving_fun_sea_training_koh_lanta_thailand\/163106548.jpg\" src=\"data:image\/svg+xml,%3Csvg%20xmlns%3D%22http%3A%2F%2Fwww.w3.org%2F2000%2Fsvg%22%20width%3D%22232%22%20height%3D%22131%22%20viewBox%3D%220%200%20232%20131%22%3E%3C%2Fsvg%3E\" loading=\"eager\"><\/span><span class=\"fg-image-overlay\"><\/span><\/a><\/figure><div class=\"fg-loader\"><\/div><\/div><div class=\"fg-item fg-type-image fg-idle\"><figure class=\"fg-item-inner\"><a href=\"https:\/\/blueplanetdivers.net\/wp-content\/uploads\/2021\/07\/freediving_aida_courses_koh_lanta_thailand.jpg\" data-attachment-id=\"7409\" class=\"fg-thumb\"><span class=\"fg-image-wrap\"><img decoding=\"async\" alt=\"Koh Lanta freediving center, best apnea courses in Thailand\" width=\"232\" height=\"131\" class=\"skip-lazy fg-image\" data-no-lazy=\"1\" data-src-fg=\"https:\/\/blueplanetdivers.net\/wp-content\/uploads\/cache\/2021\/07\/freediving_aida_courses_koh_lanta_thailand\/3618559244.jpg\" src=\"data:image\/svg+xml,%3Csvg%20xmlns%3D%22http%3A%2F%2Fwww.w3.org%2F2000%2Fsvg%22%20width%3D%22232%22%20height%3D%22131%22%20viewBox%3D%220%200%20232%20131%22%3E%3C%2Fsvg%3E\" loading=\"eager\"><\/span><span class=\"fg-image-overlay\"><\/span><\/a><\/figure><div class=\"fg-loader\"><\/div><\/div><div class=\"fg-item fg-type-image fg-idle\"><figure class=\"fg-item-inner\"><a href=\"https:\/\/blueplanetdivers.net\/wp-content\/uploads\/2021\/07\/freediving_courses_koh_lanta_thailand.jpg\" data-attachment-id=\"7414\" class=\"fg-thumb\"><span class=\"fg-image-wrap\"><img decoding=\"async\" alt=\"Koh Lanta freediving center, best apnea courses in Thailand\" width=\"232\" height=\"131\" class=\"skip-lazy fg-image\" data-no-lazy=\"1\" data-src-fg=\"https:\/\/blueplanetdivers.net\/wp-content\/uploads\/cache\/2021\/07\/freediving_courses_koh_lanta_thailand\/3377041179.jpg\" src=\"data:image\/svg+xml,%3Csvg%20xmlns%3D%22http%3A%2F%2Fwww.w3.org%2F2000%2Fsvg%22%20width%3D%22232%22%20height%3D%22131%22%20viewBox%3D%220%200%20232%20131%22%3E%3C%2Fsvg%3E\" loading=\"eager\"><\/span><span class=\"fg-image-overlay\"><\/span><\/a><\/figure><div class=\"fg-loader\"><\/div><\/div><div class=\"fg-item fg-type-image fg-idle\"><figure class=\"fg-item-inner\"><a href=\"https:\/\/blueplanetdivers.net\/wp-content\/uploads\/2021\/07\/aida_freediving_fun_sea_training_koh_lanta_thailand.jpg\" data-attachment-id=\"7419\" class=\"fg-thumb\"><span class=\"fg-image-wrap\"><img decoding=\"async\" alt=\"Koh Lanta freediving center, best apnea courses in Thailand\" width=\"232\" height=\"131\" class=\"skip-lazy fg-image\" data-no-lazy=\"1\" data-src-fg=\"https:\/\/blueplanetdivers.net\/wp-content\/uploads\/cache\/2021\/07\/aida_freediving_fun_sea_training_koh_lanta_thailand\/32690519.jpg\" src=\"data:image\/svg+xml,%3Csvg%20xmlns%3D%22http%3A%2F%2Fwww.w3.org%2F2000%2Fsvg%22%20width%3D%22232%22%20height%3D%22131%22%20viewBox%3D%220%200%20232%20131%22%3E%3C%2Fsvg%3E\" loading=\"eager\"><\/span><span class=\"fg-image-overlay\"><\/span><\/a><\/figure><div class=\"fg-loader\"><\/div><\/div><div class=\"fg-item fg-type-image fg-idle\"><figure class=\"fg-item-inner\"><a href=\"https:\/\/blueplanetdivers.net\/wp-content\/uploads\/2021\/07\/aida_pro_freediving_instructor_course_koh_lanta_thailand.jpg\" data-attachment-id=\"7384\" class=\"fg-thumb\"><span class=\"fg-image-wrap\"><img decoding=\"async\" alt=\"Koh Lanta freediving center, best apnea courses in Thailand\" width=\"232\" height=\"131\" class=\"skip-lazy fg-image\" data-no-lazy=\"1\" data-src-fg=\"https:\/\/blueplanetdivers.net\/wp-content\/uploads\/cache\/2021\/07\/aida_pro_freediving_instructor_course_koh_lanta_thailand\/3599294786.jpg\" src=\"data:image\/svg+xml,%3Csvg%20xmlns%3D%22http%3A%2F%2Fwww.w3.org%2F2000%2Fsvg%22%20width%3D%22232%22%20height%3D%22131%22%20viewBox%3D%220%200%20232%20131%22%3E%3C%2Fsvg%3E\" loading=\"eager\"><\/span><span class=\"fg-image-overlay\"><\/span><\/a><\/figure><div class=\"fg-loader\"><\/div><\/div><div class=\"fg-item fg-type-image fg-idle\"><figure class=\"fg-item-inner\"><a href=\"https:\/\/blueplanetdivers.net\/wp-content\/uploads\/2021\/07\/aida_pro_freediving_fun_sea_training_koh_lanta_thailand.jpg\" data-attachment-id=\"7429\" class=\"fg-thumb\"><span class=\"fg-image-wrap\"><img decoding=\"async\" alt=\"Koh Lanta freediving center, best apnea courses in Thailand\" width=\"232\" height=\"131\" class=\"skip-lazy fg-image\" data-no-lazy=\"1\" data-src-fg=\"https:\/\/blueplanetdivers.net\/wp-content\/uploads\/cache\/2021\/07\/aida_pro_freediving_fun_sea_training_koh_lanta_thailand\/3733574118.jpg\" src=\"data:image\/svg+xml,%3Csvg%20xmlns%3D%22http%3A%2F%2Fwww.w3.org%2F2000%2Fsvg%22%20width%3D%22232%22%20height%3D%22131%22%20viewBox%3D%220%200%20232%20131%22%3E%3C%2Fsvg%3E\" loading=\"eager\"><\/span><span class=\"fg-image-overlay\"><\/span><\/a><\/figure><div class=\"fg-loader\"><\/div><\/div><\/div>\n<\/div>\n<\/div><\/div><div id=\"panel-11373-1-0-1\" class=\"so-panel widget widget_sow-editor panel-last-child\" data-index=\"2\" ><div\n\t\t\t\n\t\t\tclass=\"so-widget-sow-editor so-widget-sow-editor-base\"\n\t\t\t\n\t\t>\n<div class=\"siteorigin-widget-tinymce textwidget\">\n\t<hr class=\"hr--dotted\">\n<\/div>\n<\/div><\/div><\/div><\/div><div id=\"pg-11373-2\"  class=\"panel-grid panel-no-style\" ><div id=\"pgc-11373-2-0\"  class=\"panel-grid-cell panel-grid-cell-empty\" ><\/div><\/div><div id=\"pg-11373-3\"  class=\"panel-grid panel-no-style\" ><div id=\"pgc-11373-3-0\"  class=\"panel-grid-cell\" ><div id=\"panel-11373-3-0-0\" class=\"so-panel widget widget_sow-editor panel-first-child panel-last-child\" data-index=\"3\" ><div\n\t\t\t\n\t\t\tclass=\"so-widget-sow-editor so-widget-sow-editor-base\"\n\t\t\t\n\t\t>\n<div class=\"siteorigin-widget-tinymce textwidget\">\n\t<h3><span class=\"TextRun SCX227670647\" lang=\"EN-US\" xml:lang=\"EN-US\"><span class=\"NormalTextRun SCX227670647\">Culture de l'apn\u00e9e<\/span><\/span><\/h3>\n<p><img loading=\"lazy\" decoding=\"async\" class=\"aligncenter wp-image-15764 size-full\" src=\"https:\/\/blueplanetdivers.net\/wp-content\/uploads\/2023\/09\/freediving-culture-1.jpg\" alt=\"Culture de l'apn\u00e9e \u00e0 Koh Lanta. Thailande freedive\" width=\"864\" height=\"486\" srcset=\"https:\/\/blueplanetdivers.net\/wp-content\/uploads\/2023\/09\/freediving-culture-1.jpg 864w, https:\/\/blueplanetdivers.net\/wp-content\/uploads\/2023\/09\/freediving-culture-1-300x169.jpg 300w, https:\/\/blueplanetdivers.net\/wp-content\/uploads\/2023\/09\/freediving-culture-1-768x432.jpg 768w, https:\/\/blueplanetdivers.net\/wp-content\/uploads\/2023\/09\/freediving-culture-1-540x304.jpg 540w, https:\/\/blueplanetdivers.net\/wp-content\/uploads\/2023\/09\/freediving-culture-1-352x198.jpg 352w, https:\/\/blueplanetdivers.net\/wp-content\/uploads\/2023\/09\/freediving-culture-1-360x204.jpg 360w, https:\/\/blueplanetdivers.net\/wp-content\/uploads\/2023\/09\/freediving-culture-1-600x338.jpg 600w\" sizes=\"auto, (max-width: 864px) 100vw, 864px\" \/><\/p>\n<\/div>\n<\/div><\/div><\/div><div id=\"pgc-11373-3-1\"  class=\"panel-grid-cell\" ><div id=\"panel-11373-3-1-0\" class=\"so-panel widget widget_sow-editor panel-first-child panel-last-child\" data-index=\"4\" ><div\n\t\t\t\n\t\t\tclass=\"so-widget-sow-editor so-widget-sow-editor-base\"\n\t\t\t\n\t\t>\n<div class=\"siteorigin-widget-tinymce textwidget\">\n\t<p>Des m\u00e9thodes tr\u00e8s anciennes utilis\u00e9es par de nombreux villageois dans l'histoire de l'Asie. AIDA est la premi\u00e8re reconnaissance de l'apn\u00e9e avec la plupart des records du monde.<\/p>\n<p style=\"text-align: left;\"><span style=\"color: #888888;\"><strong><span class=\"icon-container\"><span class=\"fa fa-check\" style=\"color:#d80019;\"><\/span><\/span> D\u00e9couvrez l'apn\u00e9e - significations de l'apn\u00e9e<\/strong><\/span><\/p>\n<p style=\"text-align: left;\"><span style=\"color: #888888;\"><strong><span class=\"icon-container\"><span class=\"fa fa-check\" style=\"color:#d80019;\"><\/span><\/span> Notre philosophie d'instructeur<\/strong><\/span><\/p>\n<p style=\"text-align: left;\"><span style=\"color: #888888;\"><strong><span class=\"icon-container\"><span class=\"fa fa-check\" style=\"color:#d80019;\"><\/span><\/span> Comprendre l'organisation AIDA<\/strong><\/span><\/p>\n<p style=\"text-align: left;\"><span style=\"color: #888888;\"><strong><span class=\"icon-container\"><span class=\"fa fa-check\" style=\"color:#d80019;\"><\/span><\/span> Programmes et disciplines AIDA<\/strong><\/span><\/p>\n<p>&nbsp;<\/p>\n<a class=\"btn  btn-primary\" href=\"https:\/\/blueplanetdivers.net\/freediving\/freediving-culture\/\" target=\"_self\"> APPRENDRE ENCORE PLUS<\/a>\n<\/div>\n<\/div><\/div><\/div><\/div><div id=\"pg-11373-4\"  class=\"panel-grid panel-no-style\" ><div id=\"pgc-11373-4-0\"  class=\"panel-grid-cell\" ><div id=\"panel-11373-4-0-0\" class=\"so-panel widget widget_sow-editor panel-first-child panel-last-child\" data-index=\"5\" ><div\n\t\t\t\n\t\t\tclass=\"so-widget-sow-editor so-widget-sow-editor-base\"\n\t\t\t\n\t\t>\n<div class=\"siteorigin-widget-tinymce textwidget\">\n\t<hr class=\"hr--dotted\">\n<\/div>\n<\/div><\/div><\/div><\/div><div id=\"pg-11373-5\"  class=\"panel-grid panel-no-style\" ><div id=\"pgc-11373-5-0\"  class=\"panel-grid-cell\" ><div id=\"panel-11373-5-0-0\" class=\"so-panel widget widget_sow-editor panel-first-child panel-last-child\" data-index=\"6\" ><div\n\t\t\t\n\t\t\tclass=\"so-widget-sow-editor so-widget-sow-editor-base\"\n\t\t\t\n\t\t>\n<div class=\"siteorigin-widget-tinymce textwidget\">\n\t<h2>Coaching et Cours d'apn\u00e9e<\/h2>\n<p><img loading=\"lazy\" decoding=\"async\" class=\"aligncenter wp-image-15783 size-full\" src=\"https:\/\/blueplanetdivers.net\/wp-content\/uploads\/2023\/09\/go-pro-freediving-ssi-thailand.jpg\" alt=\"Go pro ssi thailand, freediving in Koh Lanta.\" width=\"864\" height=\"486\" srcset=\"https:\/\/blueplanetdivers.net\/wp-content\/uploads\/2023\/09\/go-pro-freediving-ssi-thailand.jpg 864w, https:\/\/blueplanetdivers.net\/wp-content\/uploads\/2023\/09\/go-pro-freediving-ssi-thailand-300x169.jpg 300w, https:\/\/blueplanetdivers.net\/wp-content\/uploads\/2023\/09\/go-pro-freediving-ssi-thailand-768x432.jpg 768w, https:\/\/blueplanetdivers.net\/wp-content\/uploads\/2023\/09\/go-pro-freediving-ssi-thailand-540x304.jpg 540w, https:\/\/blueplanetdivers.net\/wp-content\/uploads\/2023\/09\/go-pro-freediving-ssi-thailand-352x198.jpg 352w, https:\/\/blueplanetdivers.net\/wp-content\/uploads\/2023\/09\/go-pro-freediving-ssi-thailand-360x204.jpg 360w, https:\/\/blueplanetdivers.net\/wp-content\/uploads\/2023\/09\/go-pro-freediving-ssi-thailand-600x338.jpg 600w\" sizes=\"auto, (max-width: 864px) 100vw, 864px\" \/><\/p>\n<\/div>\n<\/div><\/div><\/div><div id=\"pgc-11373-5-1\"  class=\"panel-grid-cell\" ><div id=\"panel-11373-5-1-0\" class=\"so-panel widget widget_sow-editor panel-first-child panel-last-child\" data-index=\"7\" ><div\n\t\t\t\n\t\t\tclass=\"so-widget-sow-editor so-widget-sow-editor-base\"\n\t\t\t\n\t\t>\n<div class=\"siteorigin-widget-tinymce textwidget\">\n\t<p>Blue Planet Apnea propose tous les cours d'apn\u00e9e \u00e0 un rythme relaxant et avec un instructeur tr\u00e8s qualifi\u00e9. Commencez d\u00e8s aujourd'hui \u00e0 partir d'une journ\u00e9e de d\u00e9couverte de l'apn\u00e9e jusqu'\u00e0 devenir un incroyable membre professionnel SSI.<\/p>\n<p style=\"text-align: left;\"><span style=\"color: #888888;\"><strong><span class=\"icon-container\"><span class=\"fa fa-check\" style=\"color:#d80019;\"><\/span><\/span> A partir de 10 ans<\/strong><\/span><\/p>\n<p style=\"text-align: left;\"><span style=\"color: #888888;\"><strong><span class=\"icon-container\"><span class=\"fa fa-check\" style=\"color:#d80019;\"><\/span><\/span> Suivez les hautes normes SSI\u00a0<\/strong><\/span><\/p>\n<p style=\"text-align: left;\"><span style=\"color: #888888;\"><strong><span class=\"icon-container\"><span class=\"fa fa-check\" style=\"color:#d80019;\"><\/span><\/span> 4 participants par classe<\/strong><\/span><\/p>\n<p style=\"text-align: left;\"><span style=\"color: #888888;\"><strong><span class=\"icon-container\"><span class=\"fa fa-check\" style=\"color:#d80019;\"><\/span><\/span> Visitez des sites \u00e9pics<\/strong><\/span><\/p>\n<p>&nbsp;<\/p>\n<a class=\"btn  btn-primary\" href=\"https:\/\/blueplanetdivers.net\/freediving-koh-lanta\/freediving-courses\/\" target=\"_self\"> APPRENDRE ENCORE PLUS<\/a>\n<\/div>\n<\/div><\/div><\/div><\/div><div id=\"pg-11373-6\"  class=\"panel-grid panel-no-style\" ><div id=\"pgc-11373-6-0\"  class=\"panel-grid-cell\" ><div id=\"panel-11373-6-0-0\" class=\"so-panel widget widget_sow-editor panel-first-child panel-last-child\" data-index=\"8\" ><div\n\t\t\t\n\t\t\tclass=\"so-widget-sow-editor so-widget-sow-editor-base\"\n\t\t\t\n\t\t>\n<div class=\"siteorigin-widget-tinymce textwidget\">\n\t<hr class=\"hr--dotted\">\n<\/div>\n<\/div><\/div><\/div><\/div><div id=\"pg-11373-7\"  class=\"panel-grid panel-no-style\" ><div id=\"pgc-11373-7-0\"  class=\"panel-grid-cell\" ><div id=\"panel-11373-7-0-0\" class=\"so-panel widget widget_sow-editor panel-first-child panel-last-child\" data-index=\"9\" ><div\n\t\t\t\n\t\t\tclass=\"so-widget-sow-editor so-widget-sow-editor-base\"\n\t\t\t\n\t\t>\n<div class=\"siteorigin-widget-tinymce textwidget\">\n\t<h2>Cours Pro AIDA<\/h2>\n<p><img loading=\"lazy\" decoding=\"async\" class=\"aligncenter wp-image-7444 size-full\" src=\"https:\/\/blueplanetdivers.net\/wp-content\/uploads\/2021\/07\/go_pro_freediving_aida_koh_lanta_thailand.jpg\" alt=\"\" width=\"864\" height=\"486\" srcset=\"https:\/\/blueplanetdivers.net\/wp-content\/uploads\/2021\/07\/go_pro_freediving_aida_koh_lanta_thailand.jpg 864w, https:\/\/blueplanetdivers.net\/wp-content\/uploads\/2021\/07\/go_pro_freediving_aida_koh_lanta_thailand-300x169.jpg 300w, https:\/\/blueplanetdivers.net\/wp-content\/uploads\/2021\/07\/go_pro_freediving_aida_koh_lanta_thailand-768x432.jpg 768w, https:\/\/blueplanetdivers.net\/wp-content\/uploads\/2021\/07\/go_pro_freediving_aida_koh_lanta_thailand-540x304.jpg 540w, https:\/\/blueplanetdivers.net\/wp-content\/uploads\/2021\/07\/go_pro_freediving_aida_koh_lanta_thailand-352x198.jpg 352w, https:\/\/blueplanetdivers.net\/wp-content\/uploads\/2021\/07\/go_pro_freediving_aida_koh_lanta_thailand-360x204.jpg 360w, https:\/\/blueplanetdivers.net\/wp-content\/uploads\/2021\/07\/go_pro_freediving_aida_koh_lanta_thailand-600x338.jpg 600w\" sizes=\"auto, (max-width: 864px) 100vw, 864px\" \/><\/p>\n<\/div>\n<\/div><\/div><\/div><div id=\"pgc-11373-7-1\"  class=\"panel-grid-cell\" ><div id=\"panel-11373-7-1-0\" class=\"so-panel widget widget_sow-editor panel-first-child panel-last-child\" data-index=\"10\" ><div\n\t\t\t\n\t\t\tclass=\"so-widget-sow-editor so-widget-sow-editor-base\"\n\t\t\t\n\t\t>\n<div class=\"siteorigin-widget-tinymce textwidget\">\n\t<p>Centre de plong\u00e9e en apn\u00e9e AIDA de haute qualit\u00e9. Le programme d'instructeur est organis\u00e9 sous la supervision de notre instructeur d'apn\u00e9e \u00e9pique et professionnel.<\/p>\n<p style=\"text-align: left;\"><span style=\"color: #888888;\"><strong><span class=\"icon-container\"><span class=\"fa fa-check\" style=\"color:#d80019;\"><\/span><\/span> A partir de 18 ans<\/strong><\/span><\/p>\n<p style=\"text-align: left;\"><span style=\"color: #888888;\"><strong><span class=\"icon-container\"><span class=\"fa fa-check\" style=\"color:#d80019;\"><\/span><\/span> Apprendre l'\u00e9thique AIDA<\/strong><\/span><\/p>\n<p style=\"text-align: left;\"><span style=\"color: #888888;\"><strong><span class=\"icon-container\"><span class=\"fa fa-check\" style=\"color:#d80019;\"><\/span><\/span> Devenez un leader fiable et comp\u00e9tent<\/strong><\/span><\/p>\n<p style=\"text-align: left;\"><span style=\"color: #888888;\"><strong><span class=\"icon-container\"><span class=\"fa fa-check\" style=\"color:#d80019;\"><\/span><\/span> Assister les classes et guider les explorations<\/strong><\/span><\/p>\n<p>&nbsp;<\/p>\n<a class=\"btn  btn-primary\" href=\"https:\/\/blueplanetdivers.net\/freediving-koh-lanta\/freediving-courses\/go-pro-aida-freediving-course\/\" target=\"_self\"> APPRENDRE ENCORE PLUS<\/a>\n<\/div>\n<\/div><\/div><\/div><\/div><div id=\"pg-11373-8\"  class=\"panel-grid panel-no-style\" ><div id=\"pgc-11373-8-0\"  class=\"panel-grid-cell\" ><div id=\"panel-11373-8-0-0\" class=\"so-panel widget widget_sow-editor panel-first-child\" data-index=\"11\" ><div\n\t\t\t\n\t\t\tclass=\"so-widget-sow-editor so-widget-sow-editor-base\"\n\t\t\t\n\t\t>\n<div class=\"siteorigin-widget-tinymce textwidget\">\n\t<hr class=\"hr--dotted\">\n<p>&nbsp;<\/p>\n<p><img loading=\"lazy\" decoding=\"async\" class=\"aligncenter wp-image-7120 size-full\" src=\"https:\/\/blueplanetdivers.net\/wp-content\/uploads\/2021\/07\/banner_activity_for_family_friends_thailand.jpg\" alt=\"\" width=\"1200\" height=\"351\" srcset=\"https:\/\/blueplanetdivers.net\/wp-content\/uploads\/2021\/07\/banner_activity_for_family_friends_thailand.jpg 1200w, https:\/\/blueplanetdivers.net\/wp-content\/uploads\/2021\/07\/banner_activity_for_family_friends_thailand-300x88.jpg 300w, https:\/\/blueplanetdivers.net\/wp-content\/uploads\/2021\/07\/banner_activity_for_family_friends_thailand-1024x300.jpg 1024w, https:\/\/blueplanetdivers.net\/wp-content\/uploads\/2021\/07\/banner_activity_for_family_friends_thailand-768x225.jpg 768w, https:\/\/blueplanetdivers.net\/wp-content\/uploads\/2021\/07\/banner_activity_for_family_friends_thailand-540x158.jpg 540w, https:\/\/blueplanetdivers.net\/wp-content\/uploads\/2021\/07\/banner_activity_for_family_friends_thailand-600x176.jpg 600w\" sizes=\"auto, (max-width: 1200px) 100vw, 1200px\" \/><\/p>\n<p>&nbsp;<\/p>\n<\/div>\n<\/div><\/div><div id=\"panel-11373-8-0-1\" class=\"so-panel widget widget_sow-button panel-last-child\" data-index=\"12\" ><div\n\t\t\t\n\t\t\tclass=\"so-widget-sow-button so-widget-sow-button-atom-f3c7305f79a7-11373\"\n\t\t\t\n\t\t><div class=\"ow-button-base ow-button-align-center\"\n>\n\t\t\t<a\n\t\t\t\t\thref=\"https:\/\/blueplanetdivers.net\/fr\/?page_id=11113\"\n\t\t\t\t\tclass=\"sowb-button ow-icon-placement-left ow-button-hover\" \t>\n\t\t<span>\n\t\t\t\n\t\t\tNOUS CONTACTER\t\t<\/span>\n\t\t\t<\/a>\n\t<\/div>\n<\/div><\/div><\/div><\/div><\/div>","protected":false},"excerpt":{"rendered":"<p>Appr\u00e9ciez l&rsquo;apprentissage ou la poursuite de votre formation professionnelle en apn\u00e9e. Retiens ton souffle !<\/p>\n","protected":false},"author":2,"featured_media":7261,"parent":11064,"menu_order":0,"comment_status":"closed","ping_status":"closed","template":"","meta":{"_acf_changed":false,"footnotes":""},"class_list":["post-11373","page","type-page","status-publish","has-post-thumbnail","hentry","clearfix"],"acf":[],"_links":{"self":[{"href":"https:\/\/blueplanetdivers.net\/fr\/wp-json\/wp\/v2\/pages\/11373","targetHints":{"allow":["GET"]}}],"collection":[{"href":"https:\/\/blueplanetdivers.net\/fr\/wp-json\/wp\/v2\/pages"}],"about":[{"href":"https:\/\/blueplanetdivers.net\/fr\/wp-json\/wp\/v2\/types\/page"}],"author":[{"embeddable":true,"href":"https:\/\/blueplanetdivers.net\/fr\/wp-json\/wp\/v2\/users\/2"}],"replies":[{"embeddable":true,"href":"https:\/\/blueplanetdivers.net\/fr\/wp-json\/wp\/v2\/comments?post=11373"}],"version-history":[{"count":5,"href":"https:\/\/blueplanetdivers.net\/fr\/wp-json\/wp\/v2\/pages\/11373\/revisions"}],"predecessor-version":[{"id":15792,"href":"https:\/\/blueplanetdivers.net\/fr\/wp-json\/wp\/v2\/pages\/11373\/revisions\/15792"}],"up":[{"embeddable":true,"href":"https:\/\/blueplanetdivers.net\/fr\/wp-json\/wp\/v2\/pages\/11064"}],"wp:featuredmedia":[{"embeddable":true,"href":"https:\/\/blueplanetdivers.net\/fr\/wp-json\/wp\/v2\/media\/7261"}],"wp:attachment":[{"href":"https:\/\/blueplanetdivers.net\/fr\/wp-json\/wp\/v2\/media?parent=11373"}],"curies":[{"name":"wp","href":"https:\/\/api.w.org\/{rel}","templated":true}]}}