{"id":11385,"date":"2021-10-12T09:45:57","date_gmt":"2021-10-12T02:45:57","guid":{"rendered":"https:\/\/new.blueplanetdivers.net\/les-spots-de-confiance-de-lanta\/"},"modified":"2021-10-13T10:30:14","modified_gmt":"2021-10-13T03:30:14","slug":"les-spots-de-confiance-de-lanta","status":"publish","type":"page","link":"https:\/\/blueplanetdivers.net\/fr\/koh-lanta\/les-spots-de-confiance-de-lanta\/","title":{"rendered":"Les spots de confiance de Lanta !"},"content":{"rendered":"<div id=\"pl-11385\"  class=\"panel-layout\" ><div id=\"pg-11385-0\"  class=\"panel-grid panel-no-style\" ><div id=\"pgc-11385-0-0\"  class=\"panel-grid-cell\" ><div id=\"panel-11385-0-0-0\" class=\"so-panel widget widget_sow-editor panel-first-child panel-last-child\" data-index=\"0\" ><div\n\t\t\t\n\t\t\tclass=\"so-widget-sow-editor so-widget-sow-editor-base\"\n\t\t\t\n\t\t>\n<div class=\"siteorigin-widget-tinymce textwidget\">\n\t<h2 style=\"text-align: center;\">Koh Lanta, Tha\u00eflande !<\/h2>\n<p>&nbsp;<\/p>\n<hr class=\"hr--dotted\">\n<h3>Quand venir!<\/h3>\n<p align=\"justify\">La Tha\u00eflande est chaude toute l'ann\u00e9e, mais le meilleur moment pour visiter se situe entre octobre et avril, lorsque le temps est chaud et assez sec, en particulier dans le sud-ouest. Entre les mois de mai \u00e0 septembre, il peut y avoir des temp\u00eates et de fortes pr\u00e9cipitations, mais il fait encore tr\u00e8s chaud et les logements sont g\u00e9n\u00e9ralement tr\u00e8s bon march\u00e9.<\/p>\n<p align=\"justify\">Toute l'ann\u00e9e, le temps est chaud, mais le meilleur temps se situe entre octobre et avril lorsqu'il fait sec et chaud. La basse saison, de mai \u00e0 septembre est tr\u00e8s chaude et les pr\u00e9cipitations sont plus abondantes. Les temp\u00e9ratures moyennes se situent entre 27 et 33 degr\u00e9s.<\/p>\n<h3>Deux grandes \u00eeles<\/h3>\n<p align=\"justify\">Koh Lanta elle-m\u00eame, se compose de 2 \u00eeles Koh Lanta Noi et Koh Lanta Yai. Les gitans de la mer \u00e9taient les premiers habitants de ces \u00eeles et vivent toujours dans le sud de la plus grande \u00eele. La plupart des touristes se dirigent vers Koh Lanta Yai, la plus \u00e0 l'ouest et la plus grande des 2, o\u00f9 de nombreuses stations baln\u00e9aires sont situ\u00e9es le long de la c\u00f4te ouest o\u00f9 se trouvent les meilleures plages. Ces plages offrent de belles plages de sable, des eaux claires et chaudes et de superbes couchers de soleil.<\/p>\n<h3 align=\"justify\">De nombreux villages &amp; plages<\/h3>\n<p align=\"justify\">Il y a plus de 10 plages sur Koh Lanta Yai et chacune est diff\u00e9rente, de Long Beach (Phrae Ae), un tron\u00e7on de 3 km offrant un magnifique littoral et de nombreux bars de plage, \u00e0 Kantiang Beach, une magnifique plage isol\u00e9e dans le sud de l'\u00eele .<\/p>\n<\/div>\n<\/div><\/div><\/div><\/div><div id=\"pg-11385-1\"  class=\"panel-grid panel-no-style\" ><div id=\"pgc-11385-1-0\"  class=\"panel-grid-cell\" ><div id=\"panel-11385-1-0-0\" class=\"so-panel widget widget_sow-editor panel-first-child panel-last-child\" data-index=\"1\" ><div\n\t\t\t\n\t\t\tclass=\"so-widget-sow-editor so-widget-sow-editor-base\"\n\t\t\t\n\t\t>\n<div class=\"siteorigin-widget-tinymce textwidget\">\n\t<hr class=\"rope\">\n<h2 style=\"text-align: center;\">Restaurants de confiance \u00e0 Koh Lanta<\/h2>\n<p>&nbsp;<\/p>\n<hr class=\"hr--dotted\">\n<h3><strong>Saladan<\/strong><\/h3>\n<p align=\"justify\">Situ\u00e9 \u00e0 l'extr\u00eame nord de Koh Lanta Yai, Saladan est le principal village de l'\u00eele. En tant que premier endroit que la plupart des touristes voient \u00e0 leur arriv\u00e9e et acc\u00e8s principal \u00e0 d'autres terres, toutes les autres destinations sont disponibles via les ferries de passagers et de voitures dans la ville -<a href=\"https:\/\/blueplanetdivers.net\/koh-lanta-island-thailand\/how-to-get-here\/\"> Comment arriver!<\/a> .<\/p>\n<p align=\"justify\">Saladan est essentiellement encore petit mais poss\u00e8de un grand nombre d'excellents restaurants tha\u00eflandais surplombant la mer ainsi que de nombreuses boutiques de souvenirs, banques, magasins de plong\u00e9e et supermarch\u00e9s.<\/p>\n<p align=\"justify\"><em><strong>Restaurant de fruits de mer Lanta<\/strong><\/em><\/p>\n<p align=\"justify\">En face de l'ancienne boutique Blue Planet Divers, Lanta Seafood a une grande r\u00e9putation parmi les Tha\u00eflandais locaux et \u00e9trangers. C'est une premi\u00e8re r\u00e9f\u00e9rence lorsque les locaux viennent se rendre \u00e0 Lanta. Tous les types de fruits de mer disponibles sont tous fra\u00eechement p\u00each\u00e9s et peuvent \u00eatre cuisin\u00e9s de plusieurs mani\u00e8res \u00e0 votre go\u00fbt.<\/p>\n<p align=\"justify\"><em><b>Chat Poisson Caf\u00e9 Restaurant<\/b><\/em><\/p>\n<p align=\"justify\">Tr\u00e8s proche de notre nouveau<a href=\"https:\/\/blueplanetdivers.net\/koh-lanta-island-thailand\/accommodation-stay\/\"> Maison de plong\u00e9e<\/a> emplacement, le poisson chat est id\u00e9al pour commencer votre journ\u00e9e avec un d\u00e9licieux petit-d\u00e9jeuner tha\u00eflandais ou europ\u00e9en disponible. Ce n'est pas seulement un caf\u00e9 mais aussi une librairie o\u00f9 vous pouvez \u00e9changer ou acheter des livres dans de nombreuses langues diff\u00e9rentes. Un endroit parfait pour une pause matinale chaleureuse avec vue sur la mer.<\/p>\n<hr class=\"hr--dotted\">\n<h3><strong>Klong Dao<\/strong><\/h3>\n<p align=\"justify\">C'est le village voisin de la ville principale de Saladan, reconnu comme une route longue et droite. De nombreux h\u00f4tels et restaurants sont pr\u00e9sents \u00e0 la fois sur la plage et dans la rue. Certains des meilleurs restaurants sont situ\u00e9s dans ce quartier.<\/p>\n<p align=\"justify\"><em><strong>Thai Breizh - Cr\u00eaperie &amp; Taverne Tha\u00ef<\/strong><\/em><\/p>\n<p align=\"justify\">A quelques m\u00e8tres seulement du plus grand 7\/11 de Klong Dao, le restaurant &amp; bar Thai Breizh est un endroit chaleureux pour commencer votre soir\u00e9e avec des sp\u00e9cialit\u00e9s bretonnes et du sud de la Tha\u00eflande. Populaire pour ses sandwichs, ses cr\u00eapes sal\u00e9es et sucr\u00e9es, c'est un endroit agr\u00e9able et chaleureux pour d'autres options que la d\u00e9licieuse cuisine tha\u00eflandaise. <a href=\"https:\/\/thaibreizhlantafood.com\/\" target=\"_blank\" rel=\"noopener\">V\u00e9rifiez leur menu!<\/a><\/p>\n<p align=\"justify\"><em><b>Taverne grecque<\/b><\/em><\/p>\n<p align=\"justify\">Accueil 100% grec, ressentez l'atmosph\u00e8re et l'ambiance de la Gr\u00e8ce. Ce restaurant est \u00e0 Lanta depuis des si\u00e8cles et bien connu pour ses succulents plats grecs faits maison. Il n'y a pas de cuisine tha\u00eflandaise mais tout le monde aime son menu.<\/p>\n<hr class=\"hr--dotted\">\n<h3><strong>Longue plage<\/strong><\/h3>\n<p align=\"justify\">Long Beach est le prochain village et l'une des plages les plus populaires de Koh Lanta. Comme on le sait, il existe des dizaines de complexes de bungalows bon march\u00e9 et quelques bars de plage. Certainement un endroit pour se d\u00e9tendre pendant un jour ou deux!<\/p>\n<p align=\"justify\"><em><strong>Ailleurs<\/strong><\/em><\/p>\n<p align=\"justify\">Une charmante famille tha\u00eflandaise est propri\u00e9taire de l'endroit. Les cabanes bungalows sont tr\u00e8s abordables et \u00e0 deux pas de la plage. La vue est inestimable et la cuisine tha\u00eflandaise de leur restaurant est excellente. Recommandation totale pour un s\u00e9jour ou juste un apr\u00e8s-midi dans leurs huttes avec vue sur la couture.<\/p>\n<p align=\"justify\"><em><b>Kraken Lanta<\/b><\/em><\/p>\n<p align=\"justify\">Les meilleurs burgers maison des \u00eeles ! Cette maison ne fabrique que des monstres de burger et de panini avec des ingr\u00e9dients de premi\u00e8re qualit\u00e9. Ce n'est pas le fast-food le moins cher de l'\u00eele, mais ils servent des plats de brunch vraiment incroyables. Roi des hamburgers !<\/p>\n<hr class=\"hr--dotted\">\n<h3><strong>Plage de Phra Ae<\/strong><\/h3>\n<p align=\"justify\">\u00c0 environ 10 minutes au sud de Saladan, Phrae Ae est un petit village apr\u00e8s Long Beach avec de nombreuses stations baln\u00e9aires et restaurants le long de la route et de la plage. L\u00e0, il est bien connu pour avoir de grandes stations baln\u00e9aires avec des villages de villas su\u00e9doises.<\/p>\n<p align=\"justify\"><em><b>Le Colibri <\/b><\/em><\/p>\n<p align=\"justify\">Les plus grandes pizzas de l'\u00eele ! Cette pizza yolo fran\u00e7aise conna\u00eet la cro\u00fbte pour faire des pizzas absolument incroyables. Ce restaurant moderne propose \u00e9galement des produits fum\u00e9s faits maison et des p\u00e2t\u00e9s frais.<\/p>\n<p align=\"justify\"><em><b>Aigre doux <\/b><\/em><\/p>\n<p align=\"justify\">Sur la route principale pr\u00e8s du 7\/11, le restaurant Sweet and Sour est un v\u00e9ritable restaurant de rue local. Des gens confortables et chaleureux avec de succulents plats locaux \u00e0 un prix tr\u00e8s raisonnable. L'ambiance est toujours bonne avec une serveuse locale toujours pr\u00e8s de chez vous pour un excellent service. Nourriture tha\u00ef!<\/p>\n<p align=\"justify\"><em><b>Spaghettis de Mangia<\/b><\/em><\/p>\n<p align=\"justify\">Au bout du village de Phra Ae, juste au coin de la rue, rencontrez le mec italien le plus sympathique de l'\u00eele. Mangia est une \u00e9picurienne de spaghettis et pizzas. Il pr\u00e9pare les spaghettis les plus d\u00e9licieux et les plus frais de l'\u00eele. Le prix est tr\u00e8s correct pour la qualit\u00e9 de la nourriture !<\/p>\n<hr class=\"hr--dotted\">\n<h3><strong>Baie de d\u00e9tente<\/strong><\/h3>\n<p align=\"justify\">Une petite plage isol\u00e9e avec tr\u00e8s peu de stations baln\u00e9aires, notamment Relax Bay Resort et quelques bars de plage. Mais, il y a l'ancienne \"plage secr\u00e8te\" la plus incroyable de la r\u00e9gion. Le plus beau coucher de soleil de l'\u00eele, apportez quelques boissons fra\u00eeches avec vous avant de vous rendre \u00e0 la baie des bambous.<\/p>\n<p align=\"justify\"><em><b>Restaurant Yang Jardin<\/b><\/em><\/p>\n<p align=\"justify\">Restaurant le plus recherch\u00e9 \u00e0 Koh Lanta pour cette merveilleuse cuisine fusion. Les prix sont effectivement \u00e9lev\u00e9s, mais cet endroit est incroyablement d\u00e9fonc\u00e9 par la foule pendant la haute saison. Essayez-le&nbsp;!<\/p>\n<hr class=\"hr--dotted\">\n<h3><strong>Klong-Kong<\/strong><\/h3>\n<p align=\"justify\">Beaucoup plus calme et plus petite que Phrae Ae, la plage de Klong Kong est beaucoup plus rocheuse que la plupart des autres plages. Par cons\u00e9quent, beaucoup de stations baln\u00e9aires conviviales et un bon restaurant.<\/p>\n<p align=\"justify\"><em><b>Jardin secret en bord de mer<\/b><\/em><\/p>\n<p align=\"justify\">Beau jardin am\u00e9nag\u00e9 au bord de la plage, ce restaurant propose de nombreux plats diff\u00e9rents avec un hamburger bomber populaire. Les sp\u00e9cialit\u00e9s tha\u00eflandaises et europ\u00e9ennes sont les succulentes et les assises faites avec du bambou local. Id\u00e9al pour un verre au coucher du soleil ou un d\u00eener !<\/p>\n<p align=\"justify\"><em><b>Loro Loco (V\u00e9g\u00e9talien \/ V\u00e9g\u00e9tarien)<\/b><\/em><\/p>\n<p align=\"justify\">Meilleure option de nourriture pour les mangeurs de l\u00e9gumes! Pizzas, Humus et sp\u00e9cialit\u00e9s tha\u00eflandaises sont toutes et uniquement en option vegan\/v\u00e9g\u00e9tarienne. Les \u00e9l\u00e9ments de menu sont des prix \u00e9quitables pour un institut d'ingr\u00e9dients de jardin.<\/p>\n<hr class=\"hr--dotted\">\n<h3><strong>Klong Nin<\/strong><\/h3>\n<p align=\"justify\">Situ\u00e9s \u00e0 peu pr\u00e8s \u00e0 mi-hauteur de l'\u00eele du c\u00f4t\u00e9 ouest, il existe de nombreuses stations baln\u00e9aires de tr\u00e8s haute qualit\u00e9 (Rawi Warin) \u00e0 de tr\u00e8s belles huttes en bambou bon march\u00e9. De nombreux magasins et bars ainsi qu'une tr\u00e8s belle plage propre.<\/p>\n<p align=\"justify\"><em><b>OTTO<\/b><\/em><\/p>\n<p align=\"justify\">Cette l\u00e9gende Otto est un mythe vivant sur Lanta. Son bel endroit situ\u00e9 c\u00f4t\u00e9 plage fait tout pour se d\u00e9tendre et appr\u00e9cier un bon cocktail et brunch tout en profitant de la mer. Cet endroit et ces gens sont la confiance la plus pr\u00e9cieuse de Lanta.<\/p>\n<p align=\"justify\">\n<\/div>\n<\/div><\/div><\/div><\/div><\/div>","protected":false},"excerpt":{"rendered":"<p>Koh Lanta, Tha\u00eflande ! &nbsp; Quand venir! La Tha\u00eflande est chaude toute l&rsquo;ann\u00e9e, mais le meilleur moment pour visiter se situe entre octobre et avril, lorsque le temps est chaud et assez sec, en particulier dans le sud-ouest. Entre les mois de mai \u00e0 septembre, il peut y avoir des temp\u00eates et de fortes pr\u00e9cipitations, &hellip;<\/p>\n","protected":false},"author":2,"featured_media":0,"parent":12216,"menu_order":0,"comment_status":"closed","ping_status":"closed","template":"","meta":{"_acf_changed":false,"footnotes":""},"class_list":["post-11385","page","type-page","status-publish","hentry","clearfix"],"acf":[],"_links":{"self":[{"href":"https:\/\/blueplanetdivers.net\/fr\/wp-json\/wp\/v2\/pages\/11385","targetHints":{"allow":["GET"]}}],"collection":[{"href":"https:\/\/blueplanetdivers.net\/fr\/wp-json\/wp\/v2\/pages"}],"about":[{"href":"https:\/\/blueplanetdivers.net\/fr\/wp-json\/wp\/v2\/types\/page"}],"author":[{"embeddable":true,"href":"https:\/\/blueplanetdivers.net\/fr\/wp-json\/wp\/v2\/users\/2"}],"replies":[{"embeddable":true,"href":"https:\/\/blueplanetdivers.net\/fr\/wp-json\/wp\/v2\/comments?post=11385"}],"version-history":[{"count":1,"href":"https:\/\/blueplanetdivers.net\/fr\/wp-json\/wp\/v2\/pages\/11385\/revisions"}],"predecessor-version":[{"id":11400,"href":"https:\/\/blueplanetdivers.net\/fr\/wp-json\/wp\/v2\/pages\/11385\/revisions\/11400"}],"up":[{"embeddable":true,"href":"https:\/\/blueplanetdivers.net\/fr\/wp-json\/wp\/v2\/pages\/12216"}],"wp:attachment":[{"href":"https:\/\/blueplanetdivers.net\/fr\/wp-json\/wp\/v2\/media?parent=11385"}],"curies":[{"name":"wp","href":"https:\/\/api.w.org\/{rel}","templated":true}]}}