{"id":11402,"date":"2021-10-12T09:45:58","date_gmt":"2021-10-12T02:45:58","guid":{"rendered":"https:\/\/new.blueplanetdivers.net\/notre-maison-de-plongee-lanta\/"},"modified":"2023-03-10T09:58:30","modified_gmt":"2023-03-10T02:58:30","slug":"notre-maison-de-plongee-lanta","status":"publish","type":"page","link":"https:\/\/blueplanetdivers.net\/fr\/koh-lanta\/notre-maison-de-plongee\/","title":{"rendered":"Notre maison de plong\u00e9e Lanta"},"content":{"rendered":"<div id=\"pl-11402\"  class=\"panel-layout\" ><div id=\"pg-11402-0\"  class=\"panel-grid panel-no-style\" ><div id=\"pgc-11402-0-0\"  class=\"panel-grid-cell\" ><div id=\"panel-11402-0-0-0\" class=\"so-panel widget widget_sow-editor panel-first-child panel-last-child\" data-index=\"0\" ><div\n\t\t\t\n\t\t\tclass=\"so-widget-sow-editor so-widget-sow-editor-base\"\n\t\t\t\n\t\t>\n<div class=\"siteorigin-widget-tinymce textwidget\">\n\t<h2 style=\"text-align: center;\">Premi\u00e8re MAISON DE PLONG\u00c9E LANTA SCUBA<\/h2>\n<h2 style=\"text-align: center;\">Plongeurs Plan\u00e8te Bleue<\/h2>\n<p>&nbsp;<\/p>\n<p style=\"text-align: justify;\">Bienvenue dans la premi\u00e8re communaut\u00e9 de maisons de plong\u00e9e sous-marine de Koh lanta situ\u00e9e dans la ville de Saladan. Enfin, nous avons cr\u00e9\u00e9 une innovation de plong\u00e9e avec le concept \"The dive house\" dans notre \u00eele. Tout en un seul endroit pour en profiter pleinement. En cons\u00e9quence, Blue Planet Divers a pris au s\u00e9rieux l'id\u00e9e d'offrir des services ultimes \u00e0 ses invit\u00e9s. En d'autres termes, cette relocalisation est tout simplement parfaite pour les plongeurs qui souhaitent faire partie d'une communaut\u00e9 de plong\u00e9e bas\u00e9e \u00e0 Koh Lanta. Rejoignez notre Sea Life &amp; Stay!<\/p>\n<p>&nbsp;<\/p>\n<p><img loading=\"lazy\" decoding=\"async\" class=\"aligncenter wp-image-10142 size-full\" src=\"https:\/\/blueplanetdivers.net\/wp-content\/uploads\/2021\/08\/dive_house_only_koh_lanta_thailand_liveaboard_on_shore.jpg\" alt=\"\" width=\"1242\" height=\"666\" srcset=\"https:\/\/blueplanetdivers.net\/wp-content\/uploads\/2021\/08\/dive_house_only_koh_lanta_thailand_liveaboard_on_shore.jpg 1242w, https:\/\/blueplanetdivers.net\/wp-content\/uploads\/2021\/08\/dive_house_only_koh_lanta_thailand_liveaboard_on_shore-300x161.jpg 300w, https:\/\/blueplanetdivers.net\/wp-content\/uploads\/2021\/08\/dive_house_only_koh_lanta_thailand_liveaboard_on_shore-1024x549.jpg 1024w, https:\/\/blueplanetdivers.net\/wp-content\/uploads\/2021\/08\/dive_house_only_koh_lanta_thailand_liveaboard_on_shore-768x412.jpg 768w, https:\/\/blueplanetdivers.net\/wp-content\/uploads\/2021\/08\/dive_house_only_koh_lanta_thailand_liveaboard_on_shore-540x290.jpg 540w, https:\/\/blueplanetdivers.net\/wp-content\/uploads\/2021\/08\/dive_house_only_koh_lanta_thailand_liveaboard_on_shore-600x322.jpg 600w\" sizes=\"auto, (max-width: 1242px) 100vw, 1242px\" \/><\/p>\n<\/div>\n<\/div><\/div><\/div><\/div><div id=\"pg-11402-1\"  class=\"panel-grid panel-no-style\" ><div id=\"pgc-11402-1-0\"  class=\"panel-grid-cell\" ><div id=\"panel-11402-1-0-0\" class=\"so-panel widget widget_sow-editor panel-first-child panel-last-child\" data-index=\"1\" ><div\n\t\t\t\n\t\t\tclass=\"so-widget-sow-editor so-widget-sow-editor-base\"\n\t\t\t\n\t\t>\n<div class=\"siteorigin-widget-tinymce textwidget\">\n\t<h4 style=\"text-align: left;\"><span class=\"TextRun SCX67306600\" lang=\"EN-US\" xml:lang=\"EN-US\"><span class=\"NormalTextRun SCX67306600\">Meilleure offre \u00e0 Koh Lanta, Sea Life &amp; Stay<\/span><\/span><\/h4>\n<hr class=\"hr--dotted\">\n<\/div>\n<\/div><\/div><\/div><\/div><div id=\"pg-11402-2\"  class=\"panel-grid panel-no-style\" ><div id=\"pgc-11402-2-0\"  class=\"panel-grid-cell\" ><div id=\"panel-11402-2-0-0\" class=\"so-panel widget widget_sow-editor panel-first-child panel-last-child\" data-index=\"2\" ><div\n\t\t\t\n\t\t\tclass=\"so-widget-sow-editor so-widget-sow-editor-base\"\n\t\t\t\n\t\t>\n<div class=\"siteorigin-widget-tinymce textwidget\">\n\t<style type=\"text\/css\">\n\t#foogallery-gallery-10162 .fg-image {\n        width: 150px;\n    }\n<\/style>\n\t\t\t\t<div class=\"foogallery foogallery-container foogallery-default foogallery-lightbox-foobox fg-gutter-10 fg-center fg-default fg-light fg-border-thin fg-shadow-outline fg-loading-bars fg-loaded-fade-in fg-caption-hover fg-hover-fade fg-hover-zoom fg-ready\" id=\"foogallery-gallery-10162\" data-foogallery=\"{&quot;item&quot;:{&quot;showCaptionTitle&quot;:true,&quot;showCaptionDescription&quot;:true},&quot;lazy&quot;:true}\" >\n\t<div class=\"fg-item fg-type-image fg-idle\"><figure class=\"fg-item-inner\"><a href=\"https:\/\/blueplanetdivers.net\/wp-content\/uploads\/2021\/08\/office_blue_planet_jetty_koh_lanta.jpg\" data-attachment-id=\"10165\" class=\"fg-thumb\"><span class=\"fg-image-wrap\"><img decoding=\"async\" alt=\"new blue planet front office\" width=\"150\" height=\"150\" class=\"skip-lazy fg-image\" data-no-lazy=\"1\" data-src-fg=\"https:\/\/blueplanetdivers.net\/wp-content\/uploads\/cache\/2021\/08\/office_blue_planet_jetty_koh_lanta\/2426760139.jpg\" src=\"data:image\/svg+xml,%3Csvg%20xmlns%3D%22http%3A%2F%2Fwww.w3.org%2F2000%2Fsvg%22%20width%3D%22150%22%20height%3D%22150%22%20viewBox%3D%220%200%20150%20150%22%3E%3C%2Fsvg%3E\" loading=\"eager\"><\/span><span class=\"fg-image-overlay\"><\/span><\/a><figcaption class=\"fg-caption\"><div class=\"fg-caption-inner\"><\/div><\/figcaption><\/figure><div class=\"fg-loader\"><\/div><\/div><div class=\"fg-item fg-type-image fg-idle\"><figure class=\"fg-item-inner\"><a href=\"https:\/\/blueplanetdivers.net\/wp-content\/uploads\/2021\/08\/158965854_1579334175589268_6500193025292957050_n.jpg\" data-attachment-id=\"10170\" class=\"fg-thumb\"><span class=\"fg-image-wrap\"><img decoding=\"async\" alt=\"dive house confortable room and full furnished\" width=\"150\" height=\"150\" class=\"skip-lazy fg-image\" data-no-lazy=\"1\" data-src-fg=\"https:\/\/blueplanetdivers.net\/wp-content\/uploads\/cache\/2021\/08\/158965854_1579334175589268_6500193025292957050_n\/566548947.jpg\" src=\"data:image\/svg+xml,%3Csvg%20xmlns%3D%22http%3A%2F%2Fwww.w3.org%2F2000%2Fsvg%22%20width%3D%22150%22%20height%3D%22150%22%20viewBox%3D%220%200%20150%20150%22%3E%3C%2Fsvg%3E\" loading=\"eager\"><\/span><span class=\"fg-image-overlay\"><\/span><\/a><figcaption class=\"fg-caption\"><div class=\"fg-caption-inner\"><\/div><\/figcaption><\/figure><div class=\"fg-loader\"><\/div><\/div><div class=\"fg-item fg-type-image fg-idle\"><figure class=\"fg-item-inner\"><a href=\"https:\/\/blueplanetdivers.net\/wp-content\/uploads\/2021\/08\/159238115_1579334335589252_7644990508759611569_n.jpg\" data-attachment-id=\"10175\" class=\"fg-thumb\"><span class=\"fg-image-wrap\"><img decoding=\"async\" alt=\"dive house confortable room and full furnished\" width=\"150\" height=\"150\" class=\"skip-lazy fg-image\" data-no-lazy=\"1\" data-src-fg=\"https:\/\/blueplanetdivers.net\/wp-content\/uploads\/cache\/2021\/08\/159238115_1579334335589252_7644990508759611569_n\/4160835839.jpg\" src=\"data:image\/svg+xml,%3Csvg%20xmlns%3D%22http%3A%2F%2Fwww.w3.org%2F2000%2Fsvg%22%20width%3D%22150%22%20height%3D%22150%22%20viewBox%3D%220%200%20150%20150%22%3E%3C%2Fsvg%3E\" loading=\"eager\"><\/span><span class=\"fg-image-overlay\"><\/span><\/a><figcaption class=\"fg-caption\"><div class=\"fg-caption-inner\"><\/div><\/figcaption><\/figure><div class=\"fg-loader\"><\/div><\/div><div class=\"fg-item fg-type-image fg-idle\"><figure class=\"fg-item-inner\"><a href=\"https:\/\/blueplanetdivers.net\/wp-content\/uploads\/2021\/08\/159273488_1579334295589256_4569847595470871018_n.jpg\" data-attachment-id=\"10180\" class=\"fg-thumb\"><span class=\"fg-image-wrap\"><img decoding=\"async\" alt=\"dive house confortable room and full furnished\" width=\"150\" height=\"150\" class=\"skip-lazy fg-image\" data-no-lazy=\"1\" data-src-fg=\"https:\/\/blueplanetdivers.net\/wp-content\/uploads\/cache\/2021\/08\/159273488_1579334295589256_4569847595470871018_n\/700181405.jpg\" src=\"data:image\/svg+xml,%3Csvg%20xmlns%3D%22http%3A%2F%2Fwww.w3.org%2F2000%2Fsvg%22%20width%3D%22150%22%20height%3D%22150%22%20viewBox%3D%220%200%20150%20150%22%3E%3C%2Fsvg%3E\" loading=\"eager\"><\/span><span class=\"fg-image-overlay\"><\/span><\/a><figcaption class=\"fg-caption\"><div class=\"fg-caption-inner\"><\/div><\/figcaption><\/figure><div class=\"fg-loader\"><\/div><\/div><\/div>\n\n<\/div>\n<\/div><\/div><\/div><div id=\"pgc-11402-2-1\"  class=\"panel-grid-cell\" ><div id=\"panel-11402-2-1-0\" class=\"so-panel widget widget_pw_accordion widget-accordion panel-first-child panel-last-child\" data-index=\"3\" >\t<div class=\"accordion panel-group\" id=\"accordion-widget-2-1-0\" role=\"tablist\" aria-multiselectable=\"true\">\n\t\t\t<div class=\"accordion__panel  panel  panel-default\">\n\t\t\t<div class=\"accordion__heading  panel-heading\" role=\"tab\" id=\"heading-widget-2-1-0-0\">\n\t\t\t\t<h4 class=\"panel-title\">\n\t\t\t\t\t<a class=\"collapsed\" role=\"button\" data-toggle=\"collapse\" data-parent=\"#accordion-widget-2-1-0\" href=\"#collapse-widget-2-1-0-0\" aria-expanded=\"false\" aria-controls=\"collapse-widget-2-1-0-0\">\n\t\t\t\t\t\tGuest Hostel Luxury stay\t\t\t\t\t<\/a>\n\t\t\t\t<\/h4>\n\t\t\t<\/div>\n\t\t\t<div id=\"collapse-widget-2-1-0-0\" class=\"accordion__content  panel-collapse  collapse\" role=\"tabpanel\" aria-labelledby=\"heading-widget-2-1-0-0\">\n\t\t\t\t<div class=\"panel-body\">\n\t\t\t\t\t<p style=\"text-align: justify\">Most importantly, our dive house, sea life &amp; stay provides rooms with all features to rest peacefully:<\/p>\n<span class=\"icon-container\"><span class=\"fa fa-check\" style=\"color:#33ff33;\"><\/span><\/span> Air Conditioning &amp; Fan in every room\n<span class=\"icon-container\"><span class=\"fa fa-check\" style=\"color:#33ff33;\"><\/span><\/span> King size \/ Twin bed options with top quality matresses\n<span class=\"icon-container\"><span class=\"fa fa-check\" style=\"color:#33ff33;\"><\/span><\/span> Private bathroom with hot shower\n<span class=\"icon-container\"><span class=\"fa fa-check\" style=\"color:#33ff33;\"><\/span><\/span> Safe\n<span class=\"icon-container\"><span class=\"fa fa-check\" style=\"color:#33ff33;\"><\/span><\/span> Flat Screen TV\n<span class=\"icon-container\"><span class=\"fa fa-check\" style=\"color:#33ff33;\"><\/span><\/span> Daily Cleaning\t\t\t\t<\/div>\n\t\t\t<\/div>\n\t\t<\/div>\n\t\t\t<div class=\"accordion__panel  panel  panel-default\">\n\t\t\t<div class=\"accordion__heading  panel-heading\" role=\"tab\" id=\"heading-widget-2-1-0-2\">\n\t\t\t\t<h4 class=\"panel-title\">\n\t\t\t\t\t<a class=\"collapsed\" role=\"button\" data-toggle=\"collapse\" data-parent=\"#accordion-widget-2-1-0\" href=\"#collapse-widget-2-1-0-2\" aria-expanded=\"false\" aria-controls=\"collapse-widget-2-1-0-2\">\n\t\t\t\t\t\tA step away from your boat\t\t\t\t\t<\/a>\n\t\t\t\t<\/h4>\n\t\t\t<\/div>\n\t\t\t<div id=\"collapse-widget-2-1-0-2\" class=\"accordion__content  panel-collapse  collapse\" role=\"tabpanel\" aria-labelledby=\"heading-widget-2-1-0-2\">\n\t\t\t\t<div class=\"panel-body\">\n\t\t\t\t\t<p style=\"text-align: justify\">Everything in one place for your convenience and a few steps only for our boat departure front jetty. As a result, no early pick up needed as you can just wake up and take a shower before going directly to meet our staff at the pier. Further more, fresh coffee \/ tea can be taken in our front sea view terrace if you decide to enjoy an early morning wonderfull sunrise. Our new dive house is likely to be called the docked liveaboard, this is a dive community sea life &amp; stay!<\/p>\t\t\t\t<\/div>\n\t\t\t<\/div>\n\t\t<\/div>\n\t\t\t<div class=\"accordion__panel  panel  panel-default\">\n\t\t\t<div class=\"accordion__heading  panel-heading\" role=\"tab\" id=\"heading-widget-2-1-0-3\">\n\t\t\t\t<h4 class=\"panel-title\">\n\t\t\t\t\t<a class=\"collapsed\" role=\"button\" data-toggle=\"collapse\" data-parent=\"#accordion-widget-2-1-0\" href=\"#collapse-widget-2-1-0-3\" aria-expanded=\"false\" aria-controls=\"collapse-widget-2-1-0-3\">\n\t\t\t\t\t\tEverything in one place\t\t\t\t\t<\/a>\n\t\t\t\t<\/h4>\n\t\t\t<\/div>\n\t\t\t<div id=\"collapse-widget-2-1-0-3\" class=\"accordion__content  panel-collapse  collapse\" role=\"tabpanel\" aria-labelledby=\"heading-widget-2-1-0-3\">\n\t\t\t\t<div class=\"panel-body\">\n\t\t\t\t\t<p style=\"text-align: justify\"> The dive house is located close to everything you may need during your stay: <\/p>\n<p style=\"text-align: left\"><span class=\"icon-container\"><span class=\"fa fa-check\" style=\"color:#33ff33;\"><\/span><\/span> Massage center in our dive house<\/p>\n<p style=\"text-align: left\"><span class=\"icon-container\"><span class=\"fa fa-check\" style=\"color:#33ff33;\"><\/span><\/span> Many Thai local &amp; Western restaurants<\/p>\n<p style=\"text-align: left\"><span class=\"icon-container\"><span class=\"fa fa-check\" style=\"color:#33ff33;\"><\/span><\/span> Bike Rental &amp; Travel agencies<\/p>\n<p style=\"text-align: left\"><span class=\"icon-container\"><span class=\"fa fa-check\" style=\"color:#33ff33;\"><\/span><\/span> Most beautiful Beaches &amp; Bars a few kilometers away only.<\/p>\n<p style=\"text-align: left\"><span class=\"icon-container\"><span class=\"fa fa-check\" style=\"color:#33ff33;\"><\/span><\/span> Departure piers &amp; mini-van to other provinces<\/p>\t\t\t\t<\/div>\n\t\t\t<\/div>\n\t\t<\/div>\n\t\t\t<\/div>\n\n<\/div><\/div><\/div><div id=\"pg-11402-3\"  class=\"panel-grid panel-no-style\" ><div id=\"pgc-11402-3-0\"  class=\"panel-grid-cell\" ><div id=\"panel-11402-3-0-0\" class=\"so-panel widget widget_sow-editor panel-first-child panel-last-child\" data-index=\"4\" ><div\n\t\t\t\n\t\t\tclass=\"so-widget-sow-editor so-widget-sow-editor-base\"\n\t\t\t\n\t\t><h3 class=\"widget-title\"><span class=\"widget-title__inline\">Emplacement de la maison de plong\u00e9e sous-marine<\/span><\/h3>\n<div class=\"siteorigin-widget-tinymce textwidget\">\n\t<p><iframe src=\"https:\/\/www.google.com\/maps\/embed?pb=!1m18!1m12!1m3!1d3619.6434207993157!2d99.03815361448856!3d7.648822511180612!2m3!1f0!2f0!3f0!3m2!1i1024!2i768!4f13.1!3m3!1m2!1s0x304e02e18672b7c9%3A0x1ba954fad8fa0a7f!2sThe%20Dive%20House%2C%20Koh%20Lanta!5e1!3m2!1sen!2sth!4v1628164650893!5m2!1sen!2sth\" width=\"100%\" height=\"450\" style=\"border:0;\" allowfullscreen=\"\" loading=\"lazy\"><\/iframe><\/p>\n<\/div>\n<\/div><\/div><\/div><\/div><div id=\"pg-11402-4\"  class=\"panel-grid panel-no-style\" ><div id=\"pgc-11402-4-0\"  class=\"panel-grid-cell\" ><div id=\"panel-11402-4-0-0\" class=\"so-panel widget widget_sow-button panel-first-child panel-last-child\" data-index=\"5\" ><div\n\t\t\t\n\t\t\tclass=\"so-widget-sow-button so-widget-sow-button-atom-f3c7305f79a7-11402\"\n\t\t\t\n\t\t><div class=\"ow-button-base ow-button-align-center\"\n>\n\t\t\t<a\n\t\t\t\t\thref=\"https:\/\/blueplanetdivers.net\/fr\/?page_id=11113\"\n\t\t\t\t\tclass=\"sowb-button ow-icon-placement-left ow-button-hover\" target=\"_blank\" rel=\"noopener noreferrer\" \t>\n\t\t<span>\n\t\t\t\n\t\t\tCONTACTEZ-NOUS POUR PLUS D'INFORMATIONS\t\t<\/span>\n\t\t\t<\/a>\n\t<\/div>\n<\/div><\/div><\/div><\/div><\/div>","protected":false},"excerpt":{"rendered":"<p>Premi\u00e8re MAISON DE PLONG\u00c9E LANTA SCUBA Plongeurs Plan\u00e8te Bleue &nbsp; Bienvenue dans la premi\u00e8re communaut\u00e9 de maisons de plong\u00e9e sous-marine de Koh lanta situ\u00e9e dans la ville de Saladan. Enfin, nous avons cr\u00e9\u00e9 une innovation de plong\u00e9e avec le concept \u00ab\u00a0The dive house\u00a0\u00bb dans notre \u00eele. Tout en un seul endroit pour en profiter pleinement. &hellip;<\/p>\n","protected":false},"author":2,"featured_media":0,"parent":12216,"menu_order":0,"comment_status":"closed","ping_status":"closed","template":"","meta":{"_acf_changed":false,"footnotes":""},"class_list":["post-11402","page","type-page","status-publish","hentry","clearfix"],"acf":[],"_links":{"self":[{"href":"https:\/\/blueplanetdivers.net\/fr\/wp-json\/wp\/v2\/pages\/11402","targetHints":{"allow":["GET"]}}],"collection":[{"href":"https:\/\/blueplanetdivers.net\/fr\/wp-json\/wp\/v2\/pages"}],"about":[{"href":"https:\/\/blueplanetdivers.net\/fr\/wp-json\/wp\/v2\/types\/page"}],"author":[{"embeddable":true,"href":"https:\/\/blueplanetdivers.net\/fr\/wp-json\/wp\/v2\/users\/2"}],"replies":[{"embeddable":true,"href":"https:\/\/blueplanetdivers.net\/fr\/wp-json\/wp\/v2\/comments?post=11402"}],"version-history":[{"count":3,"href":"https:\/\/blueplanetdivers.net\/fr\/wp-json\/wp\/v2\/pages\/11402\/revisions"}],"predecessor-version":[{"id":15192,"href":"https:\/\/blueplanetdivers.net\/fr\/wp-json\/wp\/v2\/pages\/11402\/revisions\/15192"}],"up":[{"embeddable":true,"href":"https:\/\/blueplanetdivers.net\/fr\/wp-json\/wp\/v2\/pages\/12216"}],"wp:attachment":[{"href":"https:\/\/blueplanetdivers.net\/fr\/wp-json\/wp\/v2\/media?parent=11402"}],"curies":[{"name":"wp","href":"https:\/\/api.w.org\/{rel}","templated":true}]}}