{"id":11440,"date":"2021-10-12T09:46:08","date_gmt":"2021-10-12T02:46:08","guid":{"rendered":"https:\/\/new.blueplanetdivers.net\/incroyable-ile-de-lanta\/"},"modified":"2021-10-13T10:30:13","modified_gmt":"2021-10-13T03:30:13","slug":"incroyable-ile-de-lanta","status":"publish","type":"page","link":"https:\/\/blueplanetdivers.net\/fr\/incroyable-ile-de-lanta\/","title":{"rendered":"Incroyable \u00eele de Lanta"},"content":{"rendered":"<div id=\"pl-11440\"  class=\"panel-layout\" ><div id=\"pg-11440-0\"  class=\"panel-grid panel-no-style\" ><div id=\"pgc-11440-0-0\"  class=\"panel-grid-cell\" ><div id=\"panel-11440-0-0-0\" class=\"so-panel widget widget_sow-editor panel-first-child panel-last-child\" data-index=\"0\" ><div\n\t\t\t\n\t\t\tclass=\"so-widget-sow-editor so-widget-sow-editor-base\"\n\t\t\t\n\t\t>\n<div class=\"siteorigin-widget-tinymce textwidget\">\n\t<p><a href=\"https:\/\/xml-io.proteusthemes.com\/shaka\/wp-content\/uploads\/sites\/38\/2016\/06\/5.jpg\" target=\"_blank\" rel=\"noopener\"><img loading=\"lazy\" decoding=\"async\" class=\"alignnone wp-image-70 size-full\" src=\"https:\/\/xml-io.proteusthemes.com\/shaka\/wp-content\/uploads\/sites\/38\/2016\/06\/5.jpg\" alt=\"5\" width=\"864\" height=\"486\"><\/a><\/p>\n<\/div>\n<\/div><\/div><\/div><div id=\"pgc-11440-0-1\"  class=\"panel-grid-cell\" ><div id=\"panel-11440-0-1-0\" class=\"so-panel widget widget_sow-editor panel-first-child panel-last-child\" data-index=\"1\" ><div\n\t\t\t\n\t\t\tclass=\"so-widget-sow-editor so-widget-sow-editor-base\"\n\t\t\t\n\t\t>\n<div class=\"siteorigin-widget-tinymce textwidget\">\n\t<p><a href=\"https:\/\/xml-io.proteusthemes.com\/shaka\/wp-content\/uploads\/sites\/38\/2016\/06\/31.jpg\" target=\"_blank\" rel=\"noopener\"><img loading=\"lazy\" decoding=\"async\" class=\"alignnone wp-image-96 size-full\" src=\"https:\/\/xml-io.proteusthemes.com\/shaka\/wp-content\/uploads\/sites\/38\/2016\/06\/31.jpg\" alt=\"31\" width=\"864\" height=\"486\"><\/a><\/p>\n<\/div>\n<\/div><\/div><\/div><\/div><div id=\"pg-11440-1\"  class=\"panel-grid panel-no-style\" ><div id=\"pgc-11440-1-0\"  class=\"panel-grid-cell\" ><div id=\"panel-11440-1-0-0\" class=\"so-panel widget widget_sow-editor panel-first-child panel-last-child\" data-index=\"2\" ><div\n\t\t\t\n\t\t\tclass=\"so-widget-sow-editor so-widget-sow-editor-base\"\n\t\t\t\n\t\t>\n<div class=\"siteorigin-widget-tinymce textwidget\">\n\t<h4 style=\"text-align: left\"><span class=\"TextRun SCX67306600\" lang=\"EN-US\" xml:lang=\"EN-US\"><span class=\"NormalTextRun SCX67306600\">COURS DE PLONG\u00c9E<\/span><\/span><\/h4>\n<hr class=\"hr--dotted\">\n<p>Venez sauter le pas avec nos meilleurs moniteurs. Vous aurez l'impression de flotter dans l'espace.<\/p>\n<p style=\"text-align: left\"><span style=\"color: #888888\"><strong><span class=\"icon-container\"><span class=\"fa fa-check\" style=\"color:#d80019;\"><\/span><\/span> Conna\u00eetre le mat\u00e9riel<\/strong><\/span><\/p>\n<p style=\"text-align: left\"><span style=\"color: #888888\"><strong><span class=\"icon-container\"><span class=\"fa fa-check\" style=\"color:#d80019;\"><\/span><\/span> Conditions m\u00e9t\u00e9orologiques et eau<\/strong><\/span><\/p>\n<p style=\"text-align: left\"><span style=\"color: #888888\"><strong><span class=\"icon-container\"><span class=\"fa fa-check\" style=\"color:#d80019;\"><\/span><\/span> Techniques de mouvement<\/strong><\/span><\/p>\n<p style=\"text-align: left\"><span style=\"color: #888888\"><strong><span class=\"icon-container\"><span class=\"fa fa-check\" style=\"color:#d80019;\"><\/span><\/span> 5h\/jour de pratique sur l'eau<\/strong><\/span><\/p>\n<hr class=\"hr--dotted\">\n<a class=\"btn  btn-primary\" href=\"https:\/\/xml-io.proteusthemes.com\/shaka\/services\/diving-and-snorkeling\/\" target=\"_self\" rel=\"noopener\"> R\u00c9SERVER LES COURS<\/a>\n<\/div>\n<\/div><\/div><\/div><div id=\"pgc-11440-1-1\"  class=\"panel-grid-cell\" ><div id=\"panel-11440-1-1-0\" class=\"so-panel widget widget_sow-editor panel-first-child panel-last-child\" data-index=\"3\" ><div\n\t\t\t\n\t\t\tclass=\"so-widget-sow-editor so-widget-sow-editor-base\"\n\t\t\t\n\t\t>\n<div class=\"siteorigin-widget-tinymce textwidget\">\n\t<h4><span class=\"TextRun SCX227670647\" lang=\"EN-US\" xml:lang=\"EN-US\"><span class=\"NormalTextRun SCX227670647\">COURS DE SONKELING<\/span><\/span><\/h4>\n<hr class=\"hr--dotted\">\n<p><span class=\"TextRun SCX227670647\" lang=\"EN-US\" xml:lang=\"EN-US\"><span class=\"NormalTextRun SCX227670647\">Nagez avec de beaux poissons dans le r\u00e9cif le plus \u00e9tonnant du monde. Vous n'avez pas besoin d'aller trop loin pour tout voir.<\/span><\/span><\/p>\n<p style=\"text-align: left\"><span style=\"color: #888888\"><strong><span class=\"icon-container\"><span class=\"fa fa-check\" style=\"color:#d80019;\"><\/span><\/span> Apprendre \u00e0 conna\u00eetre l'eau<\/strong><\/span><\/p>\n<p style=\"text-align: left\"><span style=\"color: #888888\"><strong><span class=\"icon-container\"><span class=\"fa fa-check\" style=\"color:#d80019;\"><\/span><\/span> Envorement de l'eau<\/strong><\/span><\/p>\n<p style=\"text-align: left\"><span style=\"color: #888888\"><strong><span class=\"icon-container\"><span class=\"fa fa-check\" style=\"color:#d80019;\"><\/span><\/span> Animaux marins<\/strong><\/span><\/p>\n<p style=\"text-align: left\"><span style=\"color: #888888\"><strong><span class=\"icon-container\"><span class=\"fa fa-check\" style=\"color:#d80019;\"><\/span><\/span> 3h\/jour de pratique sur l'eau<\/strong><\/span><\/p>\n<hr class=\"hr--dotted\">\n<a class=\"btn  btn-primary\" href=\"https:\/\/xml-io.proteusthemes.com\/shaka\/services\/diving-and-snorkeling\/\" target=\"_self\" rel=\"noopener\"> R\u00c9SERVER LES COURS<\/a>\n<\/div>\n<\/div><\/div><\/div><\/div><div id=\"pg-11440-2\"  class=\"panel-grid panel-no-style\" ><div id=\"pgc-11440-2-0\"  class=\"panel-grid-cell\" ><div id=\"panel-11440-2-0-0\" class=\"so-panel widget widget_sow-editor panel-first-child panel-last-child\" data-index=\"4\" ><div\n\t\t\t\n\t\t\tclass=\"so-widget-sow-editor so-widget-sow-editor-base\"\n\t\t\t\n\t\t>\n<div class=\"siteorigin-widget-tinymce textwidget\">\n\t<table class=\"shaka-table\">\n<thead>\n<tr>\n<th>EQUIPEMENT A LOUER<\/th>\n<th class=\"align-center\">Prix de location<\/th>\n<th class=\"align-center\">Tarif sortie bateau + \u00e9quipement<\/th>\n<\/tr>\n<\/thead>\n<tbody>\n<tr>\n<td>Combinaison n\u00e9opr\u00e8ne<\/td>\n<td class=\"align-center\">Gratuit (sur tous les voyages de plus de 50 $)<\/td>\n<td class=\"align-center\">Gratuit (sur tous les voyages de plus de 50 $)<\/td>\n<\/tr>\n<tr>\n<td>PALMES DE SNORKELING<\/td>\n<td class=\"align-center\">22,95 $<\/td>\n<td class=\"align-center\">20,95&nbsp;$<\/td>\n<\/tr>\n<tr>\n<td>MASQUE SNORKELING\/td&gt;\n<\/td>\n<td class=\"align-center\"> 16,95&nbsp;$<\/td>\n<td class=\"align-center\">10,95 $<\/td>\n<\/tr>\n<tr>\n<td>SQUBA PRO<\/td>\n<td class=\"align-center\">23,95 $<\/td>\n<td class=\"align-center\">20,95&nbsp;$<\/td>\n<\/tr>\n<tr>\n<td>BOUSSOLE OC\u00c9ANIQUE<\/td>\n<td class=\"align-center\">9,95&nbsp;$<\/td>\n<td class=\"align-center\"><a href=\"https:\/\/xml-io.proteusthemes.com\/shaka\/services\/diving-and-snorkeling\/\" target=\"_blank\" rel=\"noopener\">ENTRER EN CONTACT<\/a><\/td>\n<\/tr>\n<\/tbody>\n<\/table>\n<\/div>\n<\/div><\/div><\/div><\/div><div id=\"pg-11440-3\"  class=\"panel-grid panel-no-style\" ><div id=\"pgc-11440-3-0\"  class=\"panel-grid-cell\" ><div id=\"panel-11440-3-0-0\" class=\"so-panel widget widget_sow-editor panel-first-child panel-last-child\" data-index=\"5\" ><div\n\t\t\t\n\t\t\tclass=\"so-widget-sow-editor so-widget-sow-editor-base\"\n\t\t\t\n\t\t>\n<div class=\"siteorigin-widget-tinymce textwidget\">\n\t<h5>TOUT CE DONT VOUS AVEZ BESOIN POUR UNE PLONG\u00c9E<\/h5>\n<p>Notre c\u00f4t\u00e9 plage est non seulement formidable pour tous les types de sports nautiques, mais nous proposons \u00e9galement d'autres sports d'aventure passionnants. Emmenez votre famille sur une piste cyclable passionnante avec des options au choix du niveau d\u00e9butant au niveau avanc\u00e9 extr\u00eame, y compris le v\u00e9lo de montagne.<\/p>\n<\/div>\n<\/div><\/div><\/div><div id=\"pgc-11440-3-1\"  class=\"panel-grid-cell\" ><div id=\"panel-11440-3-1-0\" class=\"so-panel widget widget_pw_brochure_box widget-brochure-box panel-first-child\" data-index=\"6\" >\n\t<a class=\"brochure-box\" href=\"https:\/\/xml-io.proteusthemes.com\/shaka\/wp-content\/uploads\/sites\/38\/2016\/05\/brochure-shaka.pdf\" target=\"_blank\" rel=\"noopener\">\n\t\t<span class=\"brochure-box__icon\"><i class=\"fa  fa-file-image-o\"><\/i><\/span>\n\t\t<h5 class=\"brochure-box__text\">MAP OF DIVING SPOTS<\/h5>\n\t<\/a>\n\n<\/div><div id=\"panel-11440-3-1-1\" class=\"so-panel widget widget_pw_brochure_box widget-brochure-box\" data-index=\"7\" >\n\t<a class=\"brochure-box\" href=\"https:\/\/xml-io.proteusthemes.com\/shaka\/wp-content\/uploads\/sites\/38\/2016\/05\/brochure-shaka.pdf\" target=\"_blank\" rel=\"noopener\">\n\t\t<span class=\"brochure-box__icon\"><i class=\"fa  fa-file-o\"><\/i><\/span>\n\t\t<h5 class=\"brochure-box__text\">LICENCE APPLICATION FOR DIVERS<\/h5>\n\t<\/a>\n\n<\/div><div id=\"panel-11440-3-1-2\" class=\"so-panel widget widget_pw_brochure_box widget-brochure-box panel-last-child\" data-index=\"8\" >\n\t<a class=\"brochure-box\" href=\"https:\/\/xml-io.proteusthemes.com\/shaka\/wp-content\/uploads\/sites\/38\/2016\/05\/brochure-shaka.pdf\" target=\"_blank\" rel=\"noopener\">\n\t\t<span class=\"brochure-box__icon\"><i class=\"fa  fa-file-o\"><\/i><\/span>\n\t\t<h5 class=\"brochure-box__text\">BOATS PERMISSION<\/h5>\n\t<\/a>\n\n<\/div><\/div><\/div><div id=\"pg-11440-4\"  class=\"panel-grid panel-no-style\" ><div id=\"pgc-11440-4-0\"  class=\"panel-grid-cell\" ><div id=\"panel-11440-4-0-0\" class=\"so-panel widget widget_sow-google-map panel-first-child panel-last-child\" data-index=\"9\" ><div\n\t\t\t\n\t\t\tclass=\"so-widget-sow-google-map so-widget-sow-google-map-default-5006d6f6236c-11440\"\n\t\t\t\n\t\t>\n<div class=\"sow-google-map-canvas\"\n\tstyle=\"\"\n\tid=\"map-canvas-590f3cc4bbf9b5df754ce156278ab65e\"\n\tdata-options=\"{&quot;address&quot;:&quot;&quot;,&quot;zoom&quot;:10,&quot;mobileZoom&quot;:10,&quot;gestureHandling&quot;:&quot;cooperative&quot;,&quot;disableUi&quot;:false,&quot;markerIcon&quot;:false,&quot;markersDraggable&quot;:false,&quot;markerAtCenter&quot;:true,&quot;markerInfoDisplay&quot;:&quot;click&quot;,&quot;markerInfoMultiple&quot;:true,&quot;markerPositions&quot;:[{&quot;place&quot;:&quot;377 Keahole St.\\nHonolulu HI 96825&quot;,&quot;info&quot;:&quot;&quot;,&quot;infoSelectedEditor&quot;:&quot;tinymce&quot;,&quot;infoMaxWidth&quot;:&quot;&quot;,&quot;customMarkerIcon&quot;:&quot;&quot;,&quot;customMarkerIconSize&quot;:&quot;&quot;}],&quot;mapName&quot;:&quot;Carte personnalis\\u00e9e&quot;,&quot;mapStyles&quot;:[{&quot;featureType&quot;:&quot;water&quot;,&quot;elementType&quot;:&quot;geometry&quot;,&quot;stylers&quot;:[{&quot;color&quot;:&quot;#e9e9e9&quot;},{&quot;lightness&quot;:17}]},{&quot;featureType&quot;:&quot;landscape&quot;,&quot;elementType&quot;:&quot;geometry&quot;,&quot;stylers&quot;:[{&quot;color&quot;:&quot;#f5f5f5&quot;},{&quot;lightness&quot;:20}]},{&quot;featureType&quot;:&quot;road.highway&quot;,&quot;elementType&quot;:&quot;geometry.fill&quot;,&quot;stylers&quot;:[{&quot;color&quot;:&quot;#ffffff&quot;},{&quot;lightness&quot;:17}]},{&quot;featureType&quot;:&quot;road.highway&quot;,&quot;elementType&quot;:&quot;geometry.stroke&quot;,&quot;stylers&quot;:[{&quot;color&quot;:&quot;#ffffff&quot;},{&quot;lightness&quot;:29},{&quot;weight&quot;:0.2}]},{&quot;featureType&quot;:&quot;road.arterial&quot;,&quot;elementType&quot;:&quot;geometry&quot;,&quot;stylers&quot;:[{&quot;color&quot;:&quot;#ffffff&quot;},{&quot;lightness&quot;:18}]},{&quot;featureType&quot;:&quot;road.local&quot;,&quot;elementType&quot;:&quot;geometry&quot;,&quot;stylers&quot;:[{&quot;color&quot;:&quot;#ffffff&quot;},{&quot;lightness&quot;:16}]},{&quot;featureType&quot;:&quot;poi&quot;,&quot;elementType&quot;:&quot;geometry&quot;,&quot;stylers&quot;:[{&quot;color&quot;:&quot;#f5f5f5&quot;},{&quot;lightness&quot;:21}]},{&quot;featureType&quot;:&quot;poi.park&quot;,&quot;elementType&quot;:&quot;geometry&quot;,&quot;stylers&quot;:[{&quot;color&quot;:&quot;#dedede&quot;},{&quot;lightness&quot;:21}]},{&quot;elementType&quot;:&quot;labels.text.stroke&quot;,&quot;stylers&quot;:[{&quot;visibility&quot;:&quot;on&quot;},{&quot;color&quot;:&quot;#ffffff&quot;},{&quot;lightness&quot;:16}]},{&quot;elementType&quot;:&quot;labels.text.fill&quot;,&quot;stylers&quot;:[{&quot;saturation&quot;:36},{&quot;color&quot;:&quot;#333333&quot;},{&quot;lightness&quot;:40}]},{&quot;elementType&quot;:&quot;labels.icon&quot;,&quot;stylers&quot;:[{&quot;visibility&quot;:&quot;off&quot;}]},{&quot;featureType&quot;:&quot;transit&quot;,&quot;elementType&quot;:&quot;geometry&quot;,&quot;stylers&quot;:[{&quot;color&quot;:&quot;#f2f2f2&quot;},{&quot;lightness&quot;:19}]},{&quot;featureType&quot;:&quot;administrative&quot;,&quot;elementType&quot;:&quot;geometry.fill&quot;,&quot;stylers&quot;:[{&quot;color&quot;:&quot;#fefefe&quot;},{&quot;lightness&quot;:20}]},{&quot;featureType&quot;:&quot;administrative&quot;,&quot;elementType&quot;:&quot;geometry.stroke&quot;,&quot;stylers&quot;:[{&quot;color&quot;:&quot;#fefefe&quot;},{&quot;lightness&quot;:17},{&quot;weight&quot;:1.2}]}],&quot;directions&quot;:&quot;&quot;,&quot;apiKey&quot;:&quot;AIzaSyCX5CScemolmVeiD5fE0EpLobKNKIYW4s8&quot;,&quot;breakpoint&quot;:780}\"\n\tdata-fallback-image=\"{&quot;img&quot;:&quot;&quot;}\"><\/div>\n<\/div><\/div><\/div><\/div><\/div>","protected":false},"excerpt":{"rendered":"<p>COURS DE PLONG\u00c9EVenez sauter le pas avec nos meilleurs moniteurs. Vous aurez l&rsquo;impression de flotter dans l&rsquo;espace. Conna\u00eetre le mat\u00e9riel Conditions m\u00e9t\u00e9orologiques et eau Techniques de mouvement 5h\/jour de pratique sur l&rsquo;eau COURS DE SONKELINGNagez avec de beaux poissons dans le r\u00e9cif le plus \u00e9tonnant du monde. Vous n&rsquo;avez pas besoin d&rsquo;aller trop loin pour &hellip;<\/p>\n","protected":false},"author":2,"featured_media":0,"parent":0,"menu_order":0,"comment_status":"closed","ping_status":"closed","template":"","meta":{"_acf_changed":false,"footnotes":""},"class_list":["post-11440","page","type-page","status-publish","hentry","clearfix"],"acf":[],"_links":{"self":[{"href":"https:\/\/blueplanetdivers.net\/fr\/wp-json\/wp\/v2\/pages\/11440","targetHints":{"allow":["GET"]}}],"collection":[{"href":"https:\/\/blueplanetdivers.net\/fr\/wp-json\/wp\/v2\/pages"}],"about":[{"href":"https:\/\/blueplanetdivers.net\/fr\/wp-json\/wp\/v2\/types\/page"}],"author":[{"embeddable":true,"href":"https:\/\/blueplanetdivers.net\/fr\/wp-json\/wp\/v2\/users\/2"}],"replies":[{"embeddable":true,"href":"https:\/\/blueplanetdivers.net\/fr\/wp-json\/wp\/v2\/comments?post=11440"}],"version-history":[{"count":1,"href":"https:\/\/blueplanetdivers.net\/fr\/wp-json\/wp\/v2\/pages\/11440\/revisions"}],"predecessor-version":[{"id":11449,"href":"https:\/\/blueplanetdivers.net\/fr\/wp-json\/wp\/v2\/pages\/11440\/revisions\/11449"}],"wp:attachment":[{"href":"https:\/\/blueplanetdivers.net\/fr\/wp-json\/wp\/v2\/media?parent=11440"}],"curies":[{"name":"wp","href":"https:\/\/api.w.org\/{rel}","templated":true}]}}