{"id":12216,"date":"2021-10-12T09:53:32","date_gmt":"2021-10-12T02:53:32","guid":{"rendered":"https:\/\/new.blueplanetdivers.net\/koh-lanta\/"},"modified":"2021-10-13T10:30:13","modified_gmt":"2021-10-13T03:30:13","slug":"koh-lanta","status":"publish","type":"page","link":"https:\/\/blueplanetdivers.net\/fr\/koh-lanta\/","title":{"rendered":"Koh Lanta"},"content":{"rendered":"<div id=\"pl-12216\"  class=\"panel-layout\" ><div id=\"pg-12216-0\"  class=\"panel-grid panel-no-style\" ><div id=\"pgc-12216-0-0\"  class=\"panel-grid-cell\" ><div id=\"panel-12216-0-0-0\" class=\"so-panel widget widget_sow-editor panel-first-child panel-last-child\" data-index=\"0\" ><div\n\t\t\t\n\t\t\tclass=\"so-widget-sow-editor so-widget-sow-editor-base\"\n\t\t\t\n\t\t>\n<div class=\"siteorigin-widget-tinymce textwidget\">\n\t<h1 style=\"text-align: center;\"><img loading=\"lazy\" decoding=\"async\" class=\"aligncenter wp-image-7908 size-full\" src=\"https:\/\/blueplanetdivers.net\/wp-content\/uploads\/2021\/07\/koh_lanta_island_thailand_sunset.jpg\" alt=\"\" width=\"1200\" height=\"351\" srcset=\"https:\/\/blueplanetdivers.net\/wp-content\/uploads\/2021\/07\/koh_lanta_island_thailand_sunset.jpg 1200w, https:\/\/blueplanetdivers.net\/wp-content\/uploads\/2021\/07\/koh_lanta_island_thailand_sunset-300x88.jpg 300w, https:\/\/blueplanetdivers.net\/wp-content\/uploads\/2021\/07\/koh_lanta_island_thailand_sunset-1024x300.jpg 1024w, https:\/\/blueplanetdivers.net\/wp-content\/uploads\/2021\/07\/koh_lanta_island_thailand_sunset-768x225.jpg 768w, https:\/\/blueplanetdivers.net\/wp-content\/uploads\/2021\/07\/koh_lanta_island_thailand_sunset-540x158.jpg 540w, https:\/\/blueplanetdivers.net\/wp-content\/uploads\/2021\/07\/koh_lanta_island_thailand_sunset-600x176.jpg 600w\" sizes=\"auto, (max-width: 1200px) 100vw, 1200px\" \/><\/h1>\n<p>&nbsp;<\/p>\n<h1 style=\"text-align: center;\">Koh Lanta, explorez une \u00eele tha\u00eflandaise naturelle.<\/h1>\n<p>&nbsp;<\/p>\n<hr class=\"rope\">\n<\/div>\n<\/div><\/div><\/div><\/div><div id=\"pg-12216-1\"  class=\"panel-grid panel-no-style\" ><div id=\"pgc-12216-1-0\"  class=\"panel-grid-cell\" ><div id=\"panel-12216-1-0-0\" class=\"so-panel widget widget_sow-editor panel-first-child\" data-index=\"1\" ><div\n\t\t\t\n\t\t\tclass=\"so-widget-sow-editor so-widget-sow-editor-base\"\n\t\t\t\n\t\t>\n<div class=\"siteorigin-widget-tinymce textwidget\">\n\t<p align=\"justify\">Bienvenue sur une \u00eele magnifique et conviviale situ\u00e9e sur la mer d'Andaman, au sud-ouest de la Tha\u00eflande. Koh Lanta est facile d'acc\u00e8s, \u00e9tant \u00e0 seulement quelques heures de Phuket, Phi Phi, Trang et Krabi et accessible \u00e0 la fois par ferry pour passagers et car-ferries. Ses commodit\u00e9s et son emplacement sont parfaits pour les voyageurs qui attendent une \u00eele tha\u00eflandaise typique pour explorer au-del\u00e0 de la plong\u00e9e sous-marine, de la plong\u00e9e en apn\u00e9e ou de la plong\u00e9e en apn\u00e9e.<\/p>\n<hr class=\"hr--dotted\">\n<\/div>\n<\/div><\/div><div id=\"panel-12216-1-0-1\" class=\"so-panel widget widget_pw_accordion widget-accordion panel-last-child\" data-index=\"2\" ><h3 class=\"widget-title\"><span class=\"widget-title__inline\">True Nature Island<\/span><\/h3>\t<div class=\"accordion panel-group\" id=\"accordion-widget-1-0-1\" role=\"tablist\" aria-multiselectable=\"true\">\n\t\t\t<div class=\"accordion__panel  panel  panel-default\">\n\t\t\t<div class=\"accordion__heading  panel-heading\" role=\"tab\" id=\"heading-widget-1-0-1-1\">\n\t\t\t\t<h4 class=\"panel-title\">\n\t\t\t\t\t<a class=\"collapsed\" role=\"button\" data-toggle=\"collapse\" data-parent=\"#accordion-widget-1-0-1\" href=\"#collapse-widget-1-0-1-1\" aria-expanded=\"false\" aria-controls=\"collapse-widget-1-0-1-1\">\n\t\t\t\t\t\tLargest Island in the area\t\t\t\t\t<\/a>\n\t\t\t\t<\/h4>\n\t\t\t<\/div>\n\t\t\t<div id=\"collapse-widget-1-0-1-1\" class=\"accordion__content  panel-collapse  collapse\" role=\"tabpanel\" aria-labelledby=\"heading-widget-1-0-1-1\">\n\t\t\t\t<div class=\"panel-body\">\n\t\t\t\t\t<p align=\"justify\">Koh Lanta are the largest islands within the National Park of Trang, an archipelago consisting of more than 50 islands, many of which being uninhabited. It comprises of 2 islands, Koh Lanta Noi and Koh Lanta Yai. These islands were initially settled by sea Gypsies, while many of their descendants still live in the south of the larger island. Most tourists head towards Koh Lanta Yai, largest of these two islands situated furthest in the West. It is a location of various resorts and the best beaches along the west coast. These beaches offer beautiful sand, clear warm waters and stunning sunsets.<\/p>\t\t\t\t<\/div>\n\t\t\t<\/div>\n\t\t<\/div>\n\t\t\t<div class=\"accordion__panel  panel  panel-default\">\n\t\t\t<div class=\"accordion__heading  panel-heading\" role=\"tab\" id=\"heading-widget-1-0-1-2\">\n\t\t\t\t<h4 class=\"panel-title\">\n\t\t\t\t\t<a class=\"collapsed\" role=\"button\" data-toggle=\"collapse\" data-parent=\"#accordion-widget-1-0-1\" href=\"#collapse-widget-1-0-1-2\" aria-expanded=\"false\" aria-controls=\"collapse-widget-1-0-1-2\">\n\t\t\t\t\t\tOne of the last natural Island\t\t\t\t\t<\/a>\n\t\t\t\t<\/h4>\n\t\t\t<\/div>\n\t\t\t<div id=\"collapse-widget-1-0-1-2\" class=\"accordion__content  panel-collapse  collapse\" role=\"tabpanel\" aria-labelledby=\"heading-widget-1-0-1-2\">\n\t\t\t\t<div class=\"panel-body\">\n\t\t\t\t\t<p align=\"justify\">Koh Lanta has managed to retain much of its original charm being much less commercial than many other Thai destinations. There is definitely a much more relaxed approach to life on Koh Lanta and many tourists find it difficult to leave. With over 26km of beaches on its west coast, Koh Lanta is in a position to offer accommodation that will suit everyone, which includes romantic getaways, family holidays and backpacker huts on the beach (Hotels &amp; Resorts). Cool drinks are available from beach bars during the day and at night there are plenty of bars and restaurants, both Thai and European, to suit every pocket (Bars and Restaurants).<\/p>\t\t\t\t<\/div>\n\t\t\t<\/div>\n\t\t<\/div>\n\t\t\t<div class=\"accordion__panel  panel  panel-default\">\n\t\t\t<div class=\"accordion__heading  panel-heading\" role=\"tab\" id=\"heading-widget-1-0-1-3\">\n\t\t\t\t<h4 class=\"panel-title\">\n\t\t\t\t\t<a class=\"collapsed\" role=\"button\" data-toggle=\"collapse\" data-parent=\"#accordion-widget-1-0-1\" href=\"#collapse-widget-1-0-1-3\" aria-expanded=\"false\" aria-controls=\"collapse-widget-1-0-1-3\">\n\t\t\t\t\t\tIdeal location for hopping and diving\t\t\t\t\t<\/a>\n\t\t\t\t<\/h4>\n\t\t\t<\/div>\n\t\t\t<div id=\"collapse-widget-1-0-1-3\" class=\"accordion__content  panel-collapse  collapse\" role=\"tabpanel\" aria-labelledby=\"heading-widget-1-0-1-3\">\n\t\t\t\t<div class=\"panel-body\">\n\t\t\t\t\t<p align=\"justify\">There are over 10 beaches on Koh Lanta Yai, starting from Long Beach (Phrae Ae), a 3km stretch that offers a beautiful coastline and plenty of beach bars, to Kantiang Beach, a stunning secluded beach in the south of the island. Koh Lanta is ideal for both novice and experienced SCUBA divers as the Andaman Sea is warm, clear and overall diving conditions are excellent. Koh Haa situated to the west of Koh Lanta offers a beautiful lagoon for freediving beginners and snorkelling whilst there are caverns and swim-troughs for the more experienced divers. Hin Daeng and Hin Muang located on the far South of the island are World Class destination sites providing an opportunity to see large pelagics.<\/p>\t\t\t\t<\/div>\n\t\t\t<\/div>\n\t\t<\/div>\n\t\t\t<div class=\"accordion__panel  panel  panel-default\">\n\t\t\t<div class=\"accordion__heading  panel-heading\" role=\"tab\" id=\"heading-widget-1-0-1-4\">\n\t\t\t\t<h4 class=\"panel-title\">\n\t\t\t\t\t<a class=\"collapsed\" role=\"button\" data-toggle=\"collapse\" data-parent=\"#accordion-widget-1-0-1\" href=\"#collapse-widget-1-0-1-4\" aria-expanded=\"false\" aria-controls=\"collapse-widget-1-0-1-4\">\n\t\t\t\t\t\tPlenty of Island activities\t\t\t\t\t<\/a>\n\t\t\t\t<\/h4>\n\t\t\t<\/div>\n\t\t\t<div id=\"collapse-widget-1-0-1-4\" class=\"accordion__content  panel-collapse  collapse\" role=\"tabpanel\" aria-labelledby=\"heading-widget-1-0-1-4\">\n\t\t\t\t<div class=\"panel-body\">\n\t\t\t\t\t<p align=\"justify\">There is plenty for everyone on Koh Lanta, including canoeing in the mangroves, elephant trekking, cave walking, and jungle treks, islands hopping, boat tours or just walking to meet local villagers. One of our favourite end of day activity is sitting at one of the many beach bars and watching the sun go down.<\/p>\t\t\t\t<\/div>\n\t\t\t<\/div>\n\t\t<\/div>\n\t\t\t<\/div>\n\n<\/div><\/div><div id=\"pgc-12216-1-1\"  class=\"panel-grid-cell\" ><div id=\"panel-12216-1-1-0\" class=\"so-panel widget widget_sow-editor panel-first-child panel-last-child\" data-index=\"3\" ><div\n\t\t\t\n\t\t\tclass=\"so-widget-sow-editor so-widget-sow-editor-base\"\n\t\t\t\n\t\t>\n<div class=\"siteorigin-widget-tinymce textwidget\">\n\t<p><iframe src=\"https:\/\/www.google.com\/maps\/embed?pb=!1m18!1m12!1m3!1d262645.51464431017!2d98.98031331860703!3d7.6279390803953415!2m3!1f0!2f0!3f0!3m2!1i1024!2i768!4f13.1!3m3!1m2!1s0x304e0246980f7461%3A0x30223bc2c367f90!2sKo%20Lanta%20District%2C%20Krabi!5e1!3m2!1sen!2sth!4v1626839231201!5m2!1sen!2sth\" width=\"100%\" height=\"585\" style=\"border:0;\" allowfullscreen=\"\" loading=\"lazy\"><\/iframe><\/p>\n<\/div>\n<\/div><\/div><\/div><\/div><div id=\"pg-12216-2\"  class=\"panel-grid panel-no-style\" ><div id=\"pgc-12216-2-0\"  class=\"panel-grid-cell\" ><div id=\"panel-12216-2-0-0\" class=\"so-panel widget widget_sow-editor panel-first-child panel-last-child\" data-index=\"4\" ><div\n\t\t\t\n\t\t\tclass=\"so-widget-sow-editor so-widget-sow-editor-base\"\n\t\t\t\n\t\t>\n<div class=\"siteorigin-widget-tinymce textwidget\">\n\t<hr class=\"hr--dotted\">\n<\/div>\n<\/div><\/div><\/div><\/div><div id=\"pg-12216-3\"  class=\"panel-grid panel-no-style\" ><div id=\"pgc-12216-3-0\"  class=\"panel-grid-cell\" ><div id=\"panel-12216-3-0-0\" class=\"so-panel widget widget_sow-editor panel-first-child panel-last-child\" data-index=\"5\" ><div\n\t\t\t\n\t\t\tclass=\"so-widget-sow-editor so-widget-sow-editor-base\"\n\t\t\t\n\t\t><h3 class=\"widget-title\"><span class=\"widget-title__inline\">Pourquoi Koh Lanta ?<\/span><\/h3>\n<div class=\"siteorigin-widget-tinymce textwidget\">\n\t<p style=\"text-align: left;\"><span style=\"color: #888888;\"><strong><span class=\"icon-container\"><span class=\"fa fa-check\" style=\"color:#33ff33;\"><\/span><\/span> Moins touristique que les autres destinations en Tha\u00eflande<\/strong><\/span><\/p>\n<p style=\"text-align: left;\"><span style=\"color: #888888;\"><strong><span class=\"icon-container\"><span class=\"fa fa-check\" style=\"color:#33ff33;\"><\/span><\/span> Facile d'acc\u00e8s et facile \u00e0 d\u00e9placer<\/strong><\/span><\/p>\n<p style=\"text-align: left;\"><span style=\"color: #888888;\"><strong><span class=\"icon-container\"><span class=\"fa fa-check\" style=\"color:#33ff33;\"><\/span><\/span> Faune et flore \u00e9tonnantes<\/strong><\/span><\/p>\n<p style=\"text-align: left;\"><span style=\"color: #888888;\"><strong><span class=\"icon-container\"><span class=\"fa fa-check\" style=\"color:#33ff33;\"><\/span><\/span> Quelque chose pour tout le monde, en termes d'activit\u00e9s, de stations baln\u00e9aires, de nourriture et de divertissement<\/strong><\/span><\/p>\n<p style=\"text-align: left;\"><span style=\"color: #888888;\"><strong><span class=\"icon-container\"><span class=\"fa fa-check\" style=\"color:#33ff33;\"><\/span><\/span> De belles plages et une vie aquatique \u00e9poustouflante<\/strong><\/span><\/p>\n<p style=\"text-align: left;\"><span style=\"color: #888888;\"><strong><span class=\"icon-container\"><span class=\"fa fa-check\" style=\"color:#33ff33;\"><\/span><\/span> Il fait chaud toute l'ann\u00e9e<\/strong><\/span><\/p>\n<p style=\"text-align: left;\"><span style=\"color: #888888;\"><strong><span class=\"icon-container\"><span class=\"fa fa-check\" style=\"color:#33ff33;\"><\/span><\/span> Des gens formidables, des sourires \u00e9poustouflants.<\/strong><\/span><\/p>\n<\/div>\n<\/div><\/div><\/div><div id=\"pgc-12216-3-1\"  class=\"panel-grid-cell\" ><div id=\"panel-12216-3-1-0\" class=\"so-panel widget widget_sow-editor panel-first-child panel-last-child\" data-index=\"6\" ><div\n\t\t\t\n\t\t\tclass=\"so-widget-sow-editor so-widget-sow-editor-base\"\n\t\t\t\n\t\t>\n<div class=\"siteorigin-widget-tinymce textwidget\">\n\t<style type=\"text\/css\">\n\t#foogallery-gallery-7916 .fg-image {\n        width: 150px;\n    }\n<\/style>\n\t\t\t\t<div class=\"foogallery foogallery-container foogallery-default foogallery-lightbox-foobox fg-gutter-10 fg-center fg-default fg-light fg-border-thin fg-shadow-outline fg-loading-bars fg-loaded-fade-in fg-caption-hover fg-hover-fade fg-hover-zoom fg-ready\" id=\"foogallery-gallery-7916\" data-foogallery=\"{&quot;item&quot;:{&quot;showCaptionTitle&quot;:true,&quot;showCaptionDescription&quot;:true},&quot;lazy&quot;:true}\" >\n\t<div class=\"fg-item fg-type-image fg-idle\"><figure class=\"fg-item-inner\"><a href=\"https:\/\/blueplanetdivers.net\/wp-content\/uploads\/2021\/07\/koh_lanta_best_thailand_life_island.jpg\" data-attachment-id=\"7922\" class=\"fg-thumb\"><span class=\"fg-image-wrap\"><img decoding=\"async\" alt=\"Koh Lanta amazing island, best travel of Thailand\" width=\"150\" height=\"150\" class=\"skip-lazy fg-image\" data-no-lazy=\"1\" data-src-fg=\"https:\/\/blueplanetdivers.net\/wp-content\/uploads\/cache\/2021\/07\/koh_lanta_best_thailand_life_island\/3509362823.jpg\" src=\"data:image\/svg+xml,%3Csvg%20xmlns%3D%22http%3A%2F%2Fwww.w3.org%2F2000%2Fsvg%22%20width%3D%22150%22%20height%3D%22150%22%20viewBox%3D%220%200%20150%20150%22%3E%3C%2Fsvg%3E\" loading=\"eager\"><\/span><span class=\"fg-image-overlay\"><\/span><\/a><figcaption class=\"fg-caption\"><div class=\"fg-caption-inner\"><\/div><\/figcaption><\/figure><div class=\"fg-loader\"><\/div><\/div><div class=\"fg-item fg-type-image fg-idle\"><figure class=\"fg-item-inner\"><a href=\"https:\/\/blueplanetdivers.net\/wp-content\/uploads\/2021\/07\/ko_lanta_best_thailand_life_island.jpg\" data-attachment-id=\"7927\" class=\"fg-thumb\"><span class=\"fg-image-wrap\"><img decoding=\"async\" alt=\"Koh Lanta amazing island, best travel of Thailand\" width=\"150\" height=\"150\" class=\"skip-lazy fg-image\" data-no-lazy=\"1\" data-src-fg=\"https:\/\/blueplanetdivers.net\/wp-content\/uploads\/cache\/2021\/07\/ko_lanta_best_thailand_life_island\/3770829726.jpg\" src=\"data:image\/svg+xml,%3Csvg%20xmlns%3D%22http%3A%2F%2Fwww.w3.org%2F2000%2Fsvg%22%20width%3D%22150%22%20height%3D%22150%22%20viewBox%3D%220%200%20150%20150%22%3E%3C%2Fsvg%3E\" loading=\"eager\"><\/span><span class=\"fg-image-overlay\"><\/span><\/a><figcaption class=\"fg-caption\"><div class=\"fg-caption-inner\"><\/div><\/figcaption><\/figure><div class=\"fg-loader\"><\/div><\/div><div class=\"fg-item fg-type-image fg-idle\"><figure class=\"fg-item-inner\"><a href=\"https:\/\/blueplanetdivers.net\/wp-content\/uploads\/2021\/07\/koh_lanta_best_smile_thailand_island_asia.jpg\" data-attachment-id=\"7932\" class=\"fg-thumb\"><span class=\"fg-image-wrap\"><img decoding=\"async\" width=\"150\" height=\"150\" class=\"skip-lazy fg-image\" data-no-lazy=\"1\" data-src-fg=\"https:\/\/blueplanetdivers.net\/wp-content\/uploads\/cache\/2021\/07\/koh_lanta_best_smile_thailand_island_asia\/553937719.jpg\" src=\"data:image\/svg+xml,%3Csvg%20xmlns%3D%22http%3A%2F%2Fwww.w3.org%2F2000%2Fsvg%22%20width%3D%22150%22%20height%3D%22150%22%20viewBox%3D%220%200%20150%20150%22%3E%3C%2Fsvg%3E\" loading=\"eager\"><\/span><span class=\"fg-image-overlay\"><\/span><\/a><figcaption class=\"fg-caption\"><div class=\"fg-caption-inner\"><\/div><\/figcaption><\/figure><div class=\"fg-loader\"><\/div><\/div><div class=\"fg-item fg-type-image fg-idle\"><figure class=\"fg-item-inner\"><a href=\"https:\/\/blueplanetdivers.net\/wp-content\/uploads\/2021\/07\/koh_lanta_best_thailand_island.jpg\" data-attachment-id=\"7937\" class=\"fg-thumb\"><span class=\"fg-image-wrap\"><img decoding=\"async\" width=\"150\" height=\"150\" class=\"skip-lazy fg-image\" data-no-lazy=\"1\" data-src-fg=\"https:\/\/blueplanetdivers.net\/wp-content\/uploads\/cache\/2021\/07\/koh_lanta_best_thailand_island\/1480915418.jpg\" src=\"data:image\/svg+xml,%3Csvg%20xmlns%3D%22http%3A%2F%2Fwww.w3.org%2F2000%2Fsvg%22%20width%3D%22150%22%20height%3D%22150%22%20viewBox%3D%220%200%20150%20150%22%3E%3C%2Fsvg%3E\" loading=\"eager\"><\/span><span class=\"fg-image-overlay\"><\/span><\/a><figcaption class=\"fg-caption\"><div class=\"fg-caption-inner\"><\/div><\/figcaption><\/figure><div class=\"fg-loader\"><\/div><\/div><div class=\"fg-item fg-type-image fg-idle\"><figure class=\"fg-item-inner\"><a href=\"https:\/\/blueplanetdivers.net\/wp-content\/uploads\/2021\/07\/koh_lanta_best_thailand_island_asia.jpg\" data-attachment-id=\"7942\" class=\"fg-thumb\"><span class=\"fg-image-wrap\"><img decoding=\"async\" width=\"150\" height=\"150\" class=\"skip-lazy fg-image\" data-no-lazy=\"1\" data-src-fg=\"https:\/\/blueplanetdivers.net\/wp-content\/uploads\/cache\/2021\/07\/koh_lanta_best_thailand_island_asia\/369486905.jpg\" src=\"data:image\/svg+xml,%3Csvg%20xmlns%3D%22http%3A%2F%2Fwww.w3.org%2F2000%2Fsvg%22%20width%3D%22150%22%20height%3D%22150%22%20viewBox%3D%220%200%20150%20150%22%3E%3C%2Fsvg%3E\" loading=\"eager\"><\/span><span class=\"fg-image-overlay\"><\/span><\/a><figcaption class=\"fg-caption\"><div class=\"fg-caption-inner\"><\/div><\/figcaption><\/figure><div class=\"fg-loader\"><\/div><\/div><div class=\"fg-item fg-type-image fg-idle\"><figure class=\"fg-item-inner\"><a href=\"https:\/\/blueplanetdivers.net\/wp-content\/uploads\/2021\/07\/koh_lanta_best_thailand_island_life.jpg\" data-attachment-id=\"7947\" class=\"fg-thumb\"><span class=\"fg-image-wrap\"><img decoding=\"async\" alt=\"Koh Lanta amazing island, best travel of Thailand\" width=\"150\" height=\"150\" class=\"skip-lazy fg-image\" data-no-lazy=\"1\" data-src-fg=\"https:\/\/blueplanetdivers.net\/wp-content\/uploads\/cache\/2021\/07\/koh_lanta_best_thailand_island_life\/2585768451.jpg\" src=\"data:image\/svg+xml,%3Csvg%20xmlns%3D%22http%3A%2F%2Fwww.w3.org%2F2000%2Fsvg%22%20width%3D%22150%22%20height%3D%22150%22%20viewBox%3D%220%200%20150%20150%22%3E%3C%2Fsvg%3E\" loading=\"eager\"><\/span><span class=\"fg-image-overlay\"><\/span><\/a><figcaption class=\"fg-caption\"><div class=\"fg-caption-inner\"><\/div><\/figcaption><\/figure><div class=\"fg-loader\"><\/div><\/div><\/div>\n\n<\/div>\n<\/div><\/div><\/div><\/div><div id=\"pg-12216-4\"  class=\"panel-grid panel-no-style\" ><div id=\"pgc-12216-4-0\"  class=\"panel-grid-cell\" ><div id=\"panel-12216-4-0-0\" class=\"so-panel widget widget_sow-editor panel-first-child\" data-index=\"7\" ><div\n\t\t\t\n\t\t\tclass=\"so-widget-sow-editor so-widget-sow-editor-base\"\n\t\t\t\n\t\t>\n<div class=\"siteorigin-widget-tinymce textwidget\">\n\t<hr class=\"rope\">\n<h2>Un peu d'histoire<\/h2>\n<p><strong>Vieille ville et gitans de la mer<\/strong><\/p>\n<p align=\"justify\">A moins de 20 minutes en voiture des principales zones touristiques, la \u00ab vieille ville \u00bb et les \u00ab villages gitans de la mer \u00bb offrent une destination plus traditionnellement tha\u00eflandaise et certainement moins touristique ! La vie ici est beaucoup plus ax\u00e9e sur la p\u00eache, comme le montre le nombre de bateaux \u00e0 longue queue amarr\u00e9s \u00e0 c\u00f4t\u00e9 de belles maisons traditionnelles en bois.<\/p>\n<p align=\"justify\">Les gitans de la mer sont les premiers habitants de Koh Lanta et leurs traditions et cultures sont vieilles de milliers d'ann\u00e9es. L'artisanat traditionnel est disponible ici et il y a quelques excellents restaurants tha\u00eflandais qui s'\u00e9tendent dans les mangroves o\u00f9 vous pourrez d\u00e9guster un d\u00e9jeuner et des boissons fra\u00eeches.<\/p>\n<hr class=\"hr--dotted\">\n<\/div>\n<\/div><\/div><div id=\"panel-12216-4-0-1\" class=\"so-panel widget widget_sow-video\" data-index=\"8\" ><div\n\t\t\t\n\t\t\tclass=\"so-widget-sow-video so-widget-sow-video-default-f379b959fc93-12216\"\n\t\t\t\n\t\t><h3 class=\"widget-title\"><span class=\"widget-title__inline\">Respirez \u00e0 Koh Lanta<\/span><\/h3>\n<div class=\"sow-video-wrapper\n use-fitvids\">\n\t\t\t<video\n\t\t\tid=\"sow-player-1\" class=\"sow-video-widget\" preload=\"auto\" style=\"width:100%;height:100%;\" autoplay playsinline muted=\"1\" controls \t\t>\n\t\t\t\t\t\t\t<source type=\"\" src=\"https:\/\/www.youtube.com\/watch?v=ecwBuidy3Cg\"\/>\n\t\t\t\t\t<\/video>\n\t<\/div>\n<\/div><\/div><div id=\"panel-12216-4-0-2\" class=\"so-panel widget widget_sow-editor\" data-index=\"9\" ><div\n\t\t\t\n\t\t\tclass=\"so-widget-sow-editor so-widget-sow-editor-base\"\n\t\t\t\n\t\t>\n<div class=\"siteorigin-widget-tinymce textwidget\">\n\t<hr class=\"hr--dotted\">\n<\/div>\n<\/div><\/div><div id=\"panel-12216-4-0-3\" class=\"so-panel widget widget_sow-button panel-last-child\" data-index=\"10\" ><div\n\t\t\t\n\t\t\tclass=\"so-widget-sow-button so-widget-sow-button-atom-f3c7305f79a7-12216\"\n\t\t\t\n\t\t><div class=\"ow-button-base ow-button-align-center\"\n>\n\t\t\t<a\n\t\t\t\t\thref=\"https:\/\/blueplanetdivers.net\/fr\/?page_id=11113\"\n\t\t\t\t\tclass=\"sowb-button ow-icon-placement-left ow-button-hover\" \t>\n\t\t<span>\n\t\t\t\n\t\t\tNous contacter\t\t<\/span>\n\t\t\t<\/a>\n\t<\/div>\n<\/div><\/div><\/div><\/div><\/div>","protected":false},"excerpt":{"rendered":"<p>&nbsp; Koh Lanta, explorez une \u00eele tha\u00eflandaise naturelle. &nbsp; Bienvenue sur une \u00eele magnifique et conviviale situ\u00e9e sur la mer d&rsquo;Andaman, au sud-ouest de la Tha\u00eflande. Koh Lanta est facile d&rsquo;acc\u00e8s, \u00e9tant \u00e0 seulement quelques heures de Phuket, Phi Phi, Trang et Krabi et accessible \u00e0 la fois par ferry pour passagers et car-ferries. Ses &hellip;<\/p>\n","protected":false},"author":2,"featured_media":0,"parent":0,"menu_order":0,"comment_status":"closed","ping_status":"closed","template":"","meta":{"_acf_changed":false,"footnotes":""},"class_list":["post-12216","page","type-page","status-publish","hentry","clearfix"],"acf":[],"_links":{"self":[{"href":"https:\/\/blueplanetdivers.net\/fr\/wp-json\/wp\/v2\/pages\/12216","targetHints":{"allow":["GET"]}}],"collection":[{"href":"https:\/\/blueplanetdivers.net\/fr\/wp-json\/wp\/v2\/pages"}],"about":[{"href":"https:\/\/blueplanetdivers.net\/fr\/wp-json\/wp\/v2\/types\/page"}],"author":[{"embeddable":true,"href":"https:\/\/blueplanetdivers.net\/fr\/wp-json\/wp\/v2\/users\/2"}],"replies":[{"embeddable":true,"href":"https:\/\/blueplanetdivers.net\/fr\/wp-json\/wp\/v2\/comments?post=12216"}],"version-history":[{"count":1,"href":"https:\/\/blueplanetdivers.net\/fr\/wp-json\/wp\/v2\/pages\/12216\/revisions"}],"predecessor-version":[{"id":12217,"href":"https:\/\/blueplanetdivers.net\/fr\/wp-json\/wp\/v2\/pages\/12216\/revisions\/12217"}],"wp:attachment":[{"href":"https:\/\/blueplanetdivers.net\/fr\/wp-json\/wp\/v2\/media?parent=12216"}],"curies":[{"name":"wp","href":"https:\/\/api.w.org\/{rel}","templated":true}]}}