{"id":11757,"date":"2021-10-12T09:48:55","date_gmt":"2021-10-12T02:48:55","guid":{"rendered":"https:\/\/new.blueplanetdivers.net\/shop\/non%20class\u00e9\/combinaison-neoprene\/"},"modified":"2021-10-12T09:48:58","modified_gmt":"2021-10-12T02:48:58","slug":"combinaison-neoprene","status":"publish","type":"product","link":"https:\/\/blueplanetdivers.net\/fr\/shop\/diving-gear\/combinaison-neoprene\/","title":{"rendered":"Combinaison N\u00e9opr\u00e8ne"},"content":{"rendered":"<p>Profitez du frisson et du plaisir de surfer sous diff\u00e9rents vents et avec une grande vari\u00e9t\u00e9 de planches de surf. Avec un littoral large et ininterrompu ainsi que des \u00e9quipements de pointe, des mesures de s\u00e9curit\u00e9 sup\u00e9rieures aux mesures de s\u00e9curit\u00e9 standard et un \u00e9quipage et des guides de haut niveau, m\u00eame un d\u00e9butant absolu peut profiter du frisson et de l&rsquo;excitation de battre et de surfer sur des vagues aussi hautes que 20 \u00e0 30 m\u00e8tres. <\/p>\n","protected":false},"excerpt":{"rendered":"<p>Nos planches et voiles appartiennent \u00e0 l&rsquo;une des marques les plus convoit\u00e9es et les plus recherch\u00e9es au monde, pouvant naviguer dans toutes les conditions. De plus, chaque voile a \u00e9t\u00e9 gr\u00e9\u00e9e avec le m\u00e2t en carbone et les b\u00f4mes en carbone selon la norme recommand\u00e9e. <\/p>\n","protected":false},"featured_media":0,"comment_status":"open","ping_status":"closed","template":"","meta":{"_acf_changed":false},"product_brand":[],"product_cat":[139],"product_tag":[39],"class_list":{"0":"post-11757","1":"product","2":"type-product","3":"status-publish","5":"product_cat-diving-gear","6":"product_tag-gear","7":"clearfix","8":"hentry","10":"first","11":"instock","12":"shipping-taxable","13":"product-type-simple"},"acf":[],"_links":{"self":[{"href":"https:\/\/blueplanetdivers.net\/fr\/wp-json\/wp\/v2\/product\/11757","targetHints":{"allow":["GET"]}}],"collection":[{"href":"https:\/\/blueplanetdivers.net\/fr\/wp-json\/wp\/v2\/product"}],"about":[{"href":"https:\/\/blueplanetdivers.net\/fr\/wp-json\/wp\/v2\/types\/product"}],"replies":[{"embeddable":true,"href":"https:\/\/blueplanetdivers.net\/fr\/wp-json\/wp\/v2\/comments?post=11757"}],"wp:attachment":[{"href":"https:\/\/blueplanetdivers.net\/fr\/wp-json\/wp\/v2\/media?parent=11757"}],"wp:term":[{"taxonomy":"product_brand","embeddable":true,"href":"https:\/\/blueplanetdivers.net\/fr\/wp-json\/wp\/v2\/product_brand?post=11757"},{"taxonomy":"product_cat","embeddable":true,"href":"https:\/\/blueplanetdivers.net\/fr\/wp-json\/wp\/v2\/product_cat?post=11757"},{"taxonomy":"product_tag","embeddable":true,"href":"https:\/\/blueplanetdivers.net\/fr\/wp-json\/wp\/v2\/product_tag?post=11757"}],"curies":[{"name":"wp","href":"https:\/\/api.w.org\/{rel}","templated":true}]}}