{"id":12077,"date":"2021-10-12T09:52:09","date_gmt":"2021-10-12T02:52:09","guid":{"rendered":"https:\/\/new.blueplanetdivers.net\/shop\/non%20class\u00e9\/palmes-de-plongee\/"},"modified":"2021-10-12T09:52:10","modified_gmt":"2021-10-12T02:52:10","slug":"palmes-de-plongee","status":"publish","type":"product","link":"https:\/\/blueplanetdivers.net\/fr\/shop\/diving-gear\/palmes-de-plongee\/","title":{"rendered":"Palmes de plong\u00e9e"},"content":{"rendered":"<p>Le paradis de sable de la R\u00e9publique Dominicaine est formidable pour tous de vivre des vacances parfaites \u00e0 la plage et de se pr\u00e9lasser dans la gloire du soleil au bord de la mer. Vous pouvez \u00e9galement devenir aventureux avec notre gamme de sports nautiques ainsi que d&rsquo;autres aventures comme la randonn\u00e9e. Avec un temps fantastique et de superbes sentiers de randonn\u00e9e, vous pouvez \u00eatre s\u00fbr de vivre une aventure de votre vie. <\/p>\n","protected":false},"excerpt":{"rendered":"<p>Ce qui rend nos sentiers encore plus uniques, c&rsquo;est la pr\u00e9sence de la civilisation \u00e0 des points sp\u00e9cifiques, ce qui les rend formidables et s\u00fbrs pour les familles et en particulier les enfants. Cela vous \u00e9vite \u00e9galement de transporter des charges de nourriture et m\u00eame des tentes. \u00c0 chaque point de civilisation, nous avons nos attaches pour assurer une cuisine d\u00e9licieuse et un espace de repos confortable et relaxant pour vous et votre famille. L&rsquo;installation de montage de tente est \u00e9galement disponible pour ceux qui aiment l&rsquo;aventure et le romantisme. <\/p>\n","protected":false},"featured_media":0,"comment_status":"open","ping_status":"closed","template":"","meta":{"_acf_changed":false},"product_brand":[],"product_cat":[139],"product_tag":[39],"class_list":{"0":"post-12077","1":"product","2":"type-product","3":"status-publish","5":"product_cat-diving-gear","6":"product_tag-gear","7":"clearfix","8":"hentry","10":"first","11":"instock","12":"shipping-taxable","13":"product-type-simple"},"acf":[],"_links":{"self":[{"href":"https:\/\/blueplanetdivers.net\/fr\/wp-json\/wp\/v2\/product\/12077","targetHints":{"allow":["GET"]}}],"collection":[{"href":"https:\/\/blueplanetdivers.net\/fr\/wp-json\/wp\/v2\/product"}],"about":[{"href":"https:\/\/blueplanetdivers.net\/fr\/wp-json\/wp\/v2\/types\/product"}],"replies":[{"embeddable":true,"href":"https:\/\/blueplanetdivers.net\/fr\/wp-json\/wp\/v2\/comments?post=12077"}],"wp:attachment":[{"href":"https:\/\/blueplanetdivers.net\/fr\/wp-json\/wp\/v2\/media?parent=12077"}],"wp:term":[{"taxonomy":"product_brand","embeddable":true,"href":"https:\/\/blueplanetdivers.net\/fr\/wp-json\/wp\/v2\/product_brand?post=12077"},{"taxonomy":"product_cat","embeddable":true,"href":"https:\/\/blueplanetdivers.net\/fr\/wp-json\/wp\/v2\/product_cat?post=12077"},{"taxonomy":"product_tag","embeddable":true,"href":"https:\/\/blueplanetdivers.net\/fr\/wp-json\/wp\/v2\/product_tag?post=12077"}],"curies":[{"name":"wp","href":"https:\/\/api.w.org\/{rel}","templated":true}]}}