{"id":12433,"date":"2021-10-12T09:56:09","date_gmt":"2021-10-12T02:56:09","guid":{"rendered":"https:\/\/new.blueplanetdivers.net\/shop\/non%20class\u00e9\/retrousser\/"},"modified":"2021-10-12T09:56:11","modified_gmt":"2021-10-12T02:56:11","slug":"retrousser","status":"publish","type":"product","link":"https:\/\/blueplanetdivers.net\/fr\/shop\/beach-accesories\/retrousser\/","title":{"rendered":"Retrousser"},"content":{"rendered":"<p>Nous avons non seulement les \u00e9quipements de base et quelques commodit\u00e9s luxueuses dans nos chambres \u00e9conomiques pour rendre votre s\u00e9jour agr\u00e9able et confortable, mais nous avons \u00e9galement notre propre gamme de services de restauration pour que vous puissiez profiter d&rsquo;une cuisine de classe mondiale de tous les go\u00fbts internationaux pour vous mettre en app\u00e9tit et vous d\u00e9lecter. dedans. Avec notre cuisine 24h\/24 et 7j\/7, vous pourrez chouchouter vos papilles \u00e0 tout moment. Contactez-nous au plus t\u00f4t pour vivre la meilleure exp\u00e9rience de navigation.<\/p>\n","protected":false},"excerpt":{"rendered":"<p>Pour faire de votre s\u00e9jour l&rsquo;exp\u00e9rience la plus agr\u00e9able de votre vie, nous proposons une gamme de chambres allant des chambres \u00e9conomiques aux condominiums cinq \u00e9toiles sur la plage. Nous avons \u00e9galement un accord avec un certain nombre d&rsquo;h\u00f4tels \u00e0 proximit\u00e9 pour nous assurer que vous b\u00e9n\u00e9ficiez de l&rsquo;offre la plus \u00e9tonnante et la plus \u00e9conomique qui soit. La plupart des h\u00f4tels et condominiums sont \u00e0 seulement 5 \u00e0 10 minutes \u00e0 pied de notre centre avec quelques-uns situ\u00e9s juste \u00e0 l&rsquo;int\u00e9rieur de notre centre.<\/p>\n","protected":false},"featured_media":0,"comment_status":"open","ping_status":"closed","template":"","meta":{"_acf_changed":false},"product_brand":[],"product_cat":[36],"product_tag":[44],"class_list":{"0":"post-12433","1":"product","2":"type-product","3":"status-publish","5":"product_cat-beach-accesories","6":"product_tag-towel","7":"clearfix","8":"hentry","10":"first","11":"instock","12":"shipping-taxable","13":"product-type-simple"},"acf":[],"_links":{"self":[{"href":"https:\/\/blueplanetdivers.net\/fr\/wp-json\/wp\/v2\/product\/12433","targetHints":{"allow":["GET"]}}],"collection":[{"href":"https:\/\/blueplanetdivers.net\/fr\/wp-json\/wp\/v2\/product"}],"about":[{"href":"https:\/\/blueplanetdivers.net\/fr\/wp-json\/wp\/v2\/types\/product"}],"replies":[{"embeddable":true,"href":"https:\/\/blueplanetdivers.net\/fr\/wp-json\/wp\/v2\/comments?post=12433"}],"wp:attachment":[{"href":"https:\/\/blueplanetdivers.net\/fr\/wp-json\/wp\/v2\/media?parent=12433"}],"wp:term":[{"taxonomy":"product_brand","embeddable":true,"href":"https:\/\/blueplanetdivers.net\/fr\/wp-json\/wp\/v2\/product_brand?post=12433"},{"taxonomy":"product_cat","embeddable":true,"href":"https:\/\/blueplanetdivers.net\/fr\/wp-json\/wp\/v2\/product_cat?post=12433"},{"taxonomy":"product_tag","embeddable":true,"href":"https:\/\/blueplanetdivers.net\/fr\/wp-json\/wp\/v2\/product_tag?post=12433"}],"curies":[{"name":"wp","href":"https:\/\/api.w.org\/{rel}","templated":true}]}}