{"id":12941,"date":"2021-10-12T10:01:10","date_gmt":"2021-10-12T03:01:10","guid":{"rendered":"https:\/\/new.blueplanetdivers.net\/shop\/non%20class\u00e9\/masque-de-plongee\/"},"modified":"2021-10-12T10:01:12","modified_gmt":"2021-10-12T03:01:12","slug":"masque-de-plongee","status":"publish","type":"product","link":"https:\/\/blueplanetdivers.net\/fr\/shop\/snorkel-gear\/masque-de-plongee\/","title":{"rendered":"Masque de plong\u00e9e"},"content":{"rendered":"<p>Nos cours sont disponibles pour les niveaux d\u00e9butants et avanc\u00e9s. Pour les d\u00e9butants, nous avons un cours d&rsquo;introduction ainsi qu&rsquo;un cours complet. Le cours d&rsquo;initiation pour d\u00e9butants comprend une heure de coaching et une heure de pratique le matin avec une location extr\u00eamement modique pour les \u00e9quipements. La dur\u00e9e totale du cours est de 3 jours. Pour le cours complet d\u00e9butant, la dur\u00e9e est de 6 jours avec une heure de coaching et 2 heures de pratique par jour. La le\u00e7on avanc\u00e9e comprend 3 heures de coaching et 3 heures de pratique pendant 6 jours. Pour chaque classe, un minimum de 2 \u00e9tudiants est requis. Nous avons m\u00eame la possibilit\u00e9 d&rsquo;un coaching priv\u00e9 avec un suppl\u00e9ment de 15%. <\/p>\n","protected":false},"excerpt":{"rendered":"<p>Nos cours sont disponibles pour les niveaux d\u00e9butants et avanc\u00e9s. Pour les d\u00e9butants, nous avons un cours d&rsquo;introduction ainsi qu&rsquo;un cours complet. Le cours d&rsquo;initiation pour d\u00e9butants comprend une heure de coaching et une heure de pratique le matin avec une location extr\u00eamement modique pour les \u00e9quipements. La dur\u00e9e totale du cours est de 3 &hellip;<\/p>\n","protected":false},"featured_media":0,"comment_status":"open","ping_status":"closed","template":"","meta":{"_acf_changed":false},"product_brand":[],"product_cat":[138],"product_tag":[41],"class_list":{"0":"post-12941","1":"product","2":"type-product","3":"status-publish","5":"product_cat-snorkel-gear","6":"product_tag-snorkel","7":"clearfix","8":"hentry","10":"first","11":"instock","12":"shipping-taxable","13":"product-type-simple"},"acf":[],"_links":{"self":[{"href":"https:\/\/blueplanetdivers.net\/fr\/wp-json\/wp\/v2\/product\/12941","targetHints":{"allow":["GET"]}}],"collection":[{"href":"https:\/\/blueplanetdivers.net\/fr\/wp-json\/wp\/v2\/product"}],"about":[{"href":"https:\/\/blueplanetdivers.net\/fr\/wp-json\/wp\/v2\/types\/product"}],"replies":[{"embeddable":true,"href":"https:\/\/blueplanetdivers.net\/fr\/wp-json\/wp\/v2\/comments?post=12941"}],"wp:attachment":[{"href":"https:\/\/blueplanetdivers.net\/fr\/wp-json\/wp\/v2\/media?parent=12941"}],"wp:term":[{"taxonomy":"product_brand","embeddable":true,"href":"https:\/\/blueplanetdivers.net\/fr\/wp-json\/wp\/v2\/product_brand?post=12941"},{"taxonomy":"product_cat","embeddable":true,"href":"https:\/\/blueplanetdivers.net\/fr\/wp-json\/wp\/v2\/product_cat?post=12941"},{"taxonomy":"product_tag","embeddable":true,"href":"https:\/\/blueplanetdivers.net\/fr\/wp-json\/wp\/v2\/product_tag?post=12941"}],"curies":[{"name":"wp","href":"https:\/\/api.w.org\/{rel}","templated":true}]}}